{"id":23269,"date":"2020-06-30T22:09:19","date_gmt":"2020-06-30T20:09:19","guid":{"rendered":"http:\/\/shop.heliocos.de\/produkt\/non%20class\u00e9\/vis-de-pilier-de-laboratoire-9\/"},"modified":"2021-05-26T12:38:20","modified_gmt":"2021-05-26T10:38:20","slug":"vis-de-pilier-de-laboratoire-pour-straumann-bone-level","status":"publish","type":"product","link":"https:\/\/shop.heliocos.de\/fr\/produit\/straumann-fr-2\/bone-level-fr\/vis-de-pilier-de-laboratoire-pour-straumann-bone-level\/","title":{"rendered":"Vis\u00a0de pilier de\u00a0laboratoire pour Straumann\u00ae \u2013 Bone Level"},"content":{"rendered":"<p>Vis de pilier de laboratoire en titane 5 avec Torx\u00ae adapt\u00e9 pour Heliocos SM-BL. Les instruments originaux sont \u00e9galement compatibles. Le produit est livr\u00e9 non st\u00e9rile.<\/p>\n<p><strong>Les vis de laboratoire et de pilier Heliocos ne peuvent \u00eatre combin\u00e9es qu&rsquo;avec les piliers Heliocos. Ne pas combiner avec les piliers d&rsquo;autres fabricants.<\/strong><\/p>\n","protected":false},"excerpt":{"rendered":"<p>Vis de pilier de laboratoire en titane 5 avec Torx\u00ae adapt\u00e9 pour Heliocos SM-BL. Les instruments originaux sont \u00e9galement compatibles. Le produit est livr\u00e9 non st\u00e9rile. Les vis de laboratoire et de pilier Heliocos ne peuvent \u00eatre combin\u00e9es qu&rsquo;avec les piliers Heliocos. Ne pas combiner avec les piliers d&rsquo;autres fabricants.<\/p>\n","protected":false},"featured_media":23270,"template":"","meta":[],"product_brand":[],"product_cat":[246],"product_tag":[261],"class_list":{"0":"post-23269","1":"product","2":"type-product","3":"status-publish","4":"has-post-thumbnail","6":"product_cat-bone-level-fr","7":"product_tag-vis-de-laboratoire","9":"first","10":"instock","11":"taxable","12":"shipping-taxable","13":"purchasable","14":"product-type-simple"},"_links":{"self":[{"href":"https:\/\/shop.heliocos.de\/fr\/wp-json\/wp\/v2\/product\/23269","targetHints":{"allow":["GET"]}}],"collection":[{"href":"https:\/\/shop.heliocos.de\/fr\/wp-json\/wp\/v2\/product"}],"about":[{"href":"https:\/\/shop.heliocos.de\/fr\/wp-json\/wp\/v2\/types\/product"}],"wp:featuredmedia":[{"embeddable":true,"href":"https:\/\/shop.heliocos.de\/fr\/wp-json\/wp\/v2\/media\/23270"}],"wp:attachment":[{"href":"https:\/\/shop.heliocos.de\/fr\/wp-json\/wp\/v2\/media?parent=23269"}],"wp:term":[{"taxonomy":"product_brand","embeddable":true,"href":"https:\/\/shop.heliocos.de\/fr\/wp-json\/wp\/v2\/product_brand?post=23269"},{"taxonomy":"product_cat","embeddable":true,"href":"https:\/\/shop.heliocos.de\/fr\/wp-json\/wp\/v2\/product_cat?post=23269"},{"taxonomy":"product_tag","embeddable":true,"href":"https:\/\/shop.heliocos.de\/fr\/wp-json\/wp\/v2\/product_tag?post=23269"}],"curies":[{"name":"wp","href":"https:\/\/api.w.org\/{rel}","templated":true}]}}