{"id":23229,"date":"2020-06-30T22:10:16","date_gmt":"2020-06-30T20:10:16","guid":{"rendered":"http:\/\/shop.heliocos.de\/produkt\/non%20class\u00e9\/vis-de-pilier-de-laboratoire-5\/"},"modified":"2021-05-27T10:12:51","modified_gmt":"2021-05-27T08:12:51","slug":"vis-de-pilier-de-laboratoire-pour-dentsply-xive-s","status":"publish","type":"product","link":"https:\/\/shop.heliocos.de\/fr\/produit\/dentsply-fr\/xive-s-fr\/vis-de-pilier-de-laboratoire-pour-dentsply-xive-s\/","title":{"rendered":"Vis\u00a0de pilier de\u00a0laboratoire pour Dentsply\u00ae \u2013 Xive\u00ae S"},"content":{"rendered":"<p>Vis de pilier de laboratoire en titane 5 avec Hex 1.26 adapt\u00e9 pour Heliocos ZMB. Les instruments originaux sont \u00e9galement compatibles. Le produit est livr\u00e9 non st\u00e9rile.<\/p>\n<p><strong>Les vis de laboratoire et de pilier Heliocos ne peuvent \u00eatre combin\u00e9es qu&rsquo;avec les piliers Heliocos. Ne pas combiner avec les piliers d&rsquo;autres fabricants.<\/strong><\/p>\n","protected":false},"excerpt":{"rendered":"<p>Vis de pilier de laboratoire en titane 5 avec Hex 1.26 adapt\u00e9 pour Heliocos ZMB. Les instruments originaux sont \u00e9galement compatibles. Le produit est livr\u00e9 non st\u00e9rile. Les vis de laboratoire et de pilier Heliocos ne peuvent \u00eatre combin\u00e9es qu&rsquo;avec les piliers Heliocos. Ne pas combiner avec les piliers d&rsquo;autres fabricants.<\/p>\n","protected":false},"featured_media":23230,"template":"","meta":[],"product_brand":[],"product_cat":[229],"product_tag":[261],"class_list":{"0":"post-23229","1":"product","2":"type-product","3":"status-publish","4":"has-post-thumbnail","6":"product_cat-xive-s-fr","7":"product_tag-vis-de-laboratoire","9":"first","10":"instock","11":"taxable","12":"shipping-taxable","13":"purchasable","14":"product-type-simple"},"_links":{"self":[{"href":"https:\/\/shop.heliocos.de\/fr\/wp-json\/wp\/v2\/product\/23229","targetHints":{"allow":["GET"]}}],"collection":[{"href":"https:\/\/shop.heliocos.de\/fr\/wp-json\/wp\/v2\/product"}],"about":[{"href":"https:\/\/shop.heliocos.de\/fr\/wp-json\/wp\/v2\/types\/product"}],"wp:featuredmedia":[{"embeddable":true,"href":"https:\/\/shop.heliocos.de\/fr\/wp-json\/wp\/v2\/media\/23230"}],"wp:attachment":[{"href":"https:\/\/shop.heliocos.de\/fr\/wp-json\/wp\/v2\/media?parent=23229"}],"wp:term":[{"taxonomy":"product_brand","embeddable":true,"href":"https:\/\/shop.heliocos.de\/fr\/wp-json\/wp\/v2\/product_brand?post=23229"},{"taxonomy":"product_cat","embeddable":true,"href":"https:\/\/shop.heliocos.de\/fr\/wp-json\/wp\/v2\/product_cat?post=23229"},{"taxonomy":"product_tag","embeddable":true,"href":"https:\/\/shop.heliocos.de\/fr\/wp-json\/wp\/v2\/product_tag?post=23229"}],"curies":[{"name":"wp","href":"https:\/\/api.w.org\/{rel}","templated":true}]}}