{"id":23227,"date":"2020-06-30T22:10:17","date_gmt":"2020-06-30T20:10:17","guid":{"rendered":"http:\/\/shop.heliocos.de\/produkt\/non%20class\u00e9\/vis-de-pilier-4\/"},"modified":"2021-05-27T12:31:12","modified_gmt":"2021-05-27T10:31:12","slug":"vis-de-pilier-pour-dentsply-xive-s","status":"publish","type":"product","link":"https:\/\/shop.heliocos.de\/fr\/produit\/dentsply-fr\/xive-s-fr\/vis-de-pilier-pour-dentsply-xive-s\/","title":{"rendered":"Vis de pilier pour Dentsply\u00ae \u2013 Xive\u00ae S"},"content":{"rendered":"<p>Vis de pilier en titane 5 avec Hex 1.22 adapt\u00e9 pour Heliocos FX. Les instruments originaux sont \u00e9galement compatibles. Le produit est livr\u00e9 non st\u00e9rile.<\/p>\n<p><strong>Les vis de laboratoire et de pilier Heliocos ne peuvent \u00eatre combin\u00e9es qu&rsquo;avec les piliers Heliocos. Ne pas combiner avec les piliers d&rsquo;autres fabricants.<\/strong><\/p>\n","protected":false},"excerpt":{"rendered":"<p>Vis de pilier en titane 5 avec Hex 1.22 adapt\u00e9 pour Heliocos FX. Les instruments originaux sont \u00e9galement compatibles. Le produit est livr\u00e9 non st\u00e9rile. Les vis de laboratoire et de pilier Heliocos ne peuvent \u00eatre combin\u00e9es qu&rsquo;avec les piliers Heliocos. Ne pas combiner avec les piliers d&rsquo;autres fabricants.<\/p>\n","protected":false},"featured_media":23228,"template":"","meta":[],"product_brand":[],"product_cat":[229],"product_tag":[252],"class_list":{"0":"post-23227","1":"product","2":"type-product","3":"status-publish","4":"has-post-thumbnail","6":"product_cat-xive-s-fr","7":"product_tag-vis-de-pilier","9":"first","10":"outofstock","11":"taxable","12":"shipping-taxable","13":"purchasable","14":"product-type-simple"},"_links":{"self":[{"href":"https:\/\/shop.heliocos.de\/fr\/wp-json\/wp\/v2\/product\/23227","targetHints":{"allow":["GET"]}}],"collection":[{"href":"https:\/\/shop.heliocos.de\/fr\/wp-json\/wp\/v2\/product"}],"about":[{"href":"https:\/\/shop.heliocos.de\/fr\/wp-json\/wp\/v2\/types\/product"}],"wp:featuredmedia":[{"embeddable":true,"href":"https:\/\/shop.heliocos.de\/fr\/wp-json\/wp\/v2\/media\/23228"}],"wp:attachment":[{"href":"https:\/\/shop.heliocos.de\/fr\/wp-json\/wp\/v2\/media?parent=23227"}],"wp:term":[{"taxonomy":"product_brand","embeddable":true,"href":"https:\/\/shop.heliocos.de\/fr\/wp-json\/wp\/v2\/product_brand?post=23227"},{"taxonomy":"product_cat","embeddable":true,"href":"https:\/\/shop.heliocos.de\/fr\/wp-json\/wp\/v2\/product_cat?post=23227"},{"taxonomy":"product_tag","embeddable":true,"href":"https:\/\/shop.heliocos.de\/fr\/wp-json\/wp\/v2\/product_tag?post=23227"}],"curies":[{"name":"wp","href":"https:\/\/api.w.org\/{rel}","templated":true}]}}