{"id":23113,"date":"2020-06-30T22:09:57","date_gmt":"2020-06-30T20:09:57","guid":{"rendered":"http:\/\/shop.heliocos.de\/produkt\/non%20class\u00e9\/analogue-dimplant-11\/"},"modified":"2020-11-13T14:39:35","modified_gmt":"2020-11-13T13:39:35","slug":"analogue-dimplant-11","status":"publish","type":"product","link":"https:\/\/shop.heliocos.de\/fr\/produit\/dentsply-fr\/astra-tech-osseospeed-tx-fr\/analogue-dimplant-11\/","title":{"rendered":"Analogue d&rsquo;implant pour Astra Tech\u00ae OsseoSpeed\u00ae TX"},"content":{"rendered":"<p>Analogue de laboratoire adapt\u00e9 aux piliers Dentsply\u00ae &#8211; Astra Tech\u00ae OsseoSpeed\u00ae TX. Les analogues sont cod\u00e9s par couleur, vous pouvez donc facilement diff\u00e9rencier et attribuer les produits. Chaque analogue de laboratoire mesure 12 mm de long, ce qui facilite son utilisation.<\/p>\n<p>Tous les analogues de laboratoire sont fabriqu\u00e9s \u00e0 partir d&rsquo;un alliage de titane. Le code couleur correspond \u00e0 celui de l&rsquo;Astra Tech\u00ae OsseoSpeed\u00ae TX.<\/p>\n<p>Profitez du rapport qualit\u00e9-prix attractif des Heliocos Analogs, c&rsquo;est pourquoi nous proposons des prix \u00e9chelonn\u00e9s. Dans un paquet de 10, l&rsquo;analogue de laboratoire co\u00fbte 9 EUR chacun, dans un paquet de 30 l&rsquo;analogue de laboratoire co\u00fbte 8 EUR chacun.<\/p>\n<p>Vous pouvez \u00e9galement utiliser les analogues de laboratoire pour correspondre \u00e0 Astra Tech\u00ae OsseoSpeed\u00ae TX pour les mod\u00e8les imprim\u00e9s. Pour ce faire, t\u00e9l\u00e9chargez nos biblioth\u00e8ques. T\u00e9l\u00e9chargez les biblioth\u00e8ques pour votre flux de travail num\u00e9rique depuis Heliocos (T\u00e9l\u00e9chargements Heliocos).<\/p>\n","protected":false},"excerpt":{"rendered":"<p>Analogue de laboratoire adapt\u00e9 aux piliers Dentsply\u00ae &#8211; Astra Tech\u00ae OsseoSpeed\u00ae TX. Les analogues sont cod\u00e9s par couleur, vous pouvez donc facilement diff\u00e9rencier et attribuer les produits. Chaque analogue de laboratoire mesure 12 mm de long, ce qui facilite son utilisation. Tous les analogues de laboratoire sont fabriqu\u00e9s \u00e0 partir d&rsquo;un alliage de titane. Le [&hellip;]<\/p>\n","protected":false},"featured_media":23114,"template":"","meta":[],"product_brand":[],"product_cat":[192],"product_tag":[260],"class_list":{"0":"post-23113","1":"product","2":"type-product","3":"status-publish","4":"has-post-thumbnail","6":"product_cat-astra-tech-osseospeed-tx-fr","7":"product_tag-analogue-dimplant","9":"first","10":"instock","11":"taxable","12":"shipping-taxable","13":"purchasable","14":"product-type-variable","15":"rtwpvg-product"},"_links":{"self":[{"href":"https:\/\/shop.heliocos.de\/fr\/wp-json\/wp\/v2\/product\/23113","targetHints":{"allow":["GET"]}}],"collection":[{"href":"https:\/\/shop.heliocos.de\/fr\/wp-json\/wp\/v2\/product"}],"about":[{"href":"https:\/\/shop.heliocos.de\/fr\/wp-json\/wp\/v2\/types\/product"}],"wp:featuredmedia":[{"embeddable":true,"href":"https:\/\/shop.heliocos.de\/fr\/wp-json\/wp\/v2\/media\/23114"}],"wp:attachment":[{"href":"https:\/\/shop.heliocos.de\/fr\/wp-json\/wp\/v2\/media?parent=23113"}],"wp:term":[{"taxonomy":"product_brand","embeddable":true,"href":"https:\/\/shop.heliocos.de\/fr\/wp-json\/wp\/v2\/product_brand?post=23113"},{"taxonomy":"product_cat","embeddable":true,"href":"https:\/\/shop.heliocos.de\/fr\/wp-json\/wp\/v2\/product_cat?post=23113"},{"taxonomy":"product_tag","embeddable":true,"href":"https:\/\/shop.heliocos.de\/fr\/wp-json\/wp\/v2\/product_tag?post=23113"}],"curies":[{"name":"wp","href":"https:\/\/api.w.org\/{rel}","templated":true}]}}