{"id":23087,"date":"2020-06-30T22:09:58","date_gmt":"2020-06-30T20:09:58","guid":{"rendered":"http:\/\/shop.heliocos.de\/produkt\/non%20class\u00e9\/base-en-titane-8\/"},"modified":"2021-07-21T12:03:57","modified_gmt":"2021-07-21T10:03:57","slug":"base-en-titane-pour-astra-tech-osseospeed-tx","status":"publish","type":"product","link":"https:\/\/shop.heliocos.de\/fr\/produit\/dentsply-fr\/astra-tech-osseospeed-tx-fr\/base-en-titane-pour-astra-tech-osseospeed-tx\/","title":{"rendered":"Base en titane pour Astra Tech\u00ae OsseoSpeed\u00ae TX"},"content":{"rendered":"<p>Base en titane pour implants Dentsply\u00ae &#8211; Astra Tech\u00ae OsseoSpeed\u00ae TX. Utilisez la base en titane pour les couronnes viss\u00e9es occlusales. Vous pouvez choisir entre diff\u00e9rentes hauteurs de chemin\u00e9e, en fonction de la situation du patient. Vous pouvez \u00e9galement choisir si vous choisissez la base en titane avec ou sans index. Les bases en titane sans protection contre la rotation sont destin\u00e9es aux constructions \u00e0 barres et ponts.<\/p>\n<p>Les bases en titane sont constitu\u00e9es d&rsquo;un alliage de titane, ce qui garantit une excellente biocompatibilit\u00e9 et une r\u00e9sistance \u00e9lev\u00e9e. Les bases en titane Heliocos ont une excellente r\u00e9sistance \u00e0 la fatigue, ce qui signifie qu&rsquo;une restauration durable est obtenue. C&rsquo;est pourquoi nous offrons une garantie fabricant de 30 ans sur les bases en titane Heliocos.<\/p>\n<p>Utilisez le Scanbody for Astra Tech\u00ae OsseoSpeed\u00ae TX d&rsquo;Heliocos pour tirer pleinement parti de la cha\u00eene de processus CAO \/ FAO.<\/p>\n<p>Vous recevez les bases en titane avec une vis de pilier d\u00e9finitive. La vis de pilier est \u00e9galement en alliage de titane. Vous pouvez continuer \u00e0 utiliser vos instruments d&rsquo;origine ou des instruments Heliocos (tournevis hexagonal). La base en titane et la vis de pilier sont livr\u00e9es en kit. Pr\u00e9parez les pi\u00e8ces avant utilisation. Veuillez vous r\u00e9f\u00e9rer aux instructions Heliocos dans le mode d&#8217;emploi (T\u00e9l\u00e9chargements Heliocos).<\/p>\n","protected":false},"excerpt":{"rendered":"<p>Base en titane pour implants Dentsply\u00ae &#8211; Astra Tech\u00ae OsseoSpeed\u00ae TX. Utilisez la base en titane pour les couronnes viss\u00e9es occlusales. Vous pouvez choisir entre diff\u00e9rentes hauteurs de chemin\u00e9e, en fonction de la situation du patient. Vous pouvez \u00e9galement choisir si vous choisissez la base en titane avec ou sans index. Les bases en titane [&hellip;]<\/p>\n","protected":false},"featured_media":23088,"template":"","meta":[],"product_brand":[],"product_cat":[192],"product_tag":[266],"class_list":{"0":"post-23087","1":"product","2":"type-product","3":"status-publish","4":"has-post-thumbnail","6":"product_cat-astra-tech-osseospeed-tx-fr","7":"product_tag-base-en-titane","9":"first","10":"instock","11":"taxable","12":"shipping-taxable","13":"purchasable","14":"product-type-variable","15":"rtwpvg-product"},"_links":{"self":[{"href":"https:\/\/shop.heliocos.de\/fr\/wp-json\/wp\/v2\/product\/23087","targetHints":{"allow":["GET"]}}],"collection":[{"href":"https:\/\/shop.heliocos.de\/fr\/wp-json\/wp\/v2\/product"}],"about":[{"href":"https:\/\/shop.heliocos.de\/fr\/wp-json\/wp\/v2\/types\/product"}],"wp:featuredmedia":[{"embeddable":true,"href":"https:\/\/shop.heliocos.de\/fr\/wp-json\/wp\/v2\/media\/23088"}],"wp:attachment":[{"href":"https:\/\/shop.heliocos.de\/fr\/wp-json\/wp\/v2\/media?parent=23087"}],"wp:term":[{"taxonomy":"product_brand","embeddable":true,"href":"https:\/\/shop.heliocos.de\/fr\/wp-json\/wp\/v2\/product_brand?post=23087"},{"taxonomy":"product_cat","embeddable":true,"href":"https:\/\/shop.heliocos.de\/fr\/wp-json\/wp\/v2\/product_cat?post=23087"},{"taxonomy":"product_tag","embeddable":true,"href":"https:\/\/shop.heliocos.de\/fr\/wp-json\/wp\/v2\/product_tag?post=23087"}],"curies":[{"name":"wp","href":"https:\/\/api.w.org\/{rel}","templated":true}]}}