{"id":23022,"date":"2020-06-30T22:10:17","date_gmt":"2020-06-30T20:10:17","guid":{"rendered":"http:\/\/shop.heliocos.de\/produkt\/non%20class\u00e9\/analogue-dimplant-9\/"},"modified":"2020-11-17T11:22:39","modified_gmt":"2020-11-17T10:22:39","slug":"analogue-dimplant-9","status":"publish","type":"product","link":"https:\/\/shop.heliocos.de\/fr\/produit\/dentsply-fr\/xive-s-fr\/analogue-dimplant-9\/","title":{"rendered":"Analogue d&rsquo;implant pour Dentsply\u00ae \u2013 Xive\u00ae S"},"content":{"rendered":"<p>Analogue de laboratoire adapt\u00e9 aux piliers Dentsply\u00ae &#8211; Xive\u00ae S. Les analogues sont cod\u00e9s par couleur, vous pouvez donc facilement diff\u00e9rencier et attribuer les produits. Chaque analogue de laboratoire mesure 12 mm de long, ce qui facilite son utilisation.<\/p>\n<p>Tous les analogues de laboratoire sont fabriqu\u00e9s \u00e0 partir d&rsquo;un alliage de titane. Le code couleur correspond \u00e0 celui de Dentsply\u00ae &#8211; Xive\u00ae S.<\/p>\n<p>Profitez du rapport qualit\u00e9-prix attractif des Heliocos Analogs, c&rsquo;est pourquoi nous proposons des prix \u00e9chelonn\u00e9s. Dans un paquet de 10, l&rsquo;analogue de laboratoire co\u00fbte 9 EUR chacun, dans un paquet de 30 l&rsquo;analogue de laboratoire co\u00fbte 8 EUR chacun.<\/p>\n<p>Utilisez les analogues de laboratoire adapt\u00e9s \u00e0 Dentsply\u00ae &#8211; Xive\u00ae S \u00e9galement pour les mod\u00e8les imprim\u00e9s. Pour ce faire, t\u00e9l\u00e9chargez nos biblioth\u00e8ques. T\u00e9l\u00e9chargez les biblioth\u00e8ques pour votre flux de travail num\u00e9rique depuis Heliocos (T\u00e9l\u00e9chargements Heliocos).<\/p>\n","protected":false},"excerpt":{"rendered":"<p>Analogue de laboratoire adapt\u00e9 aux piliers Dentsply\u00ae &#8211; Xive\u00ae S. Les analogues sont cod\u00e9s par couleur, vous pouvez donc facilement diff\u00e9rencier et attribuer les produits. Chaque analogue de laboratoire mesure 12 mm de long, ce qui facilite son utilisation. Tous les analogues de laboratoire sont fabriqu\u00e9s \u00e0 partir d&rsquo;un alliage de titane. Le code couleur [&hellip;]<\/p>\n","protected":false},"featured_media":25605,"template":"","meta":[],"product_brand":[],"product_cat":[229],"product_tag":[260],"class_list":{"0":"post-23022","1":"product","2":"type-product","3":"status-publish","4":"has-post-thumbnail","6":"product_cat-xive-s-fr","7":"product_tag-analogue-dimplant","9":"first","10":"instock","11":"taxable","12":"shipping-taxable","13":"purchasable","14":"product-type-variable","15":"rtwpvg-product"},"_links":{"self":[{"href":"https:\/\/shop.heliocos.de\/fr\/wp-json\/wp\/v2\/product\/23022","targetHints":{"allow":["GET"]}}],"collection":[{"href":"https:\/\/shop.heliocos.de\/fr\/wp-json\/wp\/v2\/product"}],"about":[{"href":"https:\/\/shop.heliocos.de\/fr\/wp-json\/wp\/v2\/types\/product"}],"wp:featuredmedia":[{"embeddable":true,"href":"https:\/\/shop.heliocos.de\/fr\/wp-json\/wp\/v2\/media\/25605"}],"wp:attachment":[{"href":"https:\/\/shop.heliocos.de\/fr\/wp-json\/wp\/v2\/media?parent=23022"}],"wp:term":[{"taxonomy":"product_brand","embeddable":true,"href":"https:\/\/shop.heliocos.de\/fr\/wp-json\/wp\/v2\/product_brand?post=23022"},{"taxonomy":"product_cat","embeddable":true,"href":"https:\/\/shop.heliocos.de\/fr\/wp-json\/wp\/v2\/product_cat?post=23022"},{"taxonomy":"product_tag","embeddable":true,"href":"https:\/\/shop.heliocos.de\/fr\/wp-json\/wp\/v2\/product_tag?post=23022"}],"curies":[{"name":"wp","href":"https:\/\/api.w.org\/{rel}","templated":true}]}}