{"id":23004,"date":"2020-06-30T22:10:17","date_gmt":"2020-06-30T20:10:17","guid":{"rendered":"http:\/\/shop.heliocos.de\/produkt\/non%20class\u00e9\/pilier-droit-6\/"},"modified":"2020-11-17T11:39:35","modified_gmt":"2020-11-17T10:39:35","slug":"pilier-droit-6","status":"publish","type":"product","link":"https:\/\/shop.heliocos.de\/fr\/produit\/dentsply-fr\/xive-s-fr\/pilier-droit-6\/","title":{"rendered":"Pilier droit pour Dentsply\u00ae \u2013 Xive\u00ae S"},"content":{"rendered":"<p>Pilier droit pour implants Dentsply\u00ae &#8211; Xive\u00ae S. Le pilier droit est en alliage de titane. Cela garantit une excellente biocompatibilit\u00e9 et une r\u00e9sistance \u00e9lev\u00e9e. Les piliers sont destin\u00e9s \u00e0 une restauration ciment\u00e9e. Vous pouvez choisir parmi diff\u00e9rentes hauteurs gingivales (1 mm et 2,5 mm). Le pilier droit se caract\u00e9rise par une connexion de haute pr\u00e9cision. C&rsquo;est pourquoi nous accordons une garantie constructeur de 30 ans sur les piliers droits.<\/p>\n<p>Les piliers droits sont livr\u00e9s avec une vis de pilier d\u00e9finitive. La vis de pilier est \u00e9galement en alliage de titane. Vous pouvez continuer \u00e0 utiliser vos instruments d&rsquo;origine ou utiliser des instruments d&rsquo;Heliocos. Le pilier droit et la vis de pilier sont livr\u00e9s en kit. Pr\u00e9parez les pi\u00e8ces avant utilisation. Veuillez noter les instructions d&rsquo;Heliocos dans le mode d&#8217;emploi (T\u00e9l\u00e9chargements Heliocos).<\/p>\n<p>Vous pouvez \u00e9galement commander les instruments appropri\u00e9s pour les piliers droits adapt\u00e9s \u00e0 Dentsply\u00ae &#8211; Xive\u00ae S (tournevis hexagonal).<\/p>\n","protected":false},"excerpt":{"rendered":"<p>Pilier droit pour implants Dentsply\u00ae &#8211; Xive\u00ae S. Le pilier droit est en alliage de titane. Cela garantit une excellente biocompatibilit\u00e9 et une r\u00e9sistance \u00e9lev\u00e9e. Les piliers sont destin\u00e9s \u00e0 une restauration ciment\u00e9e. Vous pouvez choisir parmi diff\u00e9rentes hauteurs gingivales (1 mm et 2,5 mm). Le pilier droit se caract\u00e9rise par une connexion de haute [&hellip;]<\/p>\n","protected":false},"featured_media":23005,"template":"","meta":[],"product_brand":[],"product_cat":[229],"product_tag":[257],"class_list":{"0":"post-23004","1":"product","2":"type-product","3":"status-publish","4":"has-post-thumbnail","6":"product_cat-xive-s-fr","7":"product_tag-pilier-droit","9":"first","10":"instock","11":"taxable","12":"shipping-taxable","13":"purchasable","14":"product-type-variable","15":"rtwpvg-product"},"_links":{"self":[{"href":"https:\/\/shop.heliocos.de\/fr\/wp-json\/wp\/v2\/product\/23004","targetHints":{"allow":["GET"]}}],"collection":[{"href":"https:\/\/shop.heliocos.de\/fr\/wp-json\/wp\/v2\/product"}],"about":[{"href":"https:\/\/shop.heliocos.de\/fr\/wp-json\/wp\/v2\/types\/product"}],"wp:featuredmedia":[{"embeddable":true,"href":"https:\/\/shop.heliocos.de\/fr\/wp-json\/wp\/v2\/media\/23005"}],"wp:attachment":[{"href":"https:\/\/shop.heliocos.de\/fr\/wp-json\/wp\/v2\/media?parent=23004"}],"wp:term":[{"taxonomy":"product_brand","embeddable":true,"href":"https:\/\/shop.heliocos.de\/fr\/wp-json\/wp\/v2\/product_brand?post=23004"},{"taxonomy":"product_cat","embeddable":true,"href":"https:\/\/shop.heliocos.de\/fr\/wp-json\/wp\/v2\/product_cat?post=23004"},{"taxonomy":"product_tag","embeddable":true,"href":"https:\/\/shop.heliocos.de\/fr\/wp-json\/wp\/v2\/product_tag?post=23004"}],"curies":[{"name":"wp","href":"https:\/\/api.w.org\/{rel}","templated":true}]}}