{"id":22852,"date":"2020-06-30T22:09:26","date_gmt":"2020-06-30T20:09:26","guid":{"rendered":"http:\/\/shop.heliocos.de\/produkt\/non%20class\u00e9\/scanbody-11\/"},"modified":"2021-09-03T13:00:31","modified_gmt":"2021-09-03T11:00:31","slug":"corps-de-scannage-pour-straumann-tissue-level","status":"publish","type":"product","link":"https:\/\/shop.heliocos.de\/fr\/produit\/straumann-fr-2\/tissue-level-fr\/corps-de-scannage-pour-straumann-tissue-level\/","title":{"rendered":"Corps de scannage pour Straumann\u00ae \u2013 Tissue Level"},"content":{"rendered":"<p>Corps de scannage adapt\u00e9 pour Straumann\u00ae &#8211; Tissue Level. Le corps de scannage est en titane grade 4 et poss\u00e8de une anodisation sp\u00e9ciale.<\/p>\n<p>Vous pouvez retraiter le corps de scannage aussi souvent que vous le souhaitez. Vous recevez le corps de scannage non st\u00e9rile. Veuillez respecter les instructions Heliocos dans le mode d&#8217;emploi (<a href=\"https:\/\/www.heliocos.com\/downloads\">T\u00e9l\u00e9chargements Heliocos<\/a>).<\/p>\n<p>Vous recevez le corps de scannage avec une vis de pilier d\u00e9finitive, \u00e9galement en alliage de titane. Vous pouvez continuer \u00e0 utiliser vos instruments d&rsquo;origine ou des instruments d&rsquo;Heliocos (<a href=\"https:\/\/shop.heliocos.de\/de\/produkt\/instrumente\/straumann-instrumente\/eindrehinstrument-torx\/\">pilote Torx\u00ae<\/a>).<\/p>\n<p>Veuillez noter la disponibilit\u00e9 des biblioth\u00e8ques Heliocos dans la cha\u00eene de processus CAD \/ CAM. Vous pouvez t\u00e9l\u00e9charger les biblioth\u00e8ques depuis le site Web Heliocos (<a href=\"https:\/\/www.heliocos.com\/downloads\">T\u00e9l\u00e9chargements Heliocos<\/a>). En savoir plus sur les biblioth\u00e8ques disponibles et les exigences pour la cha\u00eene de processus CAO \/ FAO dans notre article de blog (<a href=\"https:\/\/www.heliocos.com\/blog\">blog Heliocos<\/a>).<\/p>\n<p>Si vous souhaitez cr\u00e9er des piliers individuels, vous devez utiliser nos corps de scannage. Que vous ayez des piliers individuels en une pi\u00e8ce ou des couronnes viss\u00e9es occlusalement.<\/p>\n","protected":false},"excerpt":{"rendered":"<p>Corps de scannage adapt\u00e9 pour Straumann\u00ae &#8211; Tissue Level. Le corps de scannage est en titane grade 4 et poss\u00e8de une anodisation sp\u00e9ciale. Vous pouvez retraiter le corps de scannage aussi souvent que vous le souhaitez. Vous recevez le corps de scannage non st\u00e9rile. Veuillez respecter les instructions Heliocos dans le mode d&#8217;emploi (T\u00e9l\u00e9chargements Heliocos). [&hellip;]<\/p>\n","protected":false},"featured_media":22853,"template":"","meta":[],"product_brand":[],"product_cat":[247],"product_tag":[265],"class_list":{"0":"post-22852","1":"product","2":"type-product","3":"status-publish","4":"has-post-thumbnail","6":"product_cat-tissue-level-fr","7":"product_tag-scanbody-fr","9":"first","10":"instock","11":"taxable","12":"shipping-taxable","13":"purchasable","14":"product-type-variable","15":"rtwpvg-product"},"_links":{"self":[{"href":"https:\/\/shop.heliocos.de\/fr\/wp-json\/wp\/v2\/product\/22852","targetHints":{"allow":["GET"]}}],"collection":[{"href":"https:\/\/shop.heliocos.de\/fr\/wp-json\/wp\/v2\/product"}],"about":[{"href":"https:\/\/shop.heliocos.de\/fr\/wp-json\/wp\/v2\/types\/product"}],"wp:featuredmedia":[{"embeddable":true,"href":"https:\/\/shop.heliocos.de\/fr\/wp-json\/wp\/v2\/media\/22853"}],"wp:attachment":[{"href":"https:\/\/shop.heliocos.de\/fr\/wp-json\/wp\/v2\/media?parent=22852"}],"wp:term":[{"taxonomy":"product_brand","embeddable":true,"href":"https:\/\/shop.heliocos.de\/fr\/wp-json\/wp\/v2\/product_brand?post=22852"},{"taxonomy":"product_cat","embeddable":true,"href":"https:\/\/shop.heliocos.de\/fr\/wp-json\/wp\/v2\/product_cat?post=22852"},{"taxonomy":"product_tag","embeddable":true,"href":"https:\/\/shop.heliocos.de\/fr\/wp-json\/wp\/v2\/product_tag?post=22852"}],"curies":[{"name":"wp","href":"https:\/\/api.w.org\/{rel}","templated":true}]}}