{"id":22793,"date":"2020-06-30T22:10:44","date_gmt":"2020-06-30T20:10:44","guid":{"rendered":"http:\/\/shop.heliocos.de\/produkt\/non%20class\u00e9\/scanbody-4\/"},"modified":"2021-07-20T10:57:03","modified_gmt":"2021-07-20T08:57:03","slug":"corps-de-scannage-pour-zimmer-dental","status":"publish","type":"product","link":"https:\/\/shop.heliocos.de\/fr\/produit\/zimmer-dental-fr\/tapered-screw-vent-fr\/corps-de-scannage-pour-zimmer-dental\/","title":{"rendered":"Corps de scannage pour Zimmer Dental\u00ae"},"content":{"rendered":"<p>Corps de scannage adapt\u00e9 pour Zimmer Dental\u00ae &#8211; Tapered Screw Vent\u00ae en titane grade 4 avec une anodisation sp\u00e9ciale.<\/p>\n<p>Vous pouvez retraiter le corps de scannage aussi souvent que vous le souhaitez. \u00c9tant donn\u00e9 que le corps de scannage est livr\u00e9 non st\u00e9rile, vous devez le pr\u00e9parer avant utilisation. Veuillez respecter les instructions Heliocos dans le mode d&#8217;emploi (<a href=\"https:\/\/www.heliocos.com\/downloads\">T\u00e9l\u00e9chargements Heliocos<\/a>).<\/p>\n<p>Vous recevez le corps de scannage sous forme de kit avec une vis de pilier d\u00e9finitive, \u00e9galement en alliage de titane. Vous pouvez continuer \u00e0 utiliser vos instruments d&rsquo;origine ou vous pouvez utiliser les instruments Heliocos (<a href=\"https:\/\/shop.heliocos.de\/fr\/produkt\/instrumente-fr\/tournevis-hex\/\">tournevis hexagonal<\/a>).<\/p>\n<p>Veuillez noter la disponibilit\u00e9 des biblioth\u00e8ques Heliocos dans la cha\u00eene de processus CAD \/ CAM. Vous pouvez t\u00e9l\u00e9charger les biblioth\u00e8ques depuis le site Web Heliocos (T\u00e9l\u00e9chargements Heliocos). En savoir plus sur les biblioth\u00e8ques disponibles et les exigences pour la cha\u00eene de processus CAO \/ FAO dans notre article de blog (<a href=\"https:\/\/www.heliocos.com\/blog\">blog Heliocos<\/a>).<\/p>\n<p>Si vous souhaitez concevoir des piliers individuels, vous devez utiliser nos corps de scannage. Que vous souhaitiez r\u00e9aliser des piliers individuels en une seule pi\u00e8ce ou des couronnes \u00e0 vissage occlusal.<\/p>\n","protected":false},"excerpt":{"rendered":"<p>Corps de scannage adapt\u00e9 pour Zimmer Dental\u00ae &#8211; Tapered Screw Vent\u00ae en titane grade 4 avec une anodisation sp\u00e9ciale. Vous pouvez retraiter le corps de scannage aussi souvent que vous le souhaitez. \u00c9tant donn\u00e9 que le corps de scannage est livr\u00e9 non st\u00e9rile, vous devez le pr\u00e9parer avant utilisation. Veuillez respecter les instructions Heliocos dans [&hellip;]<\/p>\n","protected":false},"featured_media":22794,"template":"","meta":[],"product_brand":[],"product_cat":[174],"product_tag":[265],"class_list":{"0":"post-22793","1":"product","2":"type-product","3":"status-publish","4":"has-post-thumbnail","6":"product_cat-tapered-screw-vent-fr","7":"product_tag-scanbody-fr","9":"first","10":"instock","11":"taxable","12":"shipping-taxable","13":"purchasable","14":"product-type-variable","15":"rtwpvg-product"},"_links":{"self":[{"href":"https:\/\/shop.heliocos.de\/fr\/wp-json\/wp\/v2\/product\/22793","targetHints":{"allow":["GET"]}}],"collection":[{"href":"https:\/\/shop.heliocos.de\/fr\/wp-json\/wp\/v2\/product"}],"about":[{"href":"https:\/\/shop.heliocos.de\/fr\/wp-json\/wp\/v2\/types\/product"}],"wp:featuredmedia":[{"embeddable":true,"href":"https:\/\/shop.heliocos.de\/fr\/wp-json\/wp\/v2\/media\/22794"}],"wp:attachment":[{"href":"https:\/\/shop.heliocos.de\/fr\/wp-json\/wp\/v2\/media?parent=22793"}],"wp:term":[{"taxonomy":"product_brand","embeddable":true,"href":"https:\/\/shop.heliocos.de\/fr\/wp-json\/wp\/v2\/product_brand?post=22793"},{"taxonomy":"product_cat","embeddable":true,"href":"https:\/\/shop.heliocos.de\/fr\/wp-json\/wp\/v2\/product_cat?post=22793"},{"taxonomy":"product_tag","embeddable":true,"href":"https:\/\/shop.heliocos.de\/fr\/wp-json\/wp\/v2\/product_tag?post=22793"}],"curies":[{"name":"wp","href":"https:\/\/api.w.org\/{rel}","templated":true}]}}