{"id":22606,"date":"2020-06-30T22:09:20","date_gmt":"2020-06-30T20:09:20","guid":{"rendered":"http:\/\/shop.heliocos.de\/produkt\/non%20class\u00e9\/pilier-dempreinte-8\/"},"modified":"2021-10-11T16:24:41","modified_gmt":"2021-10-11T14:24:41","slug":"pilier-dempreinte-8","status":"publish","type":"product","link":"https:\/\/shop.heliocos.de\/fr\/produit\/straumann-fr-2\/bone-level-fr\/pilier-dempreinte-8\/","title":{"rendered":"Pilier d&#8217;empreinte pour Straumann\u00ae \u2013 Bone Level"},"content":{"rendered":"<p>Pilier d&#8217;empreinte adapt\u00e9 \u00e0 Straumann\u00ae &#8211; Bone Level pour des impressions ouvertes.<\/p>\n<p>Les piliers d&#8217;empreinte sont en alliage de titane et ont une couleur anodis\u00e9e de haute qualit\u00e9, de sorte qu&rsquo;ils peuvent \u00eatre facilement attribu\u00e9s.<\/p>\n<p>Vous obtenez les piliers d&#8217;empreinte comme un ensemble avec une vis. Si n\u00e9cessaire, vous pouvez retraiter le poste d&#8217;empreinte aussi souvent que vous le souhaitez. Vous recevez le poste d&#8217;empreinte non st\u00e9rile, vous devez donc suivre les instructions de retraitement d&rsquo;Heliocos dans le mode d&#8217;emploi (T\u00e9l\u00e9chargements Heliocos).<\/p>\n<p>Vous ne devez pas retraiter les bouchons de repositionnement apr\u00e8s utilisation, afin de pouvoir les r\u00e9organiser.<\/p>\n","protected":false},"excerpt":{"rendered":"<p>Pilier d&#8217;empreinte adapt\u00e9 \u00e0 Straumann\u00ae &#8211; Bone Level pour des impressions ouvertes. Les piliers d&#8217;empreinte sont en alliage de titane et ont une couleur anodis\u00e9e de haute qualit\u00e9, de sorte qu&rsquo;ils peuvent \u00eatre facilement attribu\u00e9s. Vous obtenez les piliers d&#8217;empreinte comme un ensemble avec une vis. Si n\u00e9cessaire, vous pouvez retraiter le poste d&#8217;empreinte aussi [&hellip;]<\/p>\n","protected":false},"featured_media":22498,"template":"","meta":[],"product_brand":[],"product_cat":[246],"product_tag":[251],"class_list":{"0":"post-22606","1":"product","2":"type-product","3":"status-publish","4":"has-post-thumbnail","6":"product_cat-bone-level-fr","7":"product_tag-pilier-dempreinte","9":"first","10":"instock","11":"taxable","12":"shipping-taxable","13":"purchasable","14":"product-type-variable","15":"has-default-attributes","16":"rtwpvg-product"},"_links":{"self":[{"href":"https:\/\/shop.heliocos.de\/fr\/wp-json\/wp\/v2\/product\/22606","targetHints":{"allow":["GET"]}}],"collection":[{"href":"https:\/\/shop.heliocos.de\/fr\/wp-json\/wp\/v2\/product"}],"about":[{"href":"https:\/\/shop.heliocos.de\/fr\/wp-json\/wp\/v2\/types\/product"}],"wp:featuredmedia":[{"embeddable":true,"href":"https:\/\/shop.heliocos.de\/fr\/wp-json\/wp\/v2\/media\/22498"}],"wp:attachment":[{"href":"https:\/\/shop.heliocos.de\/fr\/wp-json\/wp\/v2\/media?parent=22606"}],"wp:term":[{"taxonomy":"product_brand","embeddable":true,"href":"https:\/\/shop.heliocos.de\/fr\/wp-json\/wp\/v2\/product_brand?post=22606"},{"taxonomy":"product_cat","embeddable":true,"href":"https:\/\/shop.heliocos.de\/fr\/wp-json\/wp\/v2\/product_cat?post=22606"},{"taxonomy":"product_tag","embeddable":true,"href":"https:\/\/shop.heliocos.de\/fr\/wp-json\/wp\/v2\/product_tag?post=22606"}],"curies":[{"name":"wp","href":"https:\/\/api.w.org\/{rel}","templated":true}]}}