{"id":22543,"date":"2020-06-30T22:10:16","date_gmt":"2020-06-30T20:10:16","guid":{"rendered":"http:\/\/shop.heliocos.de\/produkt\/non%20class\u00e9\/pilier-dempreinte-5\/"},"modified":"2021-10-11T16:40:43","modified_gmt":"2021-10-11T14:40:43","slug":"pilier-dempreinte-5","status":"publish","type":"product","link":"https:\/\/shop.heliocos.de\/fr\/produit\/dentsply-fr\/astra-tech-ev-fr\/pilier-dempreinte-5\/","title":{"rendered":"Pilier d&#8217;empreinte pour Astra Tech\u00ae EV\u2122"},"content":{"rendered":"<p>Piliers d&#8217;empreinte pour Dentsply\u00ae &#8211; Implants Astra Tech\u00ae EV \u2122 pour empreintes ouvertes.<\/p>\n<p>Les piliers d&#8217;empreinte sont fabriqu\u00e9s \u00e0 partir d&rsquo;un alliage de titane et sont cod\u00e9s par couleur, vous pouvez donc les attribuer facilement.<\/p>\n<p>Vous obtenez les piliers d&#8217;empreinte comme un ensemble avec une vis. Si n\u00e9cessaire, vous pouvez retraiter le poste d&#8217;empreinte aussi souvent que vous le souhaitez. Vous recevez la tige d&#8217;empreinte non st\u00e9rile, vous devez donc suivre les instructions de retraitement d&rsquo;Heliocos dans le mode d&#8217;emploi (T\u00e9l\u00e9chargements Heliocos).<\/p>\n<p>Vous n&rsquo;\u00eates pas autoris\u00e9 \u00e0 retraiter les bouchons de r\u00e9duction apr\u00e8s utilisation, vous pouvez donc les r\u00e9organiser.<\/p>\n","protected":false},"excerpt":{"rendered":"<p>Piliers d&#8217;empreinte pour Dentsply\u00ae &#8211; Implants Astra Tech\u00ae EV \u2122 pour empreintes ouvertes. Les piliers d&#8217;empreinte sont fabriqu\u00e9s \u00e0 partir d&rsquo;un alliage de titane et sont cod\u00e9s par couleur, vous pouvez donc les attribuer facilement. Vous obtenez les piliers d&#8217;empreinte comme un ensemble avec une vis. Si n\u00e9cessaire, vous pouvez retraiter le poste d&#8217;empreinte aussi [&hellip;]<\/p>\n","protected":false},"featured_media":22524,"template":"","meta":[],"product_brand":[],"product_cat":[228],"product_tag":[251],"class_list":{"0":"post-22543","1":"product","2":"type-product","3":"status-publish","4":"has-post-thumbnail","6":"product_cat-astra-tech-ev-fr","7":"product_tag-pilier-dempreinte","9":"first","10":"instock","11":"taxable","12":"shipping-taxable","13":"purchasable","14":"product-type-variable","15":"has-default-attributes","16":"rtwpvg-product"},"_links":{"self":[{"href":"https:\/\/shop.heliocos.de\/fr\/wp-json\/wp\/v2\/product\/22543","targetHints":{"allow":["GET"]}}],"collection":[{"href":"https:\/\/shop.heliocos.de\/fr\/wp-json\/wp\/v2\/product"}],"about":[{"href":"https:\/\/shop.heliocos.de\/fr\/wp-json\/wp\/v2\/types\/product"}],"wp:featuredmedia":[{"embeddable":true,"href":"https:\/\/shop.heliocos.de\/fr\/wp-json\/wp\/v2\/media\/22524"}],"wp:attachment":[{"href":"https:\/\/shop.heliocos.de\/fr\/wp-json\/wp\/v2\/media?parent=22543"}],"wp:term":[{"taxonomy":"product_brand","embeddable":true,"href":"https:\/\/shop.heliocos.de\/fr\/wp-json\/wp\/v2\/product_brand?post=22543"},{"taxonomy":"product_cat","embeddable":true,"href":"https:\/\/shop.heliocos.de\/fr\/wp-json\/wp\/v2\/product_cat?post=22543"},{"taxonomy":"product_tag","embeddable":true,"href":"https:\/\/shop.heliocos.de\/fr\/wp-json\/wp\/v2\/product_tag?post=22543"}],"curies":[{"name":"wp","href":"https:\/\/api.w.org\/{rel}","templated":true}]}}