{"id":22506,"date":"2020-06-30T22:10:56","date_gmt":"2020-06-30T20:10:56","guid":{"rendered":"http:\/\/shop.heliocos.de\/produkt\/non%20class\u00e9\/pilier-dempreinte-3\/"},"modified":"2021-10-11T16:42:10","modified_gmt":"2021-10-11T14:42:10","slug":"pilier-dempreinte-3","status":"publish","type":"product","link":"https:\/\/shop.heliocos.de\/fr\/produit\/biohorizons-fr\/internal-hex-fr\/pilier-dempreinte-3\/","title":{"rendered":"Pilier d&#8217;empreinte pour Biohorizons\u00ae"},"content":{"rendered":"<p>Piliers d&#8217;empreinte pour implants Biohorizons\u00ae pour empreintes ouvertes.<\/p>\n<p>Les piliers d&#8217;empreinte sont en alliage de titane et marqu\u00e9s au laser, vous pouvez donc les attribuer facilement.<\/p>\n<p>Vous obtenez les piliers d&#8217;empreinte comme un ensemble avec une vis. Si n\u00e9cessaire, vous pouvez retraiter le poste d&#8217;empreinte aussi souvent que vous le souhaitez. Vous recevez la tige d&#8217;empreinte non st\u00e9rile, vous devez donc suivre les instructions de retraitement d&rsquo;Heliocos dans le mode d&#8217;emploi (T\u00e9l\u00e9chargements Heliocos).<\/p>\n<p>Vous n&rsquo;\u00eates pas autoris\u00e9 \u00e0 retraiter les bouchons de r\u00e9duction apr\u00e8s utilisation, vous pouvez donc les r\u00e9organiser.<\/p>\n","protected":false},"excerpt":{"rendered":"<p>Piliers d&#8217;empreinte pour implants Biohorizons\u00ae pour empreintes ouvertes. Les piliers d&#8217;empreinte sont en alliage de titane et marqu\u00e9s au laser, vous pouvez donc les attribuer facilement. Vous obtenez les piliers d&#8217;empreinte comme un ensemble avec une vis. Si n\u00e9cessaire, vous pouvez retraiter le poste d&#8217;empreinte aussi souvent que vous le souhaitez. Vous recevez la tige [&hellip;]<\/p>\n","protected":false},"featured_media":22504,"template":"","meta":[],"product_brand":[],"product_cat":[176],"product_tag":[251],"class_list":{"0":"post-22506","1":"product","2":"type-product","3":"status-publish","4":"has-post-thumbnail","6":"product_cat-internal-hex-fr","7":"product_tag-pilier-dempreinte","9":"first","10":"instock","11":"taxable","12":"shipping-taxable","13":"purchasable","14":"product-type-variable","15":"has-default-attributes","16":"rtwpvg-product"},"_links":{"self":[{"href":"https:\/\/shop.heliocos.de\/fr\/wp-json\/wp\/v2\/product\/22506","targetHints":{"allow":["GET"]}}],"collection":[{"href":"https:\/\/shop.heliocos.de\/fr\/wp-json\/wp\/v2\/product"}],"about":[{"href":"https:\/\/shop.heliocos.de\/fr\/wp-json\/wp\/v2\/types\/product"}],"wp:featuredmedia":[{"embeddable":true,"href":"https:\/\/shop.heliocos.de\/fr\/wp-json\/wp\/v2\/media\/22504"}],"wp:attachment":[{"href":"https:\/\/shop.heliocos.de\/fr\/wp-json\/wp\/v2\/media?parent=22506"}],"wp:term":[{"taxonomy":"product_brand","embeddable":true,"href":"https:\/\/shop.heliocos.de\/fr\/wp-json\/wp\/v2\/product_brand?post=22506"},{"taxonomy":"product_cat","embeddable":true,"href":"https:\/\/shop.heliocos.de\/fr\/wp-json\/wp\/v2\/product_cat?post=22506"},{"taxonomy":"product_tag","embeddable":true,"href":"https:\/\/shop.heliocos.de\/fr\/wp-json\/wp\/v2\/product_tag?post=22506"}],"curies":[{"name":"wp","href":"https:\/\/api.w.org\/{rel}","templated":true}]}}