{"id":22301,"date":"2020-06-30T22:09:51","date_gmt":"2020-06-30T20:09:51","guid":{"rendered":"http:\/\/shop.heliocos.de\/produkt\/non%20class\u00e9\/analogue-dimplant-3\/"},"modified":"2020-11-13T08:50:06","modified_gmt":"2020-11-13T07:50:06","slug":"analogue-dimplant-3","status":"publish","type":"product","link":"https:\/\/shop.heliocos.de\/fr\/produit\/dentsply-fr\/ankylos-fr\/analogue-dimplant-3\/","title":{"rendered":"Analogue d&rsquo;implant pour Ankylos\u00ae"},"content":{"rendered":"<p>Analogue de laboratoire adapt\u00e9 aux piliers Dentsply\u00ae &#8211; Ankylos\u00ae. Vous pouvez choisir entre des analogues d&rsquo;implants avec et sans index. Les analogues index\u00e9s ont un codage couleur de haute qualit\u00e9, vous pouvez donc les distinguer facilement. Chaque analogue de laboratoire mesure 12 mm de long, vous n&rsquo;avez donc pas besoin de raccourcir l&rsquo;analogue de laboratoire par la suite, ce qui facilite son utilisation.<\/p>\n<p>Tous les analogues de laboratoire sont constitu\u00e9s d&rsquo;un alliage de titane, la variante X est \u00e9galement cod\u00e9e par couleur.<\/p>\n<p>Profitez des prix d\u00e9grad\u00e9s attractifs d&rsquo;Heliocos et achetez les analogues de laboratoire en paquets de 10 ou 30, vous avez donc un excellent rapport qualit\u00e9-prix. Dans un paquet de 10, l&rsquo;analogue de laboratoire co\u00fbte 9 EUR chacun, dans un paquet de 30 l&rsquo;analogue de laboratoire co\u00fbte 8 EUR chacun.<\/p>\n<p>Vous recevez les analogues de laboratoire non st\u00e9riles. Vous pouvez \u00e9galement utiliser les analogues de laboratoire pour Dentsply\u00ae &#8211; Ankylos\u00ae pour les mod\u00e8les imprim\u00e9s. Utilisez les biblioth\u00e8ques Heliocos pour votre flux de travail num\u00e9rique (T\u00e9l\u00e9chargements Heliocos).<\/p>\n","protected":false},"excerpt":{"rendered":"<p>Analogue de laboratoire adapt\u00e9 aux piliers Dentsply\u00ae &#8211; Ankylos\u00ae. Vous pouvez choisir entre des analogues d&rsquo;implants avec et sans index. Les analogues index\u00e9s ont un codage couleur de haute qualit\u00e9, vous pouvez donc les distinguer facilement. Chaque analogue de laboratoire mesure 12 mm de long, vous n&rsquo;avez donc pas besoin de raccourcir l&rsquo;analogue de laboratoire [&hellip;]<\/p>\n","protected":false},"featured_media":22302,"template":"","meta":[],"product_brand":[],"product_cat":[227],"product_tag":[260],"class_list":{"0":"post-22301","1":"product","2":"type-product","3":"status-publish","4":"has-post-thumbnail","6":"product_cat-ankylos-fr","7":"product_tag-analogue-dimplant","9":"first","10":"instock","11":"taxable","12":"shipping-taxable","13":"purchasable","14":"product-type-variable","15":"rtwpvg-product"},"_links":{"self":[{"href":"https:\/\/shop.heliocos.de\/fr\/wp-json\/wp\/v2\/product\/22301","targetHints":{"allow":["GET"]}}],"collection":[{"href":"https:\/\/shop.heliocos.de\/fr\/wp-json\/wp\/v2\/product"}],"about":[{"href":"https:\/\/shop.heliocos.de\/fr\/wp-json\/wp\/v2\/types\/product"}],"wp:featuredmedia":[{"embeddable":true,"href":"https:\/\/shop.heliocos.de\/fr\/wp-json\/wp\/v2\/media\/22302"}],"wp:attachment":[{"href":"https:\/\/shop.heliocos.de\/fr\/wp-json\/wp\/v2\/media?parent=22301"}],"wp:term":[{"taxonomy":"product_brand","embeddable":true,"href":"https:\/\/shop.heliocos.de\/fr\/wp-json\/wp\/v2\/product_brand?post=22301"},{"taxonomy":"product_cat","embeddable":true,"href":"https:\/\/shop.heliocos.de\/fr\/wp-json\/wp\/v2\/product_cat?post=22301"},{"taxonomy":"product_tag","embeddable":true,"href":"https:\/\/shop.heliocos.de\/fr\/wp-json\/wp\/v2\/product_tag?post=22301"}],"curies":[{"name":"wp","href":"https:\/\/api.w.org\/{rel}","templated":true}]}}