{"id":22292,"date":"2020-06-30T22:09:51","date_gmt":"2020-06-30T20:09:51","guid":{"rendered":"http:\/\/shop.heliocos.de\/produkt\/non%20class\u00e9\/pilier-droit\/"},"modified":"2020-11-12T16:50:16","modified_gmt":"2020-11-12T15:50:16","slug":"pilier-droit","status":"publish","type":"product","link":"https:\/\/shop.heliocos.de\/fr\/produit\/dentsply-fr\/ankylos-fr\/pilier-droit\/","title":{"rendered":"Pilier droit pour Ankylos\u00ae"},"content":{"rendered":"<p>Pilier droit pour implants Dentsply\u00ae &#8211; Ankylos\u00ae. La pi\u00e8ce secondaire est en alliage de titane. Cela garantit une excellente biocompatibilit\u00e9 et une r\u00e9sistance \u00e9lev\u00e9e. Vous pouvez choisir entre des piliers index\u00e9s ou non index\u00e9s. Les piliers sont destin\u00e9s \u00e0 une restauration ciment\u00e9e. Vous pouvez choisir parmi diff\u00e9rentes hauteurs gingivales (1,5 mm et 3 mm). La partie secondaire droite se caract\u00e9rise par une connexion de haute pr\u00e9cision. C&rsquo;est pourquoi nous offrons une garantie fabricant de 30 ans sur les piliers droits.<\/p>\n<p>Les piliers Heliocos pour Ankylos\u00ae et la vis de pilier peuvent \u00eatre s\u00e9par\u00e9s les uns des autres. Cela vous donne la possibilit\u00e9 d&rsquo;utiliser une vis de laboratoire. Par cons\u00e9quent, une vis de pilier intacte et d\u00e9finitive peut \u00eatre utilis\u00e9e.<\/p>\n<p>Les piliers droits sont livr\u00e9s avec une vis de pilier d\u00e9finitive. La vis de pilier est \u00e9galement en alliage de titane. Vous pouvez continuer \u00e0 utiliser vos instruments d&rsquo;origine ou utiliser des instruments d&rsquo;Heliocos. Le pilier droit et la vis de pilier sont fournis en kit. Pr\u00e9parez les pi\u00e8ces avant utilisation. Veuillez vous r\u00e9f\u00e9rer aux instructions Heliocos dans le mode d&#8217;emploi (T\u00e9l\u00e9chargements Heliocos).<\/p>\n<p>Vous pouvez \u00e9galement commander les instruments appropri\u00e9s pour les piliers droits adapt\u00e9s \u00e0 Ankylos\u00ae (tournevis hexagonal).<\/p>\n","protected":false},"excerpt":{"rendered":"<p>Pilier droit pour implants Dentsply\u00ae &#8211; Ankylos\u00ae. La pi\u00e8ce secondaire est en alliage de titane. Cela garantit une excellente biocompatibilit\u00e9 et une r\u00e9sistance \u00e9lev\u00e9e. Vous pouvez choisir entre des piliers index\u00e9s ou non index\u00e9s. Les piliers sont destin\u00e9s \u00e0 une restauration ciment\u00e9e. Vous pouvez choisir parmi diff\u00e9rentes hauteurs gingivales (1,5 mm et 3 mm). La [&hellip;]<\/p>\n","protected":false},"featured_media":22293,"template":"","meta":[],"product_brand":[],"product_cat":[227],"product_tag":[257],"class_list":{"0":"post-22292","1":"product","2":"type-product","3":"status-publish","4":"has-post-thumbnail","6":"product_cat-ankylos-fr","7":"product_tag-pilier-droit","9":"first","10":"instock","11":"taxable","12":"shipping-taxable","13":"purchasable","14":"product-type-variable","15":"rtwpvg-product"},"_links":{"self":[{"href":"https:\/\/shop.heliocos.de\/fr\/wp-json\/wp\/v2\/product\/22292","targetHints":{"allow":["GET"]}}],"collection":[{"href":"https:\/\/shop.heliocos.de\/fr\/wp-json\/wp\/v2\/product"}],"about":[{"href":"https:\/\/shop.heliocos.de\/fr\/wp-json\/wp\/v2\/types\/product"}],"wp:featuredmedia":[{"embeddable":true,"href":"https:\/\/shop.heliocos.de\/fr\/wp-json\/wp\/v2\/media\/22293"}],"wp:attachment":[{"href":"https:\/\/shop.heliocos.de\/fr\/wp-json\/wp\/v2\/media?parent=22292"}],"wp:term":[{"taxonomy":"product_brand","embeddable":true,"href":"https:\/\/shop.heliocos.de\/fr\/wp-json\/wp\/v2\/product_brand?post=22292"},{"taxonomy":"product_cat","embeddable":true,"href":"https:\/\/shop.heliocos.de\/fr\/wp-json\/wp\/v2\/product_cat?post=22292"},{"taxonomy":"product_tag","embeddable":true,"href":"https:\/\/shop.heliocos.de\/fr\/wp-json\/wp\/v2\/product_tag?post=22292"}],"curies":[{"name":"wp","href":"https:\/\/api.w.org\/{rel}","templated":true}]}}