{"id":22283,"date":"2020-06-30T22:09:56","date_gmt":"2020-06-30T20:09:56","guid":{"rendered":"http:\/\/shop.heliocos.de\/produkt\/non%20class\u00e9\/scanbody\/"},"modified":"2021-07-20T10:41:36","modified_gmt":"2021-07-20T08:41:36","slug":"corps-de-scannage-pour-ankylos","status":"publish","type":"product","link":"https:\/\/shop.heliocos.de\/fr\/produit\/dentsply-fr\/ankylos-fr\/corps-de-scannage-pour-ankylos\/","title":{"rendered":"Corps de scannage pour Ankylos\u00ae"},"content":{"rendered":"<p>Corps de scannage adapt\u00e9 pour Dentsply\u00ae &#8211; Ankylos\u00ae. Le corps de scannage est en titane grade 4 et poss\u00e8de une anodisation sp\u00e9ciale.<\/p>\n<p>Vous pouvez retraiter le corps de scannage aussi souvent que vous le souhaitez. Le corps de scannage \u00e9tant livr\u00e9 non st\u00e9rile, il doit \u00eatre pr\u00e9par\u00e9 avant utilisation. Veuillez respecter les instructions Heliocos dans le mode d&#8217;emploi (<a href=\"https:\/\/www.heliocos.com\/downloads\">T\u00e9l\u00e9chargements Heliocos<\/a>).<\/p>\n<p>Vous recevez le corps de scannage sous forme de kit avec une vis de pilier d\u00e9finitive, \u00e9galement en alliage de titane. Vous pouvez continuer \u00e0 utiliser vos instruments d&rsquo;origine ou vous pouvez utiliser les instruments d&rsquo;Heliocos (<a href=\"https:\/\/shop.heliocos.de\/fr\/produkt\/instrumente-fr\/tournevis-hex\/\">Tournevis Hex<\/a>).<\/p>\n<p>Veuillez noter la disponibilit\u00e9 des biblioth\u00e8ques Heliocos dans la cha\u00eene de processus CAD \/ CAM. Vous pouvez t\u00e9l\u00e9charger les biblioth\u00e8ques depuis le site Web Heliocos (<a href=\"https:\/\/www.heliocos.com\/downloads\">T\u00e9l\u00e9chargements Heliocos<\/a>). Pour en savoir plus sur les biblioth\u00e8ques disponibles et les exigences pour la cha\u00eene de processus CAO \/ FAO, consultez notre article de blog (<a href=\"https:\/\/www.heliocos.com\/blog\">blog Heliocos<\/a>).<\/p>\n<p>Si vous souhaitez cr\u00e9er des piliers individuels, vous devez utiliser nos corps de scannage. Que vous souhaitiez r\u00e9aliser des piliers individuels monoblocs ou des couronnes viss\u00e9es occlusalement.<\/p>\n","protected":false},"excerpt":{"rendered":"<p>Corps de scannage compatible avec Dentsply\u00ae &#8211; Ankylos\u00ae. Le produit est livr\u00e9 non st\u00e9rile.<\/p>\n","protected":false},"featured_media":22284,"template":"","meta":[],"product_brand":[],"product_cat":[227],"product_tag":[265],"class_list":{"0":"post-22283","1":"product","2":"type-product","3":"status-publish","4":"has-post-thumbnail","6":"product_cat-ankylos-fr","7":"product_tag-scanbody-fr","9":"first","10":"instock","11":"taxable","12":"shipping-taxable","13":"purchasable","14":"product-type-simple"},"_links":{"self":[{"href":"https:\/\/shop.heliocos.de\/fr\/wp-json\/wp\/v2\/product\/22283","targetHints":{"allow":["GET"]}}],"collection":[{"href":"https:\/\/shop.heliocos.de\/fr\/wp-json\/wp\/v2\/product"}],"about":[{"href":"https:\/\/shop.heliocos.de\/fr\/wp-json\/wp\/v2\/types\/product"}],"wp:featuredmedia":[{"embeddable":true,"href":"https:\/\/shop.heliocos.de\/fr\/wp-json\/wp\/v2\/media\/22284"}],"wp:attachment":[{"href":"https:\/\/shop.heliocos.de\/fr\/wp-json\/wp\/v2\/media?parent=22283"}],"wp:term":[{"taxonomy":"product_brand","embeddable":true,"href":"https:\/\/shop.heliocos.de\/fr\/wp-json\/wp\/v2\/product_brand?post=22283"},{"taxonomy":"product_cat","embeddable":true,"href":"https:\/\/shop.heliocos.de\/fr\/wp-json\/wp\/v2\/product_cat?post=22283"},{"taxonomy":"product_tag","embeddable":true,"href":"https:\/\/shop.heliocos.de\/fr\/wp-json\/wp\/v2\/product_tag?post=22283"}],"curies":[{"name":"wp","href":"https:\/\/api.w.org\/{rel}","templated":true}]}}