{"id":22278,"date":"2020-06-30T22:09:56","date_gmt":"2020-06-30T20:09:56","guid":{"rendered":"http:\/\/shop.heliocos.de\/produkt\/non%20class\u00e9\/pilier-dempreinte-2\/"},"modified":"2021-10-11T16:39:52","modified_gmt":"2021-10-11T14:39:52","slug":"pilier-dempreinte-2","status":"publish","type":"product","link":"https:\/\/shop.heliocos.de\/fr\/produit\/dentsply-fr\/ankylos-fr\/pilier-dempreinte-2\/","title":{"rendered":"Pilier d&#8217;empreinte pour Ankylos\u00ae"},"content":{"rendered":"<p>Piliers d&#8217;empreinte pour implants Dentsply\u00ae &#8211; Ankylos\u00ae pour empreintes ouvertes.<\/p>\n<p>Les piliers d&#8217;empreinte sont en alliage de titane et marqu\u00e9s au laser, vous pouvez donc les attribuer facilement.<\/p>\n<p>Vous recevez les piliers d&#8217;empreinte sous forme d&rsquo;ensemble avec une vis que nous avons d\u00e9j\u00e0 pr\u00e9-assembl\u00e9e pour vous. Si n\u00e9cessaire, vous pouvez retraiter le poste d&#8217;empreinte aussi souvent que vous le souhaitez. Vous recevez le poste d&#8217;empreinte non st\u00e9rile, vous devez donc suivre les instructions de retraitement d&rsquo;Heliocos dans le mode d&#8217;emploi (T\u00e9l\u00e9chargements Heliocos).<\/p>\n<p>Vous n&rsquo;\u00eates pas autoris\u00e9 \u00e0 retraiter les bouchons de r\u00e9duction apr\u00e8s utilisation, vous pouvez donc les r\u00e9organiser.<\/p>\n","protected":false},"excerpt":{"rendered":"<p>Piliers d&#8217;empreinte pour implants Dentsply\u00ae &#8211; Ankylos\u00ae pour empreintes ouvertes. Les piliers d&#8217;empreinte sont en alliage de titane et marqu\u00e9s au laser, vous pouvez donc les attribuer facilement. Vous recevez les piliers d&#8217;empreinte sous forme d&rsquo;ensemble avec une vis que nous avons d\u00e9j\u00e0 pr\u00e9-assembl\u00e9e pour vous. Si n\u00e9cessaire, vous pouvez retraiter le poste d&#8217;empreinte aussi [&hellip;]<\/p>\n","protected":false},"featured_media":27513,"template":"","meta":[],"product_brand":[],"product_cat":[227],"product_tag":[251],"class_list":{"0":"post-22278","1":"product","2":"type-product","3":"status-publish","4":"has-post-thumbnail","6":"product_cat-ankylos-fr","7":"product_tag-pilier-dempreinte","9":"first","10":"instock","11":"taxable","12":"shipping-taxable","13":"purchasable","14":"product-type-variable","15":"has-default-attributes","16":"rtwpvg-product"},"_links":{"self":[{"href":"https:\/\/shop.heliocos.de\/fr\/wp-json\/wp\/v2\/product\/22278","targetHints":{"allow":["GET"]}}],"collection":[{"href":"https:\/\/shop.heliocos.de\/fr\/wp-json\/wp\/v2\/product"}],"about":[{"href":"https:\/\/shop.heliocos.de\/fr\/wp-json\/wp\/v2\/types\/product"}],"wp:featuredmedia":[{"embeddable":true,"href":"https:\/\/shop.heliocos.de\/fr\/wp-json\/wp\/v2\/media\/27513"}],"wp:attachment":[{"href":"https:\/\/shop.heliocos.de\/fr\/wp-json\/wp\/v2\/media?parent=22278"}],"wp:term":[{"taxonomy":"product_brand","embeddable":true,"href":"https:\/\/shop.heliocos.de\/fr\/wp-json\/wp\/v2\/product_brand?post=22278"},{"taxonomy":"product_cat","embeddable":true,"href":"https:\/\/shop.heliocos.de\/fr\/wp-json\/wp\/v2\/product_cat?post=22278"},{"taxonomy":"product_tag","embeddable":true,"href":"https:\/\/shop.heliocos.de\/fr\/wp-json\/wp\/v2\/product_tag?post=22278"}],"curies":[{"name":"wp","href":"https:\/\/api.w.org\/{rel}","templated":true}]}}