{"id":22273,"date":"2020-06-30T22:09:51","date_gmt":"2020-06-30T20:09:51","guid":{"rendered":"http:\/\/shop.heliocos.de\/produkt\/non%20class\u00e9\/pilier-angule-4\/"},"modified":"2021-01-27T14:25:52","modified_gmt":"2021-01-27T13:25:52","slug":"pilier-angule-4","status":"publish","type":"product","link":"https:\/\/shop.heliocos.de\/fr\/produit\/dentsply-fr\/ankylos-fr\/pilier-angule-4\/","title":{"rendered":"Pilier angul\u00e9 pour Ankylos\u00ae"},"content":{"rendered":"<p>Pilier angul\u00e9 pour correspondre \u00e0 Dentsply\u00ae &#8211; Ankylos\u00ae. Le pilier angul\u00e9 est en alliage de titane. Cela garantit une excellente biocompatibilit\u00e9 et une r\u00e9sistance \u00e9lev\u00e9e. Vous pouvez choisir entre des piliers index\u00e9s ou non index\u00e9s. Les piliers angul\u00e9s sont destin\u00e9s \u00e0 une restauration ciment\u00e9e. Vous pouvez choisir parmi diff\u00e9rentes hauteurs gingivales (1,5 mm et 3 mm). Vous pouvez obtenir des piliers index\u00e9s avec des angles de 15 \u00b0 et 25 \u00b0. La partie secondaire coud\u00e9e se caract\u00e9rise par une connexion de haute pr\u00e9cision. C&rsquo;est pourquoi nous offrons une garantie fabricant de 30 ans sur les piliers angul\u00e9s.<br \/>\nAvec les piliers Heliocos pour Ankylos\u00ae, vous pouvez desserrer la vis de pilier du pilier. Cela vous donne la possibilit\u00e9 d&rsquo;utiliser une vis de laboratoire. Par cons\u00e9quent, une vis de pilier intacte et d\u00e9finitive peut \u00eatre utilis\u00e9e.<br \/>\nLes piliers angul\u00e9s sont livr\u00e9s en kit avec une vis de pilier d\u00e9finitive. La vis de pilier est \u00e9galement en alliage de titane. Vous pouvez continuer \u00e0 utiliser vos instruments d&rsquo;origine, ou vous pouvez utiliser des instruments d&rsquo;Heliocos (tournevis hexagonal). Le pilier angul\u00e9 et la vis de pilier sont fournis en kit. Parce que les pi\u00e8ces ne sont pas st\u00e9riles, vous devez retraiter les produits avant utilisation. Veuillez vous r\u00e9f\u00e9rer aux instructions Heliocos dans le mode d&#8217;emploi (T\u00e9l\u00e9chargements Heliocos).<\/p>\n","protected":false},"excerpt":{"rendered":"<p>Pilier angul\u00e9 pour correspondre \u00e0 Dentsply\u00ae &#8211; Ankylos\u00ae. Le pilier angul\u00e9 est en alliage de titane. Cela garantit une excellente biocompatibilit\u00e9 et une r\u00e9sistance \u00e9lev\u00e9e. Vous pouvez choisir entre des piliers index\u00e9s ou non index\u00e9s. Les piliers angul\u00e9s sont destin\u00e9s \u00e0 une restauration ciment\u00e9e. Vous pouvez choisir parmi diff\u00e9rentes hauteurs gingivales (1,5 mm et 3 [&hellip;]<\/p>\n","protected":false},"featured_media":22277,"template":"","meta":[],"product_brand":[],"product_cat":[227],"product_tag":[198],"class_list":{"0":"post-22273","1":"product","2":"type-product","3":"status-publish","4":"has-post-thumbnail","6":"product_cat-ankylos-fr","7":"product_tag-pilier-angule","9":"first","10":"instock","11":"taxable","12":"shipping-taxable","13":"purchasable","14":"product-type-variable","15":"rtwpvg-product"},"_links":{"self":[{"href":"https:\/\/shop.heliocos.de\/fr\/wp-json\/wp\/v2\/product\/22273","targetHints":{"allow":["GET"]}}],"collection":[{"href":"https:\/\/shop.heliocos.de\/fr\/wp-json\/wp\/v2\/product"}],"about":[{"href":"https:\/\/shop.heliocos.de\/fr\/wp-json\/wp\/v2\/types\/product"}],"wp:featuredmedia":[{"embeddable":true,"href":"https:\/\/shop.heliocos.de\/fr\/wp-json\/wp\/v2\/media\/22277"}],"wp:attachment":[{"href":"https:\/\/shop.heliocos.de\/fr\/wp-json\/wp\/v2\/media?parent=22273"}],"wp:term":[{"taxonomy":"product_brand","embeddable":true,"href":"https:\/\/shop.heliocos.de\/fr\/wp-json\/wp\/v2\/product_brand?post=22273"},{"taxonomy":"product_cat","embeddable":true,"href":"https:\/\/shop.heliocos.de\/fr\/wp-json\/wp\/v2\/product_cat?post=22273"},{"taxonomy":"product_tag","embeddable":true,"href":"https:\/\/shop.heliocos.de\/fr\/wp-json\/wp\/v2\/product_tag?post=22273"}],"curies":[{"name":"wp","href":"https:\/\/api.w.org\/{rel}","templated":true}]}}