{"id":22266,"date":"2020-07-08T10:38:36","date_gmt":"2020-07-08T08:38:36","guid":{"rendered":"http:\/\/shop.heliocos.de\/produkt\/non%20class\u00e9\/pilier-de-cicatrisation-6\/"},"modified":"2023-03-21T16:36:20","modified_gmt":"2023-03-21T15:36:20","slug":"vis-de-cicatrisation-6","status":"publish","type":"product","link":"https:\/\/shop.heliocos.de\/fr\/produit\/straumann-fr-2\/bone-level-fr\/vis-de-cicatrisation-6\/","title":{"rendered":"Vis de cicatrisation pour Straumann\u00ae &#8211; Bone Level"},"content":{"rendered":"<p>Forme gingivale adapt\u00e9e aux implants Straumann\u00ae &#8211; Bone Level. Les vis de cicatrisation ont une forme conique, qui se fond ensuite dans une forme cylindrique. Pour que vous puissiez facilement distinguer les produits, ils sont marqu\u00e9s au laser. Le marquage laser vous donne des informations sur le syst\u00e8me implantaire, la plateforme et la hauteur gingivale. Vous pouvez choisir parmi diff\u00e9rentes hauteurs gingivales, en fonction de la situation du patient.<\/p>\n<p>Les vis de cicatrisation sont en alliage de titane. Cela leur conf\u00e8re une excellente biocompatibilit\u00e9.<\/p>\n<p>Serrez les pi\u00e8ces uniquement \u00e0 la main. Si vous souhaitez toujours utiliser un instrument, vous pouvez utiliser les instruments d&rsquo;origine. Sinon, utilisez simplement les instruments Heliocos (pilote Torx\u00ae).<\/p>\n<p>Les vis de cicatrisation sont livr\u00e9s non st\u00e9riles. Veuillez noter les instructions d&rsquo;Heliocos dans le mode d&#8217;emploi (T\u00e9l\u00e9chargements Heliocos).<\/p>\n","protected":false},"excerpt":{"rendered":"<p>Forme gingivale adapt\u00e9e aux implants Straumann\u00ae &#8211; Bone Level. Les vis de cicatrisation ont une forme conique, qui se fond ensuite dans une forme cylindrique. Pour que vous puissiez facilement distinguer les produits, ils sont marqu\u00e9s au laser. Le marquage laser vous donne des informations sur le syst\u00e8me implantaire, la plateforme et la hauteur gingivale. [&hellip;]<\/p>\n","protected":false},"featured_media":22249,"template":"","meta":[],"product_brand":[],"product_cat":[246],"product_tag":[175],"class_list":{"0":"post-22266","1":"product","2":"type-product","3":"status-publish","4":"has-post-thumbnail","6":"product_cat-bone-level-fr","7":"product_tag-pilier-de-cicatrisation","9":"first","10":"instock","11":"taxable","12":"shipping-taxable","13":"purchasable","14":"product-type-variable","15":"rtwpvg-product"},"_links":{"self":[{"href":"https:\/\/shop.heliocos.de\/fr\/wp-json\/wp\/v2\/product\/22266","targetHints":{"allow":["GET"]}}],"collection":[{"href":"https:\/\/shop.heliocos.de\/fr\/wp-json\/wp\/v2\/product"}],"about":[{"href":"https:\/\/shop.heliocos.de\/fr\/wp-json\/wp\/v2\/types\/product"}],"wp:featuredmedia":[{"embeddable":true,"href":"https:\/\/shop.heliocos.de\/fr\/wp-json\/wp\/v2\/media\/22249"}],"wp:attachment":[{"href":"https:\/\/shop.heliocos.de\/fr\/wp-json\/wp\/v2\/media?parent=22266"}],"wp:term":[{"taxonomy":"product_brand","embeddable":true,"href":"https:\/\/shop.heliocos.de\/fr\/wp-json\/wp\/v2\/product_brand?post=22266"},{"taxonomy":"product_cat","embeddable":true,"href":"https:\/\/shop.heliocos.de\/fr\/wp-json\/wp\/v2\/product_cat?post=22266"},{"taxonomy":"product_tag","embeddable":true,"href":"https:\/\/shop.heliocos.de\/fr\/wp-json\/wp\/v2\/product_tag?post=22266"}],"curies":[{"name":"wp","href":"https:\/\/api.w.org\/{rel}","templated":true}]}}