{"id":22009,"date":"2020-06-30T22:11:03","date_gmt":"2020-06-30T20:11:03","guid":{"rendered":"http:\/\/shop.heliocos.de\/produkt\/non%20class\u00e9\/analogue-dimplant-2\/"},"modified":"2021-06-20T13:16:40","modified_gmt":"2021-06-20T11:16:40","slug":"analogue-dimplant-bego","status":"publish","type":"product","link":"https:\/\/shop.heliocos.de\/fr\/produit\/bego-fr\/semandos-s-ri-rs-rsx-sc-scx-fr\/analogue-dimplant-bego\/","title":{"rendered":"Analogue d&rsquo;implant pour Bego\u00ae"},"content":{"rendered":"<p>Analogue d&rsquo;implant adapt\u00e9 aux piliers Bego\u00ae &#8211; Semandos\u00ae (S \/ RI \/ RS \/ RSX \/ SC \/ SCX). Les analogues sont cod\u00e9s par couleur, vous pouvez donc facilement diff\u00e9rencier et attribuer les produits. Chaque analogue d&rsquo;implant mesure 12 mm de long, ce qui facilite son utilisation.<\/p>\n<p>Tous les analogue d&rsquo;implants sont fabriqu\u00e9s \u00e0 partir d&rsquo;un alliage de titane. Le code couleur correspond \u00e0 celui de Bego\u00ae.<\/p>\n<p>Profitez du rapport qualit\u00e9-prix attractif des analogues Heliocos, c&rsquo;est pourquoi nous proposons des prix \u00e9chelonn\u00e9s. Dans un paquet de 10, l&rsquo;analogue d&rsquo;implant co\u00fbte 9 EUR chacun, dans un paquet de 30 l&rsquo;analogue d&rsquo;implant co\u00fbte 8 EUR chacun.<\/p>\n<p>Utilisez les analogues de laboratoire adapt\u00e9s \u00e0 Bego\u00ae \u00e9galement pour les mod\u00e8les imprim\u00e9s. Pour ce faire, t\u00e9l\u00e9chargez nos biblioth\u00e8ques. T\u00e9l\u00e9chargez les biblioth\u00e8ques pour votre flux de travail num\u00e9rique depuis Heliocos (T\u00e9l\u00e9chargements Heliocos).<\/p>\n","protected":false},"excerpt":{"rendered":"<p>Analogue d&rsquo;implant adapt\u00e9 aux piliers Bego\u00ae &#8211; Semandos\u00ae (S \/ RI \/ RS \/ RSX \/ SC \/ SCX). Les analogues sont cod\u00e9s par couleur, vous pouvez donc facilement diff\u00e9rencier et attribuer les produits. Chaque analogue d&rsquo;implant mesure 12 mm de long, ce qui facilite son utilisation. Tous les analogue d&rsquo;implants sont fabriqu\u00e9s \u00e0 partir [&hellip;]<\/p>\n","protected":false},"featured_media":22010,"template":"","meta":[],"product_brand":[],"product_cat":[222],"product_tag":[260],"class_list":{"0":"post-22009","1":"product","2":"type-product","3":"status-publish","4":"has-post-thumbnail","6":"product_cat-semandos-s-ri-rs-rsx-sc-scx-fr","7":"product_tag-analogue-dimplant","9":"first","10":"instock","11":"taxable","12":"shipping-taxable","13":"purchasable","14":"product-type-variable","15":"rtwpvg-product"},"_links":{"self":[{"href":"https:\/\/shop.heliocos.de\/fr\/wp-json\/wp\/v2\/product\/22009","targetHints":{"allow":["GET"]}}],"collection":[{"href":"https:\/\/shop.heliocos.de\/fr\/wp-json\/wp\/v2\/product"}],"about":[{"href":"https:\/\/shop.heliocos.de\/fr\/wp-json\/wp\/v2\/types\/product"}],"wp:featuredmedia":[{"embeddable":true,"href":"https:\/\/shop.heliocos.de\/fr\/wp-json\/wp\/v2\/media\/22010"}],"wp:attachment":[{"href":"https:\/\/shop.heliocos.de\/fr\/wp-json\/wp\/v2\/media?parent=22009"}],"wp:term":[{"taxonomy":"product_brand","embeddable":true,"href":"https:\/\/shop.heliocos.de\/fr\/wp-json\/wp\/v2\/product_brand?post=22009"},{"taxonomy":"product_cat","embeddable":true,"href":"https:\/\/shop.heliocos.de\/fr\/wp-json\/wp\/v2\/product_cat?post=22009"},{"taxonomy":"product_tag","embeddable":true,"href":"https:\/\/shop.heliocos.de\/fr\/wp-json\/wp\/v2\/product_tag?post=22009"}],"curies":[{"name":"wp","href":"https:\/\/api.w.org\/{rel}","templated":true}]}}