{"id":22002,"date":"2020-06-30T22:11:09","date_gmt":"2020-06-30T20:11:09","guid":{"rendered":"http:\/\/shop.heliocos.de\/produkt\/non%20class\u00e9\/linstrument-de-vissage-unigrip\/"},"modified":"2021-06-29T11:52:32","modified_gmt":"2021-06-29T09:52:32","slug":"tournevis-unigrip","status":"publish","type":"product","link":"https:\/\/shop.heliocos.de\/fr\/produit\/instrumente-fr\/tournevis-unigrip\/","title":{"rendered":"Tournevis UniGrip"},"content":{"rendered":"<p>Tournevis avec connexion UniGrip pour Nobel Biocare\u00ae en acier inoxydable m\u00e9dical. Vous pouvez choisir entre deux longueurs, selon la situation.<\/p>\n<p>Nous proposons les tournevis avec une connexion \u00e0 cliquet (cliquet) et une connexion pour contre-angles, afin que vous puissiez choisir celui qui convient \u00e0 l&rsquo;\u00e9quipement existant.<\/p>\n<p>Vous pouvez retraiter les instruments, veuillez vous r\u00e9f\u00e9rer aux instructions de retraitement d&rsquo;Heliocos dans le mode d&#8217;emploi (<a href=\"https:\/\/www.heliocos.com\/downloads\">T\u00e9l\u00e9chargements Heliocos<\/a>).<\/p>\n","protected":false},"excerpt":{"rendered":"<p>Tournevis avec connexion UniGrip pour Nobel Biocare\u00ae en acier inoxydable m\u00e9dical. Vous pouvez choisir entre deux longueurs, selon la situation. Nous proposons les tournevis avec une connexion \u00e0 cliquet (cliquet) et une connexion pour contre-angles, afin que vous puissiez choisir celui qui convient \u00e0 l&rsquo;\u00e9quipement existant. Vous pouvez retraiter les instruments, veuillez vous r\u00e9f\u00e9rer aux [&hellip;]<\/p>\n","protected":false},"featured_media":26447,"template":"","meta":[],"product_brand":[],"product_cat":[231],"product_tag":[256],"class_list":{"0":"post-22002","1":"product","2":"type-product","3":"status-publish","4":"has-post-thumbnail","6":"product_cat-instrumente-fr","7":"product_tag-tournevis-unigrip","9":"first","10":"instock","11":"taxable","12":"shipping-taxable","13":"purchasable","14":"product-type-variable","15":"rtwpvg-product"},"_links":{"self":[{"href":"https:\/\/shop.heliocos.de\/fr\/wp-json\/wp\/v2\/product\/22002","targetHints":{"allow":["GET"]}}],"collection":[{"href":"https:\/\/shop.heliocos.de\/fr\/wp-json\/wp\/v2\/product"}],"about":[{"href":"https:\/\/shop.heliocos.de\/fr\/wp-json\/wp\/v2\/types\/product"}],"wp:featuredmedia":[{"embeddable":true,"href":"https:\/\/shop.heliocos.de\/fr\/wp-json\/wp\/v2\/media\/26447"}],"wp:attachment":[{"href":"https:\/\/shop.heliocos.de\/fr\/wp-json\/wp\/v2\/media?parent=22002"}],"wp:term":[{"taxonomy":"product_brand","embeddable":true,"href":"https:\/\/shop.heliocos.de\/fr\/wp-json\/wp\/v2\/product_brand?post=22002"},{"taxonomy":"product_cat","embeddable":true,"href":"https:\/\/shop.heliocos.de\/fr\/wp-json\/wp\/v2\/product_cat?post=22002"},{"taxonomy":"product_tag","embeddable":true,"href":"https:\/\/shop.heliocos.de\/fr\/wp-json\/wp\/v2\/product_tag?post=22002"}],"curies":[{"name":"wp","href":"https:\/\/api.w.org\/{rel}","templated":true}]}}