{"id":21997,"date":"2020-06-30T22:11:09","date_gmt":"2020-06-30T20:11:09","guid":{"rendered":"http:\/\/shop.heliocos.de\/produkt\/non%20class\u00e9\/rochet\/"},"modified":"2021-02-04T09:20:10","modified_gmt":"2021-02-04T08:20:10","slug":"rochet","status":"publish","type":"product","link":"https:\/\/shop.heliocos.de\/fr\/produit\/instrumente-fr\/rochet\/","title":{"rendered":"Cliquet dynamom\u00e9trique \/ cliquet"},"content":{"rendered":"<p>Cliquet dentaire avec et sans fonction de couple. Le cliquet dynamom\u00e9trique peut \u00eatre r\u00e9gl\u00e9 dans une plage de 15 \u00e0 60 Ncm. Lorsque le couple est atteint, le cliquet se plie.<\/p>\n<p>Le cliquet universel n&rsquo;a pas de fonction de couple. Avec une longueur de seulement 5,5 cm, il est id\u00e9al pour un espace limit\u00e9.<\/p>\n<p>Le cliquet dynamom\u00e9trique ainsi que le cliquet universel ont une douille hexagonale avec une taille de cl\u00e9 de 6,4 mm.<\/p>\n<p>Vous pouvez retraiter les instruments, veuillez vous r\u00e9f\u00e9rer aux instructions de retraitement d&rsquo;Heliocos dans le mode d&#8217;emploi (T\u00e9l\u00e9chargements Heliocos).<\/p>\n","protected":false},"excerpt":{"rendered":"<p>Cliquet dentaire avec et sans fonction de couple. Le cliquet dynamom\u00e9trique peut \u00eatre r\u00e9gl\u00e9 dans une plage de 15 \u00e0 60 Ncm. Lorsque le couple est atteint, le cliquet se plie. Le cliquet universel n&rsquo;a pas de fonction de couple. Avec une longueur de seulement 5,5 cm, il est id\u00e9al pour un espace limit\u00e9. Le [&hellip;]<\/p>\n","protected":false},"featured_media":22001,"template":"","meta":[],"product_brand":[],"product_cat":[231],"product_tag":[264],"class_list":{"0":"post-21997","1":"product","2":"type-product","3":"status-publish","4":"has-post-thumbnail","6":"product_cat-instrumente-fr","7":"product_tag-rochet","9":"first","10":"instock","11":"taxable","12":"shipping-taxable","13":"purchasable","14":"product-type-variable","15":"rtwpvg-product"},"_links":{"self":[{"href":"https:\/\/shop.heliocos.de\/fr\/wp-json\/wp\/v2\/product\/21997","targetHints":{"allow":["GET"]}}],"collection":[{"href":"https:\/\/shop.heliocos.de\/fr\/wp-json\/wp\/v2\/product"}],"about":[{"href":"https:\/\/shop.heliocos.de\/fr\/wp-json\/wp\/v2\/types\/product"}],"wp:featuredmedia":[{"embeddable":true,"href":"https:\/\/shop.heliocos.de\/fr\/wp-json\/wp\/v2\/media\/22001"}],"wp:attachment":[{"href":"https:\/\/shop.heliocos.de\/fr\/wp-json\/wp\/v2\/media?parent=21997"}],"wp:term":[{"taxonomy":"product_brand","embeddable":true,"href":"https:\/\/shop.heliocos.de\/fr\/wp-json\/wp\/v2\/product_brand?post=21997"},{"taxonomy":"product_cat","embeddable":true,"href":"https:\/\/shop.heliocos.de\/fr\/wp-json\/wp\/v2\/product_cat?post=21997"},{"taxonomy":"product_tag","embeddable":true,"href":"https:\/\/shop.heliocos.de\/fr\/wp-json\/wp\/v2\/product_tag?post=21997"}],"curies":[{"name":"wp","href":"https:\/\/api.w.org\/{rel}","templated":true}]}}