{"id":21992,"date":"2020-06-30T22:11:09","date_gmt":"2020-06-30T20:11:09","guid":{"rendered":"http:\/\/shop.heliocos.de\/produkt\/non%20class\u00e9\/adaptateur\/"},"modified":"2023-04-14T11:25:33","modified_gmt":"2023-04-14T09:25:33","slug":"adaptateur","status":"publish","type":"product","link":"https:\/\/shop.heliocos.de\/fr\/produit\/instrumente-fr\/adaptateur\/","title":{"rendered":"Adaptateur"},"content":{"rendered":"<p>Adaptateur pour instruments \u00e0 tige ISO (contre-angle) pour fixation sur la cl\u00e9 \u00e0 cliquet Heliocos.<\/p>\n","protected":false},"excerpt":{"rendered":"<p>Adaptateur pour instruments \u00e0 tige ISO (contre-angle) pour fixation sur la cl\u00e9 \u00e0 cliquet Heliocos.<\/p>\n","protected":false},"featured_media":21993,"template":"","meta":[],"product_brand":[],"product_cat":[231],"product_tag":[253],"class_list":{"0":"post-21992","1":"product","2":"type-product","3":"status-publish","4":"has-post-thumbnail","6":"product_cat-instrumente-fr","7":"product_tag-adaptateur","9":"first","10":"outofstock","11":"taxable","12":"shipping-taxable","13":"purchasable","14":"product-type-simple"},"_links":{"self":[{"href":"https:\/\/shop.heliocos.de\/fr\/wp-json\/wp\/v2\/product\/21992","targetHints":{"allow":["GET"]}}],"collection":[{"href":"https:\/\/shop.heliocos.de\/fr\/wp-json\/wp\/v2\/product"}],"about":[{"href":"https:\/\/shop.heliocos.de\/fr\/wp-json\/wp\/v2\/types\/product"}],"wp:featuredmedia":[{"embeddable":true,"href":"https:\/\/shop.heliocos.de\/fr\/wp-json\/wp\/v2\/media\/21993"}],"wp:attachment":[{"href":"https:\/\/shop.heliocos.de\/fr\/wp-json\/wp\/v2\/media?parent=21992"}],"wp:term":[{"taxonomy":"product_brand","embeddable":true,"href":"https:\/\/shop.heliocos.de\/fr\/wp-json\/wp\/v2\/product_brand?post=21992"},{"taxonomy":"product_cat","embeddable":true,"href":"https:\/\/shop.heliocos.de\/fr\/wp-json\/wp\/v2\/product_cat?post=21992"},{"taxonomy":"product_tag","embeddable":true,"href":"https:\/\/shop.heliocos.de\/fr\/wp-json\/wp\/v2\/product_tag?post=21992"}],"curies":[{"name":"wp","href":"https:\/\/api.w.org\/{rel}","templated":true}]}}