{"id":33733,"date":"2025-05-22T16:01:25","date_gmt":"2025-05-22T14:01:25","guid":{"rendered":"https:\/\/shop.heliocos.de\/?post_type=product&#038;p=33733"},"modified":"2025-05-22T16:11:58","modified_gmt":"2025-05-22T14:11:58","slug":"laboranalog-fuer-biomet-3i-certain","status":"publish","type":"product","link":"https:\/\/shop.heliocos.de\/es\/producto\/biomet-3i\/certain\/laboranalog-fuer-biomet-3i-certain\/","title":{"rendered":"Laboranalog f\u00fcr Biomet 3i\u00ae &#8211; Certain\u00ae"},"content":{"rendered":"<p>Laboranalog passend zu Biomet 3i\u00ae &#8211; Certain\u00ae. Die hochwertige Farbcodierung l\u00e4sst eine einfache Unterscheidung und Zuordnung zu. Jeder Laboranaloge ist 12 mm lang. Das erleichtert Ihnen die Nutzung und Sie m\u00fcssen die Analoge nicht nachtr\u00e4glich k\u00fcrzen.<\/p>\n<p>Mit einem Durchmesser von 3,4 mm, 4,1 mm und 5,0 mm sind diese einfach anzuwenden. Sie werden aus einer Titanlegierung hergestellt.<\/p>\n<p>Nutzen Sie die attraktiven Staffelpreise der Heliocos Analoge und kaufen die Laboranaloge im 10er oder 30er Pack. Im 10er Pack kostet der Laboranalog noch je 9 EUR, im 30er Pack kostet der Laboranalog noch je 8 EUR.<\/p>\n<p>Unsere kompatiblen Laboranaloge f\u00fcr Biomet 3i\u00ae \u2013 Certain\u00ae \u00fcberzeugen durch hohe Ma\u00dfhaltigkeit und Qualit\u00e4t zu einem attraktiven Preis. Sie lassen sich reibungslos in bestehende Arbeitsabl\u00e4ufe im Labor integrieren und bieten gleichbleibend zuverl\u00e4ssige Ergebnisse.<\/p>\n","protected":false},"excerpt":{"rendered":"<p>Laboranalog passend zu Biomet 3i\u00ae &#8211; Certain\u00ae. Die hochwertige Farbcodierung l\u00e4sst eine einfache Unterscheidung und Zuordnung zu. Jeder Laboranaloge ist 12 mm lang. Das erleichtert Ihnen die Nutzung und Sie m\u00fcssen die Analoge nicht nachtr\u00e4glich k\u00fcrzen. Mit einem Durchmesser von 3,4 mm, 4,1 mm und 5,0 mm sind diese einfach anzuwenden. Sie werden aus einer [&hellip;]<\/p>\n","protected":false},"featured_media":33737,"template":"","meta":[],"product_brand":[],"product_cat":[1054,1055],"product_tag":[],"class_list":{"0":"post-33733","1":"product","2":"type-product","3":"status-publish","4":"has-post-thumbnail","6":"product_cat-biomet-3i","7":"product_cat-certain","9":"first","10":"instock","11":"taxable","12":"shipping-taxable","13":"purchasable","14":"product-type-variable","15":"rtwpvg-product"},"_links":{"self":[{"href":"https:\/\/shop.heliocos.de\/es\/wp-json\/wp\/v2\/product\/33733","targetHints":{"allow":["GET"]}}],"collection":[{"href":"https:\/\/shop.heliocos.de\/es\/wp-json\/wp\/v2\/product"}],"about":[{"href":"https:\/\/shop.heliocos.de\/es\/wp-json\/wp\/v2\/types\/product"}],"wp:featuredmedia":[{"embeddable":true,"href":"https:\/\/shop.heliocos.de\/es\/wp-json\/wp\/v2\/media\/33737"}],"wp:attachment":[{"href":"https:\/\/shop.heliocos.de\/es\/wp-json\/wp\/v2\/media?parent=33733"}],"wp:term":[{"taxonomy":"product_brand","embeddable":true,"href":"https:\/\/shop.heliocos.de\/es\/wp-json\/wp\/v2\/product_brand?post=33733"},{"taxonomy":"product_cat","embeddable":true,"href":"https:\/\/shop.heliocos.de\/es\/wp-json\/wp\/v2\/product_cat?post=33733"},{"taxonomy":"product_tag","embeddable":true,"href":"https:\/\/shop.heliocos.de\/es\/wp-json\/wp\/v2\/product_tag?post=33733"}],"curies":[{"name":"wp","href":"https:\/\/api.w.org\/{rel}","templated":true}]}}