{"id":32636,"date":"2023-08-23T13:36:57","date_gmt":"2023-08-23T11:36:58","guid":{"rendered":"https:\/\/shop.heliocos.de\/?post_type=product&#038;p=32636"},"modified":"2025-05-23T08:47:40","modified_gmt":"2025-05-23T06:47:40","slug":"analogo-de-implante-para-megagen-anyridge-kopie","status":"publish","type":"product","link":"https:\/\/shop.heliocos.de\/es\/producto\/anthogyr-es\/axiom-bl-x3-es\/analogo-de-implante-para-megagen-anyridge-kopie\/","title":{"rendered":"An\u00e1logo de implante para Anthogyr\u00ae &#8211; Axiom\u00ae BL \/ X3"},"content":{"rendered":"<p>An\u00e1logo de laboratorio adecuado para pilares Anthogyr\u00ae &#8211; Axiom\u00ae BL \/ X3. El an\u00e1logo est\u00e1 fabricado en titanio de grado 5 (Ti6Al4V). Cada an\u00e1logo de laboratorio tiene 12 mm de longitud, lo que facilita su uso.<\/p>\n<p>Todos los an\u00e1logos de laboratorio est\u00e1n hechos de una aleaci\u00f3n de titanio.<\/p>\n<p>Aproveche la atractiva relaci\u00f3n precio-rendimiento de los an\u00e1logos Heliocos, por eso ofrecemos precios graduados. En un paquete de 10, el an\u00e1logo de laboratorio cuesta 9 EUR cada uno, en un paquete de 30, el an\u00e1logo de laboratorio cuesta 8 EUR cada uno.<\/p>\n<p>Utilice los an\u00e1logos de laboratorio adecuados para Anthogyr\u00ae &#8211; Axiom\u00ae BL \/ X3 tambi\u00e9n para modelos impresos. Para hacer esto, descargue nuestras bibliotecas. Descargue las bibliotecas para su flujo de trabajo digital desde Heliocos (<a href=\"https:\/\/www.heliocos.com\/downloads\">Descargas de Heliocos<\/a>).<\/p>\n","protected":false},"excerpt":{"rendered":"<p>An\u00e1logo de laboratorio adecuado para pilares Anthogyr\u00ae &#8211; Axiom\u00ae BL \/ X3. El an\u00e1logo est\u00e1 fabricado en titanio de grado 5 (Ti6Al4V). Cada an\u00e1logo de laboratorio tiene 12 mm de longitud, lo que facilita su uso. Todos los an\u00e1logos de laboratorio est\u00e1n hechos de una aleaci\u00f3n de titanio. Aproveche la atractiva relaci\u00f3n precio-rendimiento de los [&hellip;]<\/p>\n","protected":false},"featured_media":32644,"template":"","meta":[],"product_brand":[],"product_cat":[1051,1052],"product_tag":[932],"class_list":{"0":"post-32636","1":"product","2":"type-product","3":"status-publish","4":"has-post-thumbnail","6":"product_cat-anthogyr-es","7":"product_cat-axiom-bl-x3-es","8":"product_tag-analogo-de-implante","10":"first","11":"instock","12":"taxable","13":"shipping-taxable","14":"purchasable","15":"product-type-simple"},"_links":{"self":[{"href":"https:\/\/shop.heliocos.de\/es\/wp-json\/wp\/v2\/product\/32636","targetHints":{"allow":["GET"]}}],"collection":[{"href":"https:\/\/shop.heliocos.de\/es\/wp-json\/wp\/v2\/product"}],"about":[{"href":"https:\/\/shop.heliocos.de\/es\/wp-json\/wp\/v2\/types\/product"}],"wp:featuredmedia":[{"embeddable":true,"href":"https:\/\/shop.heliocos.de\/es\/wp-json\/wp\/v2\/media\/32644"}],"wp:attachment":[{"href":"https:\/\/shop.heliocos.de\/es\/wp-json\/wp\/v2\/media?parent=32636"}],"wp:term":[{"taxonomy":"product_brand","embeddable":true,"href":"https:\/\/shop.heliocos.de\/es\/wp-json\/wp\/v2\/product_brand?post=32636"},{"taxonomy":"product_cat","embeddable":true,"href":"https:\/\/shop.heliocos.de\/es\/wp-json\/wp\/v2\/product_cat?post=32636"},{"taxonomy":"product_tag","embeddable":true,"href":"https:\/\/shop.heliocos.de\/es\/wp-json\/wp\/v2\/product_tag?post=32636"}],"curies":[{"name":"wp","href":"https:\/\/api.w.org\/{rel}","templated":true}]}}