{"id":32359,"date":"2023-05-11T14:20:55","date_gmt":"2023-05-11T12:20:56","guid":{"rendered":"https:\/\/shop.heliocos.de\/?post_type=product&#038;p=32359"},"modified":"2023-05-11T14:36:07","modified_gmt":"2023-05-11T12:36:07","slug":"analogo-de-implante-para-straumann-blx-kopie","status":"publish","type":"product","link":"https:\/\/shop.heliocos.de\/es\/producto\/tlx-es\/analogo-de-implante-para-straumann-blx-kopie\/","title":{"rendered":"An\u00e1logo de implante para Straumann\u00ae \u2013 TLX"},"content":{"rendered":"<p>An\u00e1logo de laboratorio adecuado para Straumann\u00ae &#8211; TLX. La codificaci\u00f3n de colores de alta calidad permite una f\u00e1cil diferenciaci\u00f3n y asignaci\u00f3n. Cada an\u00e1logo de laboratorio tiene 12 mm de largo. Esto le facilita el uso y no tiene que acortar los an\u00e1logos despu\u00e9s.<\/p>\n<p>Con un di\u00e1metro de 3,3 mm (NT),\u00a0 3,5 mm (WB)\u00a0 o 4,5 mm (WT), son f\u00e1ciles de usar. Est\u00e1n hechos de una aleaci\u00f3n de titanio.<\/p>\n<p>Aproveche los atractivos precios graduados de los an\u00e1logos Heliocos y compre los an\u00e1logos de laboratorio en paquetes de 10 o 30. En un paquete de 10, el an\u00e1logo de laboratorio cuesta 9 EUR cada uno, en un paquete de 30, el an\u00e1logo de laboratorio cuesta 8 EUR cada uno.<\/p>\n<p>Recibir\u00e1 los an\u00e1logos de laboratorio no est\u00e9riles. Tambi\u00e9n puede utilizar los an\u00e1logos de laboratorio para igualar Straumann\u00ae &#8211; TLX para modelos impresos. Utilice las bibliotecas de Heliocos para su flujo de trabajo digital (<a href=\"https:\/\/www.heliocos.com\/downloads\">Descargas de Heliocos<\/a>).<\/p>\n","protected":false},"excerpt":{"rendered":"<p>An\u00e1logo de laboratorio adecuado para Straumann\u00ae &#8211; TLX. La codificaci\u00f3n de colores de alta calidad permite una f\u00e1cil diferenciaci\u00f3n y asignaci\u00f3n. Cada an\u00e1logo de laboratorio tiene 12 mm de largo. Esto le facilita el uso y no tiene que acortar los an\u00e1logos despu\u00e9s. Con un di\u00e1metro de 3,3 mm (NT),\u00a0 3,5 mm (WB)\u00a0 o 4,5 [&hellip;]<\/p>\n","protected":false},"featured_media":32391,"template":"","meta":[],"product_brand":[],"product_cat":[1032],"product_tag":[932,1018,1033],"class_list":{"0":"post-32359","1":"product","2":"type-product","3":"status-publish","4":"has-post-thumbnail","6":"product_cat-tlx-es","7":"product_tag-analogo-de-implante","8":"product_tag-straumann-es","9":"product_tag-tlx-es","11":"first","12":"instock","13":"taxable","14":"shipping-taxable","15":"purchasable","16":"product-type-variable","17":"rtwpvg-product"},"_links":{"self":[{"href":"https:\/\/shop.heliocos.de\/es\/wp-json\/wp\/v2\/product\/32359","targetHints":{"allow":["GET"]}}],"collection":[{"href":"https:\/\/shop.heliocos.de\/es\/wp-json\/wp\/v2\/product"}],"about":[{"href":"https:\/\/shop.heliocos.de\/es\/wp-json\/wp\/v2\/types\/product"}],"wp:featuredmedia":[{"embeddable":true,"href":"https:\/\/shop.heliocos.de\/es\/wp-json\/wp\/v2\/media\/32391"}],"wp:attachment":[{"href":"https:\/\/shop.heliocos.de\/es\/wp-json\/wp\/v2\/media?parent=32359"}],"wp:term":[{"taxonomy":"product_brand","embeddable":true,"href":"https:\/\/shop.heliocos.de\/es\/wp-json\/wp\/v2\/product_brand?post=32359"},{"taxonomy":"product_cat","embeddable":true,"href":"https:\/\/shop.heliocos.de\/es\/wp-json\/wp\/v2\/product_cat?post=32359"},{"taxonomy":"product_tag","embeddable":true,"href":"https:\/\/shop.heliocos.de\/es\/wp-json\/wp\/v2\/product_tag?post=32359"}],"curies":[{"name":"wp","href":"https:\/\/api.w.org\/{rel}","templated":true}]}}