{"id":32299,"date":"2023-05-11T13:33:58","date_gmt":"2023-05-11T11:33:59","guid":{"rendered":"https:\/\/shop.heliocos.de\/?post_type=product&#038;p=32299"},"modified":"2023-05-11T13:55:50","modified_gmt":"2023-05-11T11:55:50","slug":"analogo-de-implante-para-straumann-bone-level-kopie","status":"publish","type":"product","link":"https:\/\/shop.heliocos.de\/es\/producto\/blx-es\/analogo-de-implante-para-straumann-bone-level-kopie\/","title":{"rendered":"An\u00e1logo de implante para Straumann\u00ae \u2013 BLX"},"content":{"rendered":"<p>An\u00e1logo de laboratorio adecuado para Straumann\u00ae &#8211; BLX. La codificaci\u00f3n de colores de alta calidad permite una f\u00e1cil diferenciaci\u00f3n y asignaci\u00f3n. Cada an\u00e1logo de laboratorio tiene 12 mm de largo. Esto le facilita el uso y no tiene que acortar los an\u00e1logos despu\u00e9s.<\/p>\n<p>Con un di\u00e1metro de 3,5 mm (RB) o 4,1 mm (WB), son f\u00e1ciles de usar. Est\u00e1n hechos de una aleaci\u00f3n de titanio.<\/p>\n<p>Aproveche los atractivos precios graduados de los an\u00e1logos Heliocos y compre los an\u00e1logos de laboratorio en paquetes de 10 o 30. En un paquete de 10, el an\u00e1logo de laboratorio cuesta 9 EUR cada uno, en un paquete de 30, el an\u00e1logo de laboratorio cuesta 8 EUR cada uno.<\/p>\n<p>Recibir\u00e1 los an\u00e1logos de laboratorio no est\u00e9riles. Tambi\u00e9n puede utilizar los an\u00e1logos de laboratorio para igualar Straumann\u00ae &#8211; Bone Level para modelos impresos. Utilice las bibliotecas de Heliocos para su flujo de trabajo digital (<a href=\"https:\/\/www.heliocos.com\/downloads\">Descargas de Heliocos<\/a>).<\/p>\n","protected":false},"excerpt":{"rendered":"<p>An\u00e1logo de laboratorio adecuado para Straumann\u00ae &#8211; BLX. La codificaci\u00f3n de colores de alta calidad permite una f\u00e1cil diferenciaci\u00f3n y asignaci\u00f3n. Cada an\u00e1logo de laboratorio tiene 12 mm de largo. Esto le facilita el uso y no tiene que acortar los an\u00e1logos despu\u00e9s. Con un di\u00e1metro de 3,5 mm (RB) o 4,1 mm (WB), son [&hellip;]<\/p>\n","protected":false},"featured_media":32325,"template":"","meta":[],"product_brand":[],"product_cat":[1017],"product_tag":[932,1019,1018],"class_list":{"0":"post-32299","1":"product","2":"type-product","3":"status-publish","4":"has-post-thumbnail","6":"product_cat-blx-es","7":"product_tag-analogo-de-implante","8":"product_tag-blx-es","9":"product_tag-straumann-es","11":"first","12":"instock","13":"taxable","14":"shipping-taxable","15":"purchasable","16":"product-type-variable","17":"rtwpvg-product"},"_links":{"self":[{"href":"https:\/\/shop.heliocos.de\/es\/wp-json\/wp\/v2\/product\/32299","targetHints":{"allow":["GET"]}}],"collection":[{"href":"https:\/\/shop.heliocos.de\/es\/wp-json\/wp\/v2\/product"}],"about":[{"href":"https:\/\/shop.heliocos.de\/es\/wp-json\/wp\/v2\/types\/product"}],"wp:featuredmedia":[{"embeddable":true,"href":"https:\/\/shop.heliocos.de\/es\/wp-json\/wp\/v2\/media\/32325"}],"wp:attachment":[{"href":"https:\/\/shop.heliocos.de\/es\/wp-json\/wp\/v2\/media?parent=32299"}],"wp:term":[{"taxonomy":"product_brand","embeddable":true,"href":"https:\/\/shop.heliocos.de\/es\/wp-json\/wp\/v2\/product_brand?post=32299"},{"taxonomy":"product_cat","embeddable":true,"href":"https:\/\/shop.heliocos.de\/es\/wp-json\/wp\/v2\/product_cat?post=32299"},{"taxonomy":"product_tag","embeddable":true,"href":"https:\/\/shop.heliocos.de\/es\/wp-json\/wp\/v2\/product_tag?post=32299"}],"curies":[{"name":"wp","href":"https:\/\/api.w.org\/{rel}","templated":true}]}}