{"id":30682,"date":"2020-09-24T09:16:53","date_gmt":"2020-09-24T07:16:53","guid":{"rendered":"https:\/\/shop.heliocos.de\/produkt\/sin categor\u00eda\/multi-unit-abutment-straumann-tissue-level\/"},"modified":"2020-09-24T09:16:53","modified_gmt":"2020-09-24T07:16:53","slug":"multi-unit-abutment-straumann-tissue-level","status":"publish","type":"product","link":"https:\/\/shop.heliocos.de\/es\/producto\/tissue-level-es\/multi-unit-abutment-straumann-tissue-level\/","title":{"rendered":"Pilar Multi-Unit para Straumann\u00ae \u2013 Tissue Level"},"content":{"rendered":"<div class=\"FFpbKc\">\n<div class=\"ZTPlmc\">139\u00a0\/ 5000<\/div>\n<div class=\"nidPne\">\n<div id=\"ow514\" data-show-delay-ms=\"250\" data-append-to-body=\"true\" data-propagate-tooltip-mouseover-events=\"true\" data-anchor-corner=\"bottom-left\" data-popup-corner=\"top-left\">\n<div>\n<div class=\"scLCMd\">\n<div>\n<div class=\"goog-container goog-container-vertical\" tabindex=\"-1\"><\/div>\n<\/div>\n<\/div>\n<\/div>\n<\/div>\n<\/div>\n<\/div>\n<h2 id=\"c273\" class=\"oBOnKe\">Translation results<\/h2>\n<div class=\"dePhmb\">\n<div class=\"eyKpYb\" data-language=\"es\" data-original-language=\"de\" data-result-index=\"0\">\n<div class=\"J0lOec\"><span class=\"VIiyi\" lang=\"es\"><span class=\"JLqJ4b ChMk0b\" data-language-for-alternatives=\"es\" data-language-to-translate-into=\"de\" data-phrase-index=\"0\">Pilar multi-unit para barras atornilladas adecuado para Straumann\u00ae &#8211; Tissue Level con dise\u00f1o de chimenea, adecuado para todas las plataformas.<\/span><\/span><\/div>\n<\/div>\n<\/div>\n<p>&nbsp;<\/p>\n<p>&nbsp;<\/p>\n<p>Multi-Unit Abutment f\u00fcr verschraubte Stege passend zu Straumann\u00ae \u2013 Tissue Level mit plattform\u00fcbergreifenden Kamindesign. So k\u00f6nnen sie unterschiedliche Implantatsysteme mit den Multi-Unit Abutments von Heliocos versorgen. Ein gro\u00dfartiges Preis-Leistungs-Verh\u00e4ltnis inklusive 30 Jahre Herstellergarantie.<\/p>\n<p>Hergestellt werden die Multi-Unit Abutments aus einer Titanlegierung. Daher besitzen sie eine nachweisbare Biokompatibilit\u00e4t und eine hervorragende mechanische Festigkeit. Die Multi-Unit Abutments sind mit einem kurzen Konus gestaltet. Deshalb eignen sie sich auch bei einem verkleinerten Platzangebot. Das All-on-4\u00ae Prinzip hat uns bei der Konstruktion inspiriert.<\/p>\n<p>Sie k\u00f6nnen aus einem umfangreichen Sortiment an Terti\u00e4rteilen f\u00fcr Multi-Unit Abutments ausw\u00e4hlen. Nutzen Sie die CAD\/CAM Prozesskette (<a href=\"http:\/\/shop.heliocos.de\/produkt\/multi-unit\/titanbasis-13\/\">Titanbasis Multi-Unit<\/a>) oder einen konventionellen Workflow (<a href=\"http:\/\/shop.heliocos.de\/produkt\/multi-unit\/titankappe-multi-unit\/\">Titankappe Multi-Unit).<\/a><\/p>\n<p>Die Heliocos Bibliotheken bieten Ihnen die maximale Freiheit bei der Gestaltung von verschraubten Stegen. Entweder Sie geestalten Ihre Arbeit auf Titanbasen oder auf einer direktverschraubten L\u00f6sung. Mit Heliocos haben Sie die Wahl. Laden Sie die Bibliotheken bequem auf der Internetseite von Heliocos herunter (<a href=\"https:\/\/www.heliocos.de\/medien\">Heliocos Downloads<\/a>).<\/p>\n<p>Wir empfehlen Ihnen den Scan und die Abformung auf Abutmentniveau durchzuf\u00fchren. Dadurch ist der CAD\/CAM Prozess vereinfacht. Wir liefern die Multi-Unit Abutments mit einer praktischen Einbringhilfe aus. Dadurch k\u00f6nnen Sie diese einfach inserieren. Die Teile werden unsteril ausgeliefert. Bitte beachten Sie hierzu die Anleitung von Heliocos in der Gebrauchsanweisung (<a href=\"https:\/\/www.heliocos.de\/medien\">Heliocos Downloads<\/a>).\u00a0Nutzen Sie das Multi-Unit Einbringinstrument zur einfachen Insertion der Multi-Unit Abutments.<\/p>\n","protected":false},"excerpt":{"rendered":"<p>139\u00a0\/ 5000 Translation results Pilar multi-unit para barras atornilladas adecuado para Straumann\u00ae &#8211; Tissue Level con dise\u00f1o de chimenea, adecuado para todas las plataformas. &nbsp; &nbsp; Multi-Unit Abutment f\u00fcr verschraubte Stege passend zu Straumann\u00ae \u2013 Tissue Level mit plattform\u00fcbergreifenden Kamindesign. So k\u00f6nnen sie unterschiedliche Implantatsysteme mit den Multi-Unit Abutments von Heliocos versorgen. Ein gro\u00dfartiges Preis-Leistungs-Verh\u00e4ltnis [&hellip;]<\/p>\n","protected":false},"featured_media":30683,"template":"","meta":[],"product_brand":[],"product_cat":[954],"product_tag":[929],"class_list":{"0":"post-30682","1":"product","2":"type-product","3":"status-publish","4":"has-post-thumbnail","6":"product_cat-tissue-level-es","7":"product_tag-pilar-multi-unit","9":"first","10":"instock","11":"taxable","12":"shipping-taxable","13":"purchasable","14":"product-type-variable","15":"rtwpvg-product"},"_links":{"self":[{"href":"https:\/\/shop.heliocos.de\/es\/wp-json\/wp\/v2\/product\/30682","targetHints":{"allow":["GET"]}}],"collection":[{"href":"https:\/\/shop.heliocos.de\/es\/wp-json\/wp\/v2\/product"}],"about":[{"href":"https:\/\/shop.heliocos.de\/es\/wp-json\/wp\/v2\/types\/product"}],"wp:featuredmedia":[{"embeddable":true,"href":"https:\/\/shop.heliocos.de\/es\/wp-json\/wp\/v2\/media\/30683"}],"wp:attachment":[{"href":"https:\/\/shop.heliocos.de\/es\/wp-json\/wp\/v2\/media?parent=30682"}],"wp:term":[{"taxonomy":"product_brand","embeddable":true,"href":"https:\/\/shop.heliocos.de\/es\/wp-json\/wp\/v2\/product_brand?post=30682"},{"taxonomy":"product_cat","embeddable":true,"href":"https:\/\/shop.heliocos.de\/es\/wp-json\/wp\/v2\/product_cat?post=30682"},{"taxonomy":"product_tag","embeddable":true,"href":"https:\/\/shop.heliocos.de\/es\/wp-json\/wp\/v2\/product_tag?post=30682"}],"curies":[{"name":"wp","href":"https:\/\/api.w.org\/{rel}","templated":true}]}}