{"id":30665,"date":"2020-06-30T22:09:56","date_gmt":"2020-06-30T20:09:56","guid":{"rendered":"https:\/\/shop.heliocos.de\/produkt\/sin categor\u00eda\/pilar-individual-para-ankylos\/"},"modified":"2020-06-30T22:09:56","modified_gmt":"2020-06-30T20:09:56","slug":"pilar-individual-para-ankylos","status":"publish","type":"product","link":"https:\/\/shop.heliocos.de\/es\/producto\/dentsply-es\/ankylos-es\/pilar-individual-para-ankylos\/","title":{"rendered":"Pilar individual para Ankylos\u00ae"},"content":{"rendered":"<p>Patientenindividuelles Abutment f\u00fcr Dentsply\u00ae &#8211; Ankylos\u00ae aus Titan Grade 5. Nutzen Sie die M\u00f6glichkeit, Abutments patientenindividuell einzusetzen.<\/p>\n<p>Die individuellen Abutments werden auf Basis Ihrer CAD Daten gefr\u00e4st. Wir verwenden die CE zertifizierten Fr\u00e4s-Rohlinge von Heliocos.<\/p>\n<p>Nutzen Sie die Scanbodys (<a href=\"http:\/\/shop.heliocos.de\/produkt\/dentsply\/ankylos\/scanbody-dentsply-ankylos\/\">Scanbody f\u00fcr Ankylos\u00ae)<\/a> und CAD Bibliotheken von Heliocos, um ein optimales Ergebnis zu erhalten. Wir liefern Ihnen die individuellen Abutments unsteril aus, deshalb sollten Sie die Anleitung zum Aufbereiten von Heliocos in der Gebrauchsanweisung (<a href=\"https:\/\/www.heliocos.de\/medien\">Heliocos Downloads<\/a>) beachten.<\/p>\n<p>Ein individuelles Abutment wird als Set mit einer definiten Abutmentschraube ausgeliefert. Die Abutmentschraube ist ebenfalls aus einer Titanlegierung gefertigt. Nutzen Sie weiterhin Ihre originalen Instrumente oder Instrumente von Heliocos (<a href=\"http:\/\/shop.heliocos.de\/produkt\/instrumente\/eindrehinstrument-hex\/\">Eindrehinstrument Hex<\/a>).<\/p>\n<p>Wir verpacken die individuellen Abutments einzeln und versehen diese mit Patientenetiketten. Deshalb k\u00f6nnen Sie die Abutments einfach zuordnen.<\/p>\n","protected":false},"excerpt":{"rendered":"<p>Patientenindividuelles Abutment f\u00fcr Dentsply\u00ae &#8211; Ankylos\u00ae aus Titan Grade 5. Nutzen Sie die M\u00f6glichkeit, Abutments patientenindividuell einzusetzen. Die individuellen Abutments werden auf Basis Ihrer CAD Daten gefr\u00e4st. Wir verwenden die CE zertifizierten Fr\u00e4s-Rohlinge von Heliocos. Nutzen Sie die Scanbodys (Scanbody f\u00fcr Ankylos\u00ae) und CAD Bibliotheken von Heliocos, um ein optimales Ergebnis zu erhalten. Wir liefern [&hellip;]<\/p>\n","protected":false},"featured_media":30666,"template":"","meta":[],"product_brand":[],"product_cat":[717],"product_tag":[923],"class_list":{"0":"post-30665","1":"product","2":"type-product","3":"status-publish","4":"has-post-thumbnail","6":"product_cat-ankylos-es","7":"product_tag-pilar-individuale","9":"first","10":"outofstock","11":"taxable","12":"shipping-taxable","13":"purchasable","14":"product-type-simple"},"_links":{"self":[{"href":"https:\/\/shop.heliocos.de\/es\/wp-json\/wp\/v2\/product\/30665","targetHints":{"allow":["GET"]}}],"collection":[{"href":"https:\/\/shop.heliocos.de\/es\/wp-json\/wp\/v2\/product"}],"about":[{"href":"https:\/\/shop.heliocos.de\/es\/wp-json\/wp\/v2\/types\/product"}],"wp:featuredmedia":[{"embeddable":true,"href":"https:\/\/shop.heliocos.de\/es\/wp-json\/wp\/v2\/media\/30666"}],"wp:attachment":[{"href":"https:\/\/shop.heliocos.de\/es\/wp-json\/wp\/v2\/media?parent=30665"}],"wp:term":[{"taxonomy":"product_brand","embeddable":true,"href":"https:\/\/shop.heliocos.de\/es\/wp-json\/wp\/v2\/product_brand?post=30665"},{"taxonomy":"product_cat","embeddable":true,"href":"https:\/\/shop.heliocos.de\/es\/wp-json\/wp\/v2\/product_cat?post=30665"},{"taxonomy":"product_tag","embeddable":true,"href":"https:\/\/shop.heliocos.de\/es\/wp-json\/wp\/v2\/product_tag?post=30665"}],"curies":[{"name":"wp","href":"https:\/\/api.w.org\/{rel}","templated":true}]}}