{"id":30518,"date":"2021-03-04T09:41:26","date_gmt":"2021-03-04T08:41:26","guid":{"rendered":"https:\/\/shop.heliocos.de\/produkt\/sin%20categor\u00eda\/pilar-pre-mill-para-dentsply-xive-s\/"},"modified":"2021-08-24T11:57:08","modified_gmt":"2021-08-24T09:57:08","slug":"pilar-pre-mill-para-dentsply-xive-s","status":"publish","type":"product","link":"https:\/\/shop.heliocos.de\/es\/producto\/dentsply-es\/xive-s-es\/pilar-pre-mill-para-dentsply-xive-s\/","title":{"rendered":"Pilar Pre-Mill para Dentsply\u00ae &#8211; Xive\u00ae S"},"content":{"rendered":"<p>Pilar pre-fresado para Dentsply\u00ae \u2013 Xive\u00ae S para la producci\u00f3n de pilares individuales. Puede elegir entre diferentes di\u00e1metros.<\/p>\n<p>Utilice <a href=\"https:\/\/shop.heliocos.de\/es\/produkt\/dentsply-es\/xive-s-es\/pilar-de-escaneado-para-dentsply-xive-s\/\">el pilar de escaneado de Heliocos<\/a> para aprovechar al m\u00e1ximo la cadena de procesos CAD \/ CAM.<\/p>\n<p>La parte secundaria est\u00e1 hecha de una aleaci\u00f3n de titanio. Esto asegura una excelente biocompatibilidad y alta resistencia.<\/p>\n<p>Recibir\u00e1 los pilares pre-fresados \u200b\u200bcon un tornillo de pilar definitivo. El tornillo del pilar tambi\u00e9n est\u00e1 hecho de una aleaci\u00f3n de titanio. Puede seguir utilizando sus instrumentos originales o instrumentos de Heliocos (<a href=\"https:\/\/shop.heliocos.de\/es\/produkt\/instrumentos\/destornillador-hex\/\">Destornillador Hex<\/a>). El pilar pre-fresado y el tornillo del pilar se entregan como un juego. Prepare las piezas antes de usarlas. Tenga en cuenta las instrucciones de Heliocos en las instrucciones de uso (<a href=\"https:\/\/www.heliocos.com\/downloads\">Descargas de Heliocos<\/a>).<\/p>\n<p>Los pilares Pre-Mill requieren bibliotecas CAM espec\u00edficas del producto. Compruebe si su proveedor de CAM proporciona nuestras bibliotecas.<\/p>\n","protected":false},"excerpt":{"rendered":"<p>Pilar pre-fresado para Dentsply\u00ae \u2013 Xive\u00ae S para la producci\u00f3n de pilares individuales. Puede elegir entre diferentes di\u00e1metros. Utilice el pilar de escaneado de Heliocos para aprovechar al m\u00e1ximo la cadena de procesos CAD \/ CAM. La parte secundaria est\u00e1 hecha de una aleaci\u00f3n de titanio. Esto asegura una excelente biocompatibilidad y alta resistencia. Recibir\u00e1 [&hellip;]<\/p>\n","protected":false},"featured_media":30519,"template":"","meta":[],"product_brand":[],"product_cat":[722],"product_tag":[990],"class_list":{"0":"post-30518","1":"product","2":"type-product","3":"status-publish","4":"has-post-thumbnail","6":"product_cat-xive-s-es","7":"product_tag-pilar-pre-mill","9":"first","10":"instock","11":"taxable","12":"shipping-taxable","13":"purchasable","14":"product-type-variable","15":"rtwpvg-product"},"_links":{"self":[{"href":"https:\/\/shop.heliocos.de\/es\/wp-json\/wp\/v2\/product\/30518","targetHints":{"allow":["GET"]}}],"collection":[{"href":"https:\/\/shop.heliocos.de\/es\/wp-json\/wp\/v2\/product"}],"about":[{"href":"https:\/\/shop.heliocos.de\/es\/wp-json\/wp\/v2\/types\/product"}],"wp:featuredmedia":[{"embeddable":true,"href":"https:\/\/shop.heliocos.de\/es\/wp-json\/wp\/v2\/media\/30519"}],"wp:attachment":[{"href":"https:\/\/shop.heliocos.de\/es\/wp-json\/wp\/v2\/media?parent=30518"}],"wp:term":[{"taxonomy":"product_brand","embeddable":true,"href":"https:\/\/shop.heliocos.de\/es\/wp-json\/wp\/v2\/product_brand?post=30518"},{"taxonomy":"product_cat","embeddable":true,"href":"https:\/\/shop.heliocos.de\/es\/wp-json\/wp\/v2\/product_cat?post=30518"},{"taxonomy":"product_tag","embeddable":true,"href":"https:\/\/shop.heliocos.de\/es\/wp-json\/wp\/v2\/product_tag?post=30518"}],"curies":[{"name":"wp","href":"https:\/\/api.w.org\/{rel}","templated":true}]}}