{"id":30500,"date":"2020-09-30T11:45:03","date_gmt":"2020-09-30T09:45:03","guid":{"rendered":"https:\/\/shop.heliocos.de\/produkt\/sin%20categor\u00eda\/base-de-titanio-para-nobel-biocare-replace\/"},"modified":"2021-07-23T10:12:30","modified_gmt":"2021-07-23T08:12:30","slug":"base-de-titanio-para-nobel-biocare-replace","status":"publish","type":"product","link":"https:\/\/shop.heliocos.de\/es\/producto\/nobel-replace-tapered\/base-de-titanio-para-nobel-biocare-replace\/","title":{"rendered":"Base de titanio para Nobel Biocare\u00ae &#8211; Replace"},"content":{"rendered":"<p>Base de titanio adecuada para implantes Nobel Biocare\u00ae con conexi\u00f3n interna de tres canales. Utilice la base adhesiva de titanio para coronas cementables.<\/p>\n<p>La parte secundaria est\u00e1 hecha de una aleaci\u00f3n de titanio. Esto asegura una excelente biocompatibilidad y alta resistencia. Las bases de titanio Heliocos tienen una excelente resistencia a la fatiga, lo que significa que se consigue una restauraci\u00f3n duradera. Es por eso que ofrecemos una garant\u00eda de fabricante de 30 a\u00f1os para las bases de titanio Heliocos.<\/p>\n<p>Recibe las bases de titanio con un tornillo de pilar definitivo. El tornillo del pilar tambi\u00e9n est\u00e1 hecho de una aleaci\u00f3n de titanio. Puede seguir utilizando sus instrumentos originales o los instrumentos de Heliocos (<a href=\"https:\/\/shop.heliocos.de\/es\/produkt\/instrumentos\/destornillador-unigrip\/\">destornillador UniGrip<\/a>). La base de titanio y el tornillo de pilar se suministran como un juego. Prepare las piezas antes de usarlas. Tenga en cuenta las instrucciones de Heliocos en las instrucciones de uso (<a href=\"https:\/\/www.heliocos.com\/downloads\">Descargas de Heliocos<\/a>).<\/p>\n","protected":false},"excerpt":{"rendered":"<p>Base de titanio adecuada para implantes Nobel Biocare\u00ae con conexi\u00f3n interna de tres canales. Utilice la base adhesiva de titanio para coronas cementables. La parte secundaria est\u00e1 hecha de una aleaci\u00f3n de titanio. Esto asegura una excelente biocompatibilidad y alta resistencia. Las bases de titanio Heliocos tienen una excelente resistencia a la fatiga, lo que [&hellip;]<\/p>\n","protected":false},"featured_media":30502,"template":"","meta":[],"product_brand":[],"product_cat":[962],"product_tag":[988],"class_list":{"0":"post-30500","1":"product","2":"type-product","3":"status-publish","4":"has-post-thumbnail","6":"product_cat-nobel-replace-tapered","7":"product_tag-base-de-titanio","9":"first","10":"instock","11":"taxable","12":"shipping-taxable","13":"purchasable","14":"product-type-variable","15":"rtwpvg-product"},"_links":{"self":[{"href":"https:\/\/shop.heliocos.de\/es\/wp-json\/wp\/v2\/product\/30500","targetHints":{"allow":["GET"]}}],"collection":[{"href":"https:\/\/shop.heliocos.de\/es\/wp-json\/wp\/v2\/product"}],"about":[{"href":"https:\/\/shop.heliocos.de\/es\/wp-json\/wp\/v2\/types\/product"}],"wp:featuredmedia":[{"embeddable":true,"href":"https:\/\/shop.heliocos.de\/es\/wp-json\/wp\/v2\/media\/30502"}],"wp:attachment":[{"href":"https:\/\/shop.heliocos.de\/es\/wp-json\/wp\/v2\/media?parent=30500"}],"wp:term":[{"taxonomy":"product_brand","embeddable":true,"href":"https:\/\/shop.heliocos.de\/es\/wp-json\/wp\/v2\/product_brand?post=30500"},{"taxonomy":"product_cat","embeddable":true,"href":"https:\/\/shop.heliocos.de\/es\/wp-json\/wp\/v2\/product_cat?post=30500"},{"taxonomy":"product_tag","embeddable":true,"href":"https:\/\/shop.heliocos.de\/es\/wp-json\/wp\/v2\/product_tag?post=30500"}],"curies":[{"name":"wp","href":"https:\/\/api.w.org\/{rel}","templated":true}]}}