{"id":30466,"date":"2020-08-13T15:15:57","date_gmt":"2020-08-13T13:15:57","guid":{"rendered":"https:\/\/shop.heliocos.de\/produkt\/sin%20categor\u00eda\/base-de-titanio-multi-unit\/"},"modified":"2021-07-23T10:16:11","modified_gmt":"2021-07-23T08:16:11","slug":"base-de-titanio-multi-unit","status":"publish","type":"product","link":"https:\/\/shop.heliocos.de\/es\/producto\/multi-unit-es\/base-de-titanio-multi-unit\/","title":{"rendered":"Base de titanio Multi-Unit"},"content":{"rendered":"<p>Base de titanio multi-unit que incluye tornillo para pilares multi-unit. Los tornillos Multi-Unit est\u00e1n disponibles con diferentes conexiones de instrumentos:<\/p>\n<p>Hexagonal 1,01 = destornillador Ankylos\u00ae<\/p>\n<p>Hexagonal 1,22 = destornillador Xive\u00ae S<\/p>\n<p>Hexagonales 1,26 = destornilladores Zimmer\u00ae, Camlog\u00ae, Astra Tech\u00ae<\/p>\n<p>Torx\u00ae T6 = destornillador Straumann\u00ae<\/p>\n<p>Unigrip = destornillador Nobel Biocare\u00ae.<\/p>\n<p>La base de titanio multi-unit es adecuada para todos los pilares multi-unit de Heliocos y, por lo tanto, puede ser utilizada por todos los fabricantes de implantes. La base de titanio est\u00e1 hecha de una aleaci\u00f3n de titanio. Esto da como resultado una excelente biocompatibilidad. El producto est\u00e1 contenido en la biblioteca de unidades m\u00faltiples. Utilice el <a href=\"https:\/\/shop.heliocos.de\/es\/produkt\/multi-unit-es\/pilar-de-escaneado-multi-unit\/\">pilar de escaneado Multi-Unit<\/a> para esto.<\/p>\n<p>Puede seguir utilizando sus instrumentos originales o instrumentos de Heliocos (<a href=\"https:\/\/shop.heliocos.de\/es\/marcas%20de%20implantes\/instrumentos\/\">instrumentos de atornillado<\/a>). La base de titanio y el tornillo de pilar se suministran como un juego. Prepare las piezas antes de usarlas. Tenga en cuenta las instrucciones de Heliocos en las instrucciones de uso (<a href=\"https:\/\/www.heliocos.com\/downloads\">Descargas de Heliocos<\/a>).<\/p>\n","protected":false},"excerpt":{"rendered":"<p>Base de titanio multi-unit que incluye tornillo para pilares multi-unit. Los tornillos Multi-Unit est\u00e1n disponibles con diferentes conexiones de instrumentos: Hexagonal 1,01 = destornillador Ankylos\u00ae Hexagonal 1,22 = destornillador Xive\u00ae S Hexagonales 1,26 = destornilladores Zimmer\u00ae, Camlog\u00ae, Astra Tech\u00ae Torx\u00ae T6 = destornillador Straumann\u00ae Unigrip = destornillador Nobel Biocare\u00ae. La base de titanio multi-unit es [&hellip;]<\/p>\n","protected":false},"featured_media":30481,"template":"","meta":[],"product_brand":[],"product_cat":[952],"product_tag":[988,931],"class_list":{"0":"post-30466","1":"product","2":"type-product","3":"status-publish","4":"has-post-thumbnail","6":"product_cat-multi-unit-es","7":"product_tag-base-de-titanio","8":"product_tag-multi-unit-es","10":"first","11":"instock","12":"taxable","13":"shipping-taxable","14":"purchasable","15":"product-type-variable","16":"rtwpvg-product"},"_links":{"self":[{"href":"https:\/\/shop.heliocos.de\/es\/wp-json\/wp\/v2\/product\/30466","targetHints":{"allow":["GET"]}}],"collection":[{"href":"https:\/\/shop.heliocos.de\/es\/wp-json\/wp\/v2\/product"}],"about":[{"href":"https:\/\/shop.heliocos.de\/es\/wp-json\/wp\/v2\/types\/product"}],"wp:featuredmedia":[{"embeddable":true,"href":"https:\/\/shop.heliocos.de\/es\/wp-json\/wp\/v2\/media\/30481"}],"wp:attachment":[{"href":"https:\/\/shop.heliocos.de\/es\/wp-json\/wp\/v2\/media?parent=30466"}],"wp:term":[{"taxonomy":"product_brand","embeddable":true,"href":"https:\/\/shop.heliocos.de\/es\/wp-json\/wp\/v2\/product_brand?post=30466"},{"taxonomy":"product_cat","embeddable":true,"href":"https:\/\/shop.heliocos.de\/es\/wp-json\/wp\/v2\/product_cat?post=30466"},{"taxonomy":"product_tag","embeddable":true,"href":"https:\/\/shop.heliocos.de\/es\/wp-json\/wp\/v2\/product_tag?post=30466"}],"curies":[{"name":"wp","href":"https:\/\/api.w.org\/{rel}","templated":true}]}}