{"id":30232,"date":"2020-06-30T22:09:20","date_gmt":"2020-06-30T20:09:20","guid":{"rendered":"https:\/\/shop.heliocos.de\/produkt\/sin%20categor\u00eda\/base-de-titanio-para-straumann-bone-level\/"},"modified":"2021-07-23T11:50:30","modified_gmt":"2021-07-23T09:50:30","slug":"base-de-titanio-para-straumann-bone-level","status":"publish","type":"product","link":"https:\/\/shop.heliocos.de\/es\/producto\/bone-level-es\/base-de-titanio-para-straumann-bone-level\/","title":{"rendered":"Base de titanio para Straumann\u00ae &#8211; Bone Level"},"content":{"rendered":"<p>Base de titanio adecuada para implantes Straumann\u00ae &#8211; Bone Level. Utilice la base adhesiva de titanio para coronas cementables. Puede elegir entre diferentes alturas de chimenea, seg\u00fan la situaci\u00f3n del paciente. Tambi\u00e9n tiene la opci\u00f3n de elegir la base de titanio con o sin protecci\u00f3n contra la rotaci\u00f3n. Las bases de titanio sin protecci\u00f3n contra la rotaci\u00f3n est\u00e1n dise\u00f1adas para construcciones de barras y puentes.<\/p>\n<p>La parte secundaria est\u00e1 hecha de una aleaci\u00f3n de titanio. Esto asegura una excelente biocompatibilidad y alta resistencia. Las bases de titanio Heliocos tienen una excelente resistencia a la fatiga, lo que significa que se consigue una restauraci\u00f3n duradera. Es por eso que ofrecemos una garant\u00eda de fabricante de 30 a\u00f1os para las bases de titanio Heliocos.<\/p>\n<p>Utilice <a href=\"https:\/\/shop.heliocos.de\/es\/produkt\/bone-level-es\/pilar-de-escaneado-para-straumann-bone-level\/\">el pilar de escaneado Heliocos<\/a> para aprovechar al m\u00e1ximo la cadena de procesos CAD \/ CAM.<\/p>\n<p>Recibe las bases de titanio con un tornillo de pilar definitivo. El tornillo del pilar tambi\u00e9n est\u00e1 hecho de una aleaci\u00f3n de titanio. Puede seguir utilizando sus instrumentos originales o <a href=\"https:\/\/shop.heliocos.de\/es\/marcas%20de%20implantes\/instrumentos\/\">los instrumentos de Heliocos<\/a>. La base de titanio y el tornillo de pilar se suministran como un juego. Prepare las piezas antes de usarlas. Tenga en cuenta las instrucciones de Heliocos en las instrucciones de uso (<a href=\"https:\/\/www.heliocos.com\/downloads\">Descargas de Heliocos<\/a>).<\/p>\n","protected":false},"excerpt":{"rendered":"<p>Base de titanio adecuada para implantes Straumann\u00ae &#8211; Bone Level. Utilice la base adhesiva de titanio para coronas cementables. Puede elegir entre diferentes alturas de chimenea, seg\u00fan la situaci\u00f3n del paciente. Tambi\u00e9n tiene la opci\u00f3n de elegir la base de titanio con o sin protecci\u00f3n contra la rotaci\u00f3n. Las bases de titanio sin protecci\u00f3n contra [&hellip;]<\/p>\n","protected":false},"featured_media":30233,"template":"","meta":[],"product_brand":[],"product_cat":[949],"product_tag":[988],"class_list":{"0":"post-30232","1":"product","2":"type-product","3":"status-publish","4":"has-post-thumbnail","6":"product_cat-bone-level-es","7":"product_tag-base-de-titanio","9":"first","10":"instock","11":"taxable","12":"shipping-taxable","13":"purchasable","14":"product-type-variable","15":"rtwpvg-product"},"_links":{"self":[{"href":"https:\/\/shop.heliocos.de\/es\/wp-json\/wp\/v2\/product\/30232","targetHints":{"allow":["GET"]}}],"collection":[{"href":"https:\/\/shop.heliocos.de\/es\/wp-json\/wp\/v2\/product"}],"about":[{"href":"https:\/\/shop.heliocos.de\/es\/wp-json\/wp\/v2\/types\/product"}],"wp:featuredmedia":[{"embeddable":true,"href":"https:\/\/shop.heliocos.de\/es\/wp-json\/wp\/v2\/media\/30233"}],"wp:attachment":[{"href":"https:\/\/shop.heliocos.de\/es\/wp-json\/wp\/v2\/media?parent=30232"}],"wp:term":[{"taxonomy":"product_brand","embeddable":true,"href":"https:\/\/shop.heliocos.de\/es\/wp-json\/wp\/v2\/product_brand?post=30232"},{"taxonomy":"product_cat","embeddable":true,"href":"https:\/\/shop.heliocos.de\/es\/wp-json\/wp\/v2\/product_cat?post=30232"},{"taxonomy":"product_tag","embeddable":true,"href":"https:\/\/shop.heliocos.de\/es\/wp-json\/wp\/v2\/product_tag?post=30232"}],"curies":[{"name":"wp","href":"https:\/\/api.w.org\/{rel}","templated":true}]}}