{"id":30138,"date":"2020-06-30T22:09:56","date_gmt":"2020-06-30T20:09:56","guid":{"rendered":"https:\/\/shop.heliocos.de\/produkt\/sin%20categor\u00eda\/pilar-de-impresion-para-ankylos\/"},"modified":"2021-10-11T16:49:23","modified_gmt":"2021-10-11T14:49:23","slug":"pilar-de-impresion-para-ankylos","status":"publish","type":"product","link":"https:\/\/shop.heliocos.de\/es\/producto\/dentsply-es\/ankylos-es\/pilar-de-impresion-para-ankylos\/","title":{"rendered":"Pilar de impresi\u00f3n para Ankylos\u00ae"},"content":{"rendered":"<p>Pilar de impresi\u00f3n para implantes Dentsply\u00ae &#8211; Ankylos\u00ae para impresiones abiertas.<\/p>\n<p>Los pilares de impresi\u00f3n est\u00e1n hechos de una aleaci\u00f3n de titanio y est\u00e1n marcados con l\u00e1ser, por lo que puede asignarlos f\u00e1cilmente.<\/p>\n<p>Recibir\u00e1 los pilares de impresi\u00f3n como un juego con un tornillo que ya hemos ensamblado para usted. Si es necesario, puede reprocesar el pilar de impresi\u00f3n con la frecuencia que desee. Recibes el pilar de impresi\u00f3n sin esterilizar, por lo que debes seguir las instrucciones para reprocesar Heliocos en las instrucciones de uso (<a href=\"https:\/\/www.heliocos.com\/downloads\">Descargas de Heliocos<\/a>).<\/p>\n<p>No debe reprocesar las tapas de impresi\u00f3n despu\u00e9s de su uso, por lo que puede volver a pedirlas.<\/p>\n","protected":false},"excerpt":{"rendered":"<p>Pilar de impresi\u00f3n para implantes Dentsply\u00ae &#8211; Ankylos\u00ae para impresiones abiertas. Los pilares de impresi\u00f3n est\u00e1n hechos de una aleaci\u00f3n de titanio y est\u00e1n marcados con l\u00e1ser, por lo que puede asignarlos f\u00e1cilmente. Recibir\u00e1 los pilares de impresi\u00f3n como un juego con un tornillo que ya hemos ensamblado para usted. Si es necesario, puede reprocesar [&hellip;]<\/p>\n","protected":false},"featured_media":30140,"template":"","meta":[],"product_brand":[],"product_cat":[717],"product_tag":[907],"class_list":{"0":"post-30138","1":"product","2":"type-product","3":"status-publish","4":"has-post-thumbnail","6":"product_cat-ankylos-es","7":"product_tag-pilar-de-impresion","9":"first","10":"instock","11":"taxable","12":"shipping-taxable","13":"purchasable","14":"product-type-variable","15":"has-default-attributes","16":"rtwpvg-product"},"_links":{"self":[{"href":"https:\/\/shop.heliocos.de\/es\/wp-json\/wp\/v2\/product\/30138","targetHints":{"allow":["GET"]}}],"collection":[{"href":"https:\/\/shop.heliocos.de\/es\/wp-json\/wp\/v2\/product"}],"about":[{"href":"https:\/\/shop.heliocos.de\/es\/wp-json\/wp\/v2\/types\/product"}],"wp:featuredmedia":[{"embeddable":true,"href":"https:\/\/shop.heliocos.de\/es\/wp-json\/wp\/v2\/media\/30140"}],"wp:attachment":[{"href":"https:\/\/shop.heliocos.de\/es\/wp-json\/wp\/v2\/media?parent=30138"}],"wp:term":[{"taxonomy":"product_brand","embeddable":true,"href":"https:\/\/shop.heliocos.de\/es\/wp-json\/wp\/v2\/product_brand?post=30138"},{"taxonomy":"product_cat","embeddable":true,"href":"https:\/\/shop.heliocos.de\/es\/wp-json\/wp\/v2\/product_cat?post=30138"},{"taxonomy":"product_tag","embeddable":true,"href":"https:\/\/shop.heliocos.de\/es\/wp-json\/wp\/v2\/product_tag?post=30138"}],"curies":[{"name":"wp","href":"https:\/\/api.w.org\/{rel}","templated":true}]}}