{"id":30086,"date":"2020-06-30T22:09:38","date_gmt":"2020-06-30T20:09:38","guid":{"rendered":"https:\/\/shop.heliocos.de\/produkt\/sin%20categor\u00eda\/pilar-de-impresion-para-camlog\/"},"modified":"2021-10-11T16:45:07","modified_gmt":"2021-10-11T14:45:07","slug":"pilar-de-impresion-para-camlog","status":"publish","type":"product","link":"https:\/\/shop.heliocos.de\/es\/producto\/camlog-es\/screw-line-root-line2-es\/pilar-de-impresion-para-camlog\/","title":{"rendered":"Pilar de impresi\u00f3n para Camlog\u00ae"},"content":{"rendered":"<p>Pilar de impresi\u00f3n para implantes Camlog\u00ae para impresiones abiertas.<\/p>\n<p>Los pilares de impresi\u00f3n est\u00e1n hechos de una aleaci\u00f3n de titanio y est\u00e1n codificados por colores, por lo que puede asignarlos f\u00e1cilmente.<\/p>\n<p>Obtiene los pilares de impresi\u00f3n como un conjunto con un tornillo. Si es necesario, puede reprocesar el pilar de impresi\u00f3n con la frecuencia que desee. Recibes el pilar de impresi\u00f3n sin esterilizar, por lo que debes seguir las instrucciones para reprocesar Heliocos en las instrucciones de uso (<a href=\"https:\/\/www.heliocos.com\/downloads\">Descargas de Heliocos<\/a>).<\/p>\n<p>No debe reprocesar las tapas de impresi\u00f3n despu\u00e9s de su uso, por lo que puede volver a pedirlas.<\/p>\n","protected":false},"excerpt":{"rendered":"<p>Pilar de impresi\u00f3n para implantes Camlog\u00ae para impresiones abiertas. Los pilares de impresi\u00f3n est\u00e1n hechos de una aleaci\u00f3n de titanio y est\u00e1n codificados por colores, por lo que puede asignarlos f\u00e1cilmente. Obtiene los pilares de impresi\u00f3n como un conjunto con un tornillo. Si es necesario, puede reprocesar el pilar de impresi\u00f3n con la frecuencia que [&hellip;]<\/p>\n","protected":false},"featured_media":30087,"template":"","meta":[],"product_brand":[],"product_cat":[712],"product_tag":[907],"class_list":{"0":"post-30086","1":"product","2":"type-product","3":"status-publish","4":"has-post-thumbnail","6":"product_cat-screw-line-root-line2-es","7":"product_tag-pilar-de-impresion","9":"first","10":"instock","11":"taxable","12":"shipping-taxable","13":"purchasable","14":"product-type-variable","15":"has-default-attributes","16":"rtwpvg-product"},"_links":{"self":[{"href":"https:\/\/shop.heliocos.de\/es\/wp-json\/wp\/v2\/product\/30086","targetHints":{"allow":["GET"]}}],"collection":[{"href":"https:\/\/shop.heliocos.de\/es\/wp-json\/wp\/v2\/product"}],"about":[{"href":"https:\/\/shop.heliocos.de\/es\/wp-json\/wp\/v2\/types\/product"}],"wp:featuredmedia":[{"embeddable":true,"href":"https:\/\/shop.heliocos.de\/es\/wp-json\/wp\/v2\/media\/30087"}],"wp:attachment":[{"href":"https:\/\/shop.heliocos.de\/es\/wp-json\/wp\/v2\/media?parent=30086"}],"wp:term":[{"taxonomy":"product_brand","embeddable":true,"href":"https:\/\/shop.heliocos.de\/es\/wp-json\/wp\/v2\/product_brand?post=30086"},{"taxonomy":"product_cat","embeddable":true,"href":"https:\/\/shop.heliocos.de\/es\/wp-json\/wp\/v2\/product_cat?post=30086"},{"taxonomy":"product_tag","embeddable":true,"href":"https:\/\/shop.heliocos.de\/es\/wp-json\/wp\/v2\/product_tag?post=30086"}],"curies":[{"name":"wp","href":"https:\/\/api.w.org\/{rel}","templated":true}]}}