{"id":30056,"date":"2020-06-30T22:09:20","date_gmt":"2020-06-30T20:09:20","guid":{"rendered":"https:\/\/shop.heliocos.de\/produkt\/sin%20categor\u00eda\/pilar-de-impresion-para-straumann-bone-level\/"},"modified":"2021-10-11T16:25:31","modified_gmt":"2021-10-11T14:25:31","slug":"pilar-de-impresion-para-straumann-bone-level","status":"publish","type":"product","link":"https:\/\/shop.heliocos.de\/es\/producto\/bone-level-es\/pilar-de-impresion-para-straumann-bone-level\/","title":{"rendered":"Pilar de impresi\u00f3n para Straumann\u00ae &#8211; Bone Level"},"content":{"rendered":"<p>Pilares de impresi\u00f3n adecuados para Straumann\u00ae &#8211; Bone Level para impresiones abiertas.<\/p>\n<p>Los pilares de impresi\u00f3n est\u00e1n hechos de una aleaci\u00f3n de titanio y tienen un color anodizado de alta calidad, por lo que se pueden asignar f\u00e1cilmente.<\/p>\n<p>Obtiene los postes de impresi\u00f3n como un conjunto con un tornillo. Si es necesario, puede reprocesar el pilar de impresi\u00f3n con la frecuencia que desee. Recibes el poste de impresi\u00f3n sin esterilizar, por lo que debes seguir las instrucciones para reprocesar Heliocos en las instrucciones de uso (<a href=\"https:\/\/www.heliocos.com\/downloads\">Descargas de Heliocos<\/a>).<\/p>\n<p>Las tapas de impresi\u00f3n no deben reprocesarse despu\u00e9s de su uso, por lo que puede volver a pedirlas.<\/p>\n","protected":false},"excerpt":{"rendered":"<p>Pilares de impresi\u00f3n adecuados para Straumann\u00ae &#8211; Bone Level para impresiones abiertas. Los pilares de impresi\u00f3n est\u00e1n hechos de una aleaci\u00f3n de titanio y tienen un color anodizado de alta calidad, por lo que se pueden asignar f\u00e1cilmente. Obtiene los postes de impresi\u00f3n como un conjunto con un tornillo. Si es necesario, puede reprocesar el [&hellip;]<\/p>\n","protected":false},"featured_media":30057,"template":"","meta":[],"product_brand":[],"product_cat":[949],"product_tag":[907],"class_list":{"0":"post-30056","1":"product","2":"type-product","3":"status-publish","4":"has-post-thumbnail","6":"product_cat-bone-level-es","7":"product_tag-pilar-de-impresion","9":"first","10":"instock","11":"taxable","12":"shipping-taxable","13":"purchasable","14":"product-type-variable","15":"has-default-attributes","16":"rtwpvg-product"},"_links":{"self":[{"href":"https:\/\/shop.heliocos.de\/es\/wp-json\/wp\/v2\/product\/30056","targetHints":{"allow":["GET"]}}],"collection":[{"href":"https:\/\/shop.heliocos.de\/es\/wp-json\/wp\/v2\/product"}],"about":[{"href":"https:\/\/shop.heliocos.de\/es\/wp-json\/wp\/v2\/types\/product"}],"wp:featuredmedia":[{"embeddable":true,"href":"https:\/\/shop.heliocos.de\/es\/wp-json\/wp\/v2\/media\/30057"}],"wp:attachment":[{"href":"https:\/\/shop.heliocos.de\/es\/wp-json\/wp\/v2\/media?parent=30056"}],"wp:term":[{"taxonomy":"product_brand","embeddable":true,"href":"https:\/\/shop.heliocos.de\/es\/wp-json\/wp\/v2\/product_brand?post=30056"},{"taxonomy":"product_cat","embeddable":true,"href":"https:\/\/shop.heliocos.de\/es\/wp-json\/wp\/v2\/product_cat?post=30056"},{"taxonomy":"product_tag","embeddable":true,"href":"https:\/\/shop.heliocos.de\/es\/wp-json\/wp\/v2\/product_tag?post=30056"}],"curies":[{"name":"wp","href":"https:\/\/api.w.org\/{rel}","templated":true}]}}