{"id":29983,"date":"2020-06-30T22:10:35","date_gmt":"2020-06-30T20:10:35","guid":{"rendered":"https:\/\/shop.heliocos.de\/produkt\/sin%20categor\u00eda\/pilar-de-escaneado-para-nobel-biocare\/"},"modified":"2021-09-03T11:56:03","modified_gmt":"2021-09-03T09:56:03","slug":"pilar-de-escaneado-para-nobel-biocare","status":"publish","type":"product","link":"https:\/\/shop.heliocos.de\/es\/producto\/nobelactive-nobelreplace-cc-es\/pilar-de-escaneado-para-nobel-biocare\/","title":{"rendered":"Pilar de escaneado para Nobel Biocare\u00ae"},"content":{"rendered":"<p>Pilar de escaneado adecuado para Nobel Biocare\u00ae con conexi\u00f3n interna c\u00f3nica. El pilar de escaneado est\u00e1 hecho de titanio de grado 4 y tiene una anodizaci\u00f3n especial.<\/p>\n<p>Puede reprocesar el pilar de escaneado con la frecuencia que desee. Recibir\u00e1 el pilar de escaneado sin esterilizar. Observe las instrucciones de Heliocos en las instrucciones de uso (<a href=\"https:\/\/www.heliocos.com\/downloads\">Descargas de Heliocos<\/a>).<\/p>\n<p>Recibir\u00e1 el pilar de escaneado con un tornillo de pilar definitivo, que tambi\u00e9n est\u00e1 hecho de una aleaci\u00f3n de titanio. Puede seguir utilizando sus instrumentos originales o los instrumentos de Heliocos (<a href=\"https:\/\/shop.heliocos.de\/es\/produkt\/instrumentos\/destornillador-unigrip\/\">Destornillador UniGrip<\/a>).<\/p>\n<p>Tenga en cuenta la disponibilidad de las bibliotecas Heliocos en la cadena de procesos CAD \/ CAM. Puede descargar las bibliotecas desde el sitio web de Heliocos (<a href=\"https:\/\/www.heliocos.com\/downloads\">Descargas de Heliocos<\/a>). Obtenga m\u00e1s informaci\u00f3n sobre las bibliotecas disponibles y los requisitos para la cadena de procesos CAD \/ CAM en nuestra publicaci\u00f3n de blog (<a href=\"https:\/\/www.heliocos.de\/blog\">blog de Heliocos<\/a>).<\/p>\n<p>Si desea crear pilares individuales, debe utilizar nuestros pilares de escaneado. Independientemente de si tiene pilares individuales de una pieza o coronas atornilladas oclusalmente.<\/p>\n","protected":false},"excerpt":{"rendered":"<p>Pilar de escaneado adecuado para Nobel Biocare\u00ae con conexi\u00f3n interna c\u00f3nica. El pilar de escaneado est\u00e1 hecho de titanio de grado 4 y tiene una anodizaci\u00f3n especial. Puede reprocesar el pilar de escaneado con la frecuencia que desee. Recibir\u00e1 el pilar de escaneado sin esterilizar. Observe las instrucciones de Heliocos en las instrucciones de uso [&hellip;]<\/p>\n","protected":false},"featured_media":29984,"template":"","meta":[],"product_brand":[],"product_cat":[956],"product_tag":[987],"class_list":{"0":"post-29983","1":"product","2":"type-product","3":"status-publish","4":"has-post-thumbnail","6":"product_cat-nobelactive-nobelreplace-cc-es","7":"product_tag-pilar-de-escaneado","9":"first","10":"instock","11":"taxable","12":"shipping-taxable","13":"purchasable","14":"product-type-variable","15":"rtwpvg-product"},"_links":{"self":[{"href":"https:\/\/shop.heliocos.de\/es\/wp-json\/wp\/v2\/product\/29983","targetHints":{"allow":["GET"]}}],"collection":[{"href":"https:\/\/shop.heliocos.de\/es\/wp-json\/wp\/v2\/product"}],"about":[{"href":"https:\/\/shop.heliocos.de\/es\/wp-json\/wp\/v2\/types\/product"}],"wp:featuredmedia":[{"embeddable":true,"href":"https:\/\/shop.heliocos.de\/es\/wp-json\/wp\/v2\/media\/29984"}],"wp:attachment":[{"href":"https:\/\/shop.heliocos.de\/es\/wp-json\/wp\/v2\/media?parent=29983"}],"wp:term":[{"taxonomy":"product_brand","embeddable":true,"href":"https:\/\/shop.heliocos.de\/es\/wp-json\/wp\/v2\/product_brand?post=29983"},{"taxonomy":"product_cat","embeddable":true,"href":"https:\/\/shop.heliocos.de\/es\/wp-json\/wp\/v2\/product_cat?post=29983"},{"taxonomy":"product_tag","embeddable":true,"href":"https:\/\/shop.heliocos.de\/es\/wp-json\/wp\/v2\/product_tag?post=29983"}],"curies":[{"name":"wp","href":"https:\/\/api.w.org\/{rel}","templated":true}]}}