{"id":29657,"date":"2020-07-06T10:41:35","date_gmt":"2020-07-06T08:41:35","guid":{"rendered":"https:\/\/shop.heliocos.de\/produkt\/sin categor\u00eda\/gingivaformer-biohorizons\/"},"modified":"2020-07-06T10:41:35","modified_gmt":"2020-07-06T08:41:35","slug":"gingivaformer-biohorizons","status":"publish","type":"product","link":"https:\/\/shop.heliocos.de\/es\/producto\/biohorizons-es\/internal-hex-es\/gingivaformer-biohorizons\/","title":{"rendered":"Pilar de cicatrizaci\u00f3n para Biohorizons\u00ae"},"content":{"rendered":"<p>Pilar de cicatrizaci\u00f3n para Biohorizons\u00ae &#8211; implantes hexagonales internos. Los pilares de cicatrizaci\u00f3n tienen forma cil\u00edndrica. Para que pueda distinguir f\u00e1cilmente los productos, est\u00e1n marcados con l\u00e1ser en la parte superior. El marcado l\u00e1ser le proporciona informaci\u00f3n sobre el sistema de implantes, la plataforma y la altura gingival. Puede elegir entre diferentes alturas gingivales, seg\u00fan la situaci\u00f3n del paciente.<\/p>\n<p>Los casquillos de cicatrizaci\u00f3n est\u00e1n hechos de una aleaci\u00f3n de titanio. Por eso tienen una excelente biocompatibilidad.<\/p>\n<p>Apriete las piezas solo a mano. Si a\u00fan desea utilizar un instrumento, puede utilizar los instrumentos originales. De lo contrario, solo use el <a href=\"https:\/\/shop.heliocos.de\/es\/produkt\/instrumentos\/destornillador-hex\/\">destornillador Heliocos Hex<\/a>.<\/p>\n<p>Los tapones de cicatrizaci\u00f3n se entregan sin esterilizar, por lo que a\u00fan deben reprocesarse. Tenga en cuenta las instrucciones de Heliocos en las instrucciones de uso (<a href=\"https:\/\/www.heliocos.com\/downloads\">Descargas de Heliocos<\/a>).<\/p>\n","protected":false},"excerpt":{"rendered":"<p>Pilar de cicatrizaci\u00f3n para Biohorizons\u00ae &#8211; implantes hexagonales internos. Los pilares de cicatrizaci\u00f3n tienen forma cil\u00edndrica. Para que pueda distinguir f\u00e1cilmente los productos, est\u00e1n marcados con l\u00e1ser en la parte superior. El marcado l\u00e1ser le proporciona informaci\u00f3n sobre el sistema de implantes, la plataforma y la altura gingival. Puede elegir entre diferentes alturas gingivales, seg\u00fan [&hellip;]<\/p>\n","protected":false},"featured_media":29658,"template":"","meta":[],"product_brand":[],"product_cat":[706],"product_tag":[925],"class_list":{"0":"post-29657","1":"product","2":"type-product","3":"status-publish","4":"has-post-thumbnail","6":"product_cat-internal-hex-es","7":"product_tag-pilar-de-cicatrizacion","9":"first","10":"instock","11":"taxable","12":"shipping-taxable","13":"purchasable","14":"product-type-variable","15":"rtwpvg-product"},"_links":{"self":[{"href":"https:\/\/shop.heliocos.de\/es\/wp-json\/wp\/v2\/product\/29657","targetHints":{"allow":["GET"]}}],"collection":[{"href":"https:\/\/shop.heliocos.de\/es\/wp-json\/wp\/v2\/product"}],"about":[{"href":"https:\/\/shop.heliocos.de\/es\/wp-json\/wp\/v2\/types\/product"}],"wp:featuredmedia":[{"embeddable":true,"href":"https:\/\/shop.heliocos.de\/es\/wp-json\/wp\/v2\/media\/29658"}],"wp:attachment":[{"href":"https:\/\/shop.heliocos.de\/es\/wp-json\/wp\/v2\/media?parent=29657"}],"wp:term":[{"taxonomy":"product_brand","embeddable":true,"href":"https:\/\/shop.heliocos.de\/es\/wp-json\/wp\/v2\/product_brand?post=29657"},{"taxonomy":"product_cat","embeddable":true,"href":"https:\/\/shop.heliocos.de\/es\/wp-json\/wp\/v2\/product_cat?post=29657"},{"taxonomy":"product_tag","embeddable":true,"href":"https:\/\/shop.heliocos.de\/es\/wp-json\/wp\/v2\/product_tag?post=29657"}],"curies":[{"name":"wp","href":"https:\/\/api.w.org\/{rel}","templated":true}]}}