{"id":29509,"date":"2020-08-11T09:34:29","date_gmt":"2020-08-11T07:34:29","guid":{"rendered":"https:\/\/shop.heliocos.de\/produkt\/sin categor\u00eda\/pilar-de-cicatrizacion-para-straumann-tissue-level\/"},"modified":"2020-08-11T09:34:29","modified_gmt":"2020-08-11T07:34:29","slug":"pilar-de-cicatrizacion-para-straumann-tissue-level","status":"publish","type":"product","link":"https:\/\/shop.heliocos.de\/es\/producto\/tissue-level-es\/pilar-de-cicatrizacion-para-straumann-tissue-level\/","title":{"rendered":"Pilar de cicatrizaci\u00f3n para Straumann\u00ae \u2013 Tissue Level"},"content":{"rendered":"<p>Pilares de cicatrizaci\u00f3n adecuados para Straumann\u00ae &#8211; Tissue Level Implants. Los pilares de cicatrizaci\u00f3n tienen una forma cil\u00edndrica, que luego se fusiona en una forma cil\u00edndrica. Para que pueda distinguir f\u00e1cilmente los productos, est\u00e1n marcados con l\u00e1ser. El marcado l\u00e1ser le proporciona informaci\u00f3n sobre el sistema de implantes, la plataforma y la altura gingival. Puede elegir entre diferentes alturas gingivales, seg\u00fan la situaci\u00f3n del paciente.<\/p>\n<p>Los pilares de cicatrizaci\u00f3n est\u00e1n hechos de una aleaci\u00f3n de titanio. Esto les confiere una excelente biocompatibilidad.<\/p>\n<p>Apriete las piezas solo a mano. Si a\u00fan desea utilizar un instrumento, puede utilizar los instrumentos originales. De lo contrario, simplemente use los instrumentos Heliocos (<a href=\"https:\/\/shop.heliocos.de\/es\/produkt\/instrumentos\/straumann-instrumente-es\/destornillador-torx\/\">Destornillador Torx\u00ae<\/a>)<\/p>\n<p>Los pilares de cicatrizaci\u00f3n se entregan sin esterilizar. Tenga en cuenta las instrucciones\u00a0(<a href=\"https:\/\/www.heliocos.com\/downloads\">Descargas de Heliocos<\/a>).<\/p>\n","protected":false},"excerpt":{"rendered":"<p>Pilares de cicatrizaci\u00f3n adecuados para Straumann\u00ae &#8211; Tissue Level Implants. Los pilares de cicatrizaci\u00f3n tienen una forma cil\u00edndrica, que luego se fusiona en una forma cil\u00edndrica. Para que pueda distinguir f\u00e1cilmente los productos, est\u00e1n marcados con l\u00e1ser. El marcado l\u00e1ser le proporciona informaci\u00f3n sobre el sistema de implantes, la plataforma y la altura gingival. Puede [&hellip;]<\/p>\n","protected":false},"featured_media":29512,"template":"","meta":[],"product_brand":[],"product_cat":[954],"product_tag":[925],"class_list":{"0":"post-29509","1":"product","2":"type-product","3":"status-publish","4":"has-post-thumbnail","6":"product_cat-tissue-level-es","7":"product_tag-pilar-de-cicatrizacion","9":"first","10":"instock","11":"taxable","12":"shipping-taxable","13":"purchasable","14":"product-type-variable","15":"rtwpvg-product"},"_links":{"self":[{"href":"https:\/\/shop.heliocos.de\/es\/wp-json\/wp\/v2\/product\/29509","targetHints":{"allow":["GET"]}}],"collection":[{"href":"https:\/\/shop.heliocos.de\/es\/wp-json\/wp\/v2\/product"}],"about":[{"href":"https:\/\/shop.heliocos.de\/es\/wp-json\/wp\/v2\/types\/product"}],"wp:featuredmedia":[{"embeddable":true,"href":"https:\/\/shop.heliocos.de\/es\/wp-json\/wp\/v2\/media\/29512"}],"wp:attachment":[{"href":"https:\/\/shop.heliocos.de\/es\/wp-json\/wp\/v2\/media?parent=29509"}],"wp:term":[{"taxonomy":"product_brand","embeddable":true,"href":"https:\/\/shop.heliocos.de\/es\/wp-json\/wp\/v2\/product_brand?post=29509"},{"taxonomy":"product_cat","embeddable":true,"href":"https:\/\/shop.heliocos.de\/es\/wp-json\/wp\/v2\/product_cat?post=29509"},{"taxonomy":"product_tag","embeddable":true,"href":"https:\/\/shop.heliocos.de\/es\/wp-json\/wp\/v2\/product_tag?post=29509"}],"curies":[{"name":"wp","href":"https:\/\/api.w.org\/{rel}","templated":true}]}}