{"id":29467,"date":"2020-08-14T08:58:31","date_gmt":"2020-08-14T06:58:31","guid":{"rendered":"https:\/\/shop.heliocos.de\/produkt\/sin%20categor\u00eda\/pilar-de-cicatrizacion-multi-unit\/"},"modified":"2022-10-25T14:06:15","modified_gmt":"2022-10-25T12:06:15","slug":"pilar-multi-unit-de-tapa-de-cicatrizacion","status":"publish","type":"product","link":"https:\/\/shop.heliocos.de\/es\/producto\/multi-unit-es\/pilar-multi-unit-de-tapa-de-cicatrizacion\/","title":{"rendered":"Pilar Multi-Unit de tapa de cicatrizaci\u00f3n"},"content":{"rendered":"<p>Pilar Multi-Unit de tapa de cicatrizaci\u00f3n. Los pilares Multi-Unit de tapa de cicatrizaci\u00f3n tienen forma cil\u00edndrica. Los pilares Multi-Unit de tapa de cicatrizaci\u00f3n est\u00e1n disponibles con diferentes conexiones de instrumentos:<\/p>\n<p>Hex 1,01 = destornillador Ankylos\u00ae<\/p>\n<p>Hex 1,22 = destornillador Xive\u00ae S<\/p>\n<p>Hex 1,26 = destornillador Zimmer\u00ae, Camlog\u00ae, Astra Tech\u00ae<\/p>\n<p>Torx\u00ae T6 = destornillador Straumann\u00ae<\/p>\n<p>Unigrip = destornillador Nobel Biocare\u00ae.<\/p>\n<p>Los pilares Multi-Unit de tapa de cicatrizaci\u00f3n est\u00e1n hechos de una aleaci\u00f3n de titanio. Esto les confiere una excelente biocompatibilidad.<\/p>\n<p>Apriete las piezas solo a mano. Si a\u00fan desea utilizar un instrumento, puede utilizar los instrumentos originales. De lo contrario, simplemente utilice los instrumentos Heliocos (<a href=\"https:\/\/shop.heliocos.de\/es\/marcas%20de%20implantes\/instrumentos\/\">instrumento de atornillado<\/a>).<\/p>\n<p>Los pilares Multi-Unit de tapa de cicatrizaci\u00f3n se entregan sin esterilizar. Tenga en cuenta las instrucciones de Heliocos en las instrucciones de uso (<a href=\"https:\/\/www.heliocos.com\/downloads\">Descargas de Heliocos<\/a>).<\/p>\n","protected":false},"excerpt":{"rendered":"<p>Pilar Multi-Unit de tapa de cicatrizaci\u00f3n. Los pilares Multi-Unit de tapa de cicatrizaci\u00f3n tienen forma cil\u00edndrica. Los pilares Multi-Unit de tapa de cicatrizaci\u00f3n est\u00e1n disponibles con diferentes conexiones de instrumentos: Hex 1,01 = destornillador Ankylos\u00ae Hex 1,22 = destornillador Xive\u00ae S Hex 1,26 = destornillador Zimmer\u00ae, Camlog\u00ae, Astra Tech\u00ae Torx\u00ae T6 = destornillador Straumann\u00ae Unigrip [&hellip;]<\/p>\n","protected":false},"featured_media":29469,"template":"","meta":[],"product_brand":[],"product_cat":[952],"product_tag":[931,997],"class_list":{"0":"post-29467","1":"product","2":"type-product","3":"status-publish","4":"has-post-thumbnail","6":"product_cat-multi-unit-es","7":"product_tag-multi-unit-es","8":"product_tag-pilar-multi-unit-de-tapa-de-cicatrizacion","10":"first","11":"instock","12":"taxable","13":"shipping-taxable","14":"purchasable","15":"product-type-variable","16":"rtwpvg-product"},"_links":{"self":[{"href":"https:\/\/shop.heliocos.de\/es\/wp-json\/wp\/v2\/product\/29467","targetHints":{"allow":["GET"]}}],"collection":[{"href":"https:\/\/shop.heliocos.de\/es\/wp-json\/wp\/v2\/product"}],"about":[{"href":"https:\/\/shop.heliocos.de\/es\/wp-json\/wp\/v2\/types\/product"}],"wp:featuredmedia":[{"embeddable":true,"href":"https:\/\/shop.heliocos.de\/es\/wp-json\/wp\/v2\/media\/29469"}],"wp:attachment":[{"href":"https:\/\/shop.heliocos.de\/es\/wp-json\/wp\/v2\/media?parent=29467"}],"wp:term":[{"taxonomy":"product_brand","embeddable":true,"href":"https:\/\/shop.heliocos.de\/es\/wp-json\/wp\/v2\/product_brand?post=29467"},{"taxonomy":"product_cat","embeddable":true,"href":"https:\/\/shop.heliocos.de\/es\/wp-json\/wp\/v2\/product_cat?post=29467"},{"taxonomy":"product_tag","embeddable":true,"href":"https:\/\/shop.heliocos.de\/es\/wp-json\/wp\/v2\/product_tag?post=29467"}],"curies":[{"name":"wp","href":"https:\/\/api.w.org\/{rel}","templated":true}]}}