{"id":29393,"date":"2020-06-30T22:11:09","date_gmt":"2020-06-30T20:11:09","guid":{"rendered":"https:\/\/shop.heliocos.de\/produkt\/sin categor\u00eda\/herramienta-de-extraccion\/"},"modified":"2020-06-30T22:11:09","modified_gmt":"2020-06-30T20:11:09","slug":"herramienta-de-extraccion","status":"publish","type":"product","link":"https:\/\/shop.heliocos.de\/es\/producto\/instrumentos\/ankylos-instrumente-es\/herramienta-de-extraccion\/","title":{"rendered":"Herramienta de extracci\u00f3n"},"content":{"rendered":"<p>Herramienta de extracci\u00f3n para aflojar f\u00e1cilmente los pilares Heliocos DS-AY de implantes Ankylos\u00ae o an\u00e1logos de laboratorio.<\/p>\n","protected":false},"excerpt":{"rendered":"<p>Herramienta de extracci\u00f3n para aflojar f\u00e1cilmente los pilares Heliocos DS-AY de implantes Ankylos\u00ae o an\u00e1logos de laboratorio.<\/p>\n","protected":false},"featured_media":29395,"template":"","meta":[],"product_brand":[],"product_cat":[725],"product_tag":[904],"class_list":{"0":"post-29393","1":"product","2":"type-product","3":"status-publish","4":"has-post-thumbnail","6":"product_cat-ankylos-instrumente-es","7":"product_tag-herramienta-de-desconexion","9":"first","10":"instock","11":"taxable","12":"shipping-taxable","13":"purchasable","14":"product-type-simple"},"_links":{"self":[{"href":"https:\/\/shop.heliocos.de\/es\/wp-json\/wp\/v2\/product\/29393","targetHints":{"allow":["GET"]}}],"collection":[{"href":"https:\/\/shop.heliocos.de\/es\/wp-json\/wp\/v2\/product"}],"about":[{"href":"https:\/\/shop.heliocos.de\/es\/wp-json\/wp\/v2\/types\/product"}],"wp:featuredmedia":[{"embeddable":true,"href":"https:\/\/shop.heliocos.de\/es\/wp-json\/wp\/v2\/media\/29395"}],"wp:attachment":[{"href":"https:\/\/shop.heliocos.de\/es\/wp-json\/wp\/v2\/media?parent=29393"}],"wp:term":[{"taxonomy":"product_brand","embeddable":true,"href":"https:\/\/shop.heliocos.de\/es\/wp-json\/wp\/v2\/product_brand?post=29393"},{"taxonomy":"product_cat","embeddable":true,"href":"https:\/\/shop.heliocos.de\/es\/wp-json\/wp\/v2\/product_cat?post=29393"},{"taxonomy":"product_tag","embeddable":true,"href":"https:\/\/shop.heliocos.de\/es\/wp-json\/wp\/v2\/product_tag?post=29393"}],"curies":[{"name":"wp","href":"https:\/\/api.w.org\/{rel}","templated":true}]}}