{"id":29360,"date":"2020-06-30T22:11:03","date_gmt":"2020-06-30T20:11:03","guid":{"rendered":"https:\/\/shop.heliocos.de\/produkt\/sin categor\u00eda\/destornillador-hex\/"},"modified":"2020-06-30T22:11:03","modified_gmt":"2020-06-30T20:11:03","slug":"destornillador-hex","status":"publish","type":"product","link":"https:\/\/shop.heliocos.de\/es\/producto\/instrumentos\/destornillador-hex\/","title":{"rendered":"Destornillador Hex"},"content":{"rendered":"<p>Destornillador con conexi\u00f3n hexagonal fabricado en acero inoxidable m\u00e9dico. Puede elegir entre dos longitudes, dependiendo de la situaci\u00f3n en cuesti\u00f3n.<\/p>\n<p>Ofrecemos los destornilladores con conexi\u00f3n de trinquete (<a href=\"https:\/\/shop.heliocos.de\/es\/produkt\/instrumentos\/drehmomentratsche\/\">trinquete<\/a>) y conexi\u00f3n para contra-\u00e1ngulos, para que pueda elegir el adecuado para el equipo existente.<\/p>\n<p>Puede reprocesar los instrumentos, consulte las instrucciones para reprocesar Heliocos en las instrucciones de uso (<a href=\"https:\/\/www.heliocos.com\/downloads\">Descargas de Heliocos<\/a>).<\/p>\n","protected":false},"excerpt":{"rendered":"<p>Destornillador con conexi\u00f3n hexagonal fabricado en acero inoxidable m\u00e9dico. Puede elegir entre dos longitudes, dependiendo de la situaci\u00f3n en cuesti\u00f3n. Ofrecemos los destornilladores con conexi\u00f3n de trinquete (trinquete) y conexi\u00f3n para contra-\u00e1ngulos, para que pueda elegir el adecuado para el equipo existente. Puede reprocesar los instrumentos, consulte las instrucciones para reprocesar Heliocos en las instrucciones [&hellip;]<\/p>\n","protected":false},"featured_media":29361,"template":"","meta":[],"product_brand":[],"product_cat":[839],"product_tag":[913],"class_list":{"0":"post-29360","1":"product","2":"type-product","3":"status-publish","4":"has-post-thumbnail","6":"product_cat-instrumentos","7":"product_tag-destornillador-hex","9":"first","10":"instock","11":"taxable","12":"shipping-taxable","13":"purchasable","14":"product-type-variable","15":"rtwpvg-product"},"_links":{"self":[{"href":"https:\/\/shop.heliocos.de\/es\/wp-json\/wp\/v2\/product\/29360","targetHints":{"allow":["GET"]}}],"collection":[{"href":"https:\/\/shop.heliocos.de\/es\/wp-json\/wp\/v2\/product"}],"about":[{"href":"https:\/\/shop.heliocos.de\/es\/wp-json\/wp\/v2\/types\/product"}],"wp:featuredmedia":[{"embeddable":true,"href":"https:\/\/shop.heliocos.de\/es\/wp-json\/wp\/v2\/media\/29361"}],"wp:attachment":[{"href":"https:\/\/shop.heliocos.de\/es\/wp-json\/wp\/v2\/media?parent=29360"}],"wp:term":[{"taxonomy":"product_brand","embeddable":true,"href":"https:\/\/shop.heliocos.de\/es\/wp-json\/wp\/v2\/product_brand?post=29360"},{"taxonomy":"product_cat","embeddable":true,"href":"https:\/\/shop.heliocos.de\/es\/wp-json\/wp\/v2\/product_cat?post=29360"},{"taxonomy":"product_tag","embeddable":true,"href":"https:\/\/shop.heliocos.de\/es\/wp-json\/wp\/v2\/product_tag?post=29360"}],"curies":[{"name":"wp","href":"https:\/\/api.w.org\/{rel}","templated":true}]}}