{"id":29319,"date":"2020-06-30T22:09:26","date_gmt":"2020-06-30T20:09:26","guid":{"rendered":"https:\/\/shop.heliocos.de\/produkt\/sin categor\u00eda\/analogo-de-implante-para-straumann-tissue-level\/"},"modified":"2020-06-30T22:09:26","modified_gmt":"2020-06-30T20:09:26","slug":"analogo-de-implante-para-straumann-tissue-level","status":"publish","type":"product","link":"https:\/\/shop.heliocos.de\/es\/producto\/tissue-level-es\/analogo-de-implante-para-straumann-tissue-level\/","title":{"rendered":"An\u00e1logo de implante para Straumann\u00ae \u2013 Tissue Level"},"content":{"rendered":"<p>An\u00e1logo de laboratorio adecuado para Straumann\u00ae &#8211; Tissue Level fabricado en titanio de grado 5. La codificaci\u00f3n de colores de alta calidad permite una f\u00e1cil diferenciaci\u00f3n y asignaci\u00f3n.<\/p>\n<p>Aproveche la atractiva relaci\u00f3n precio-rendimiento de los an\u00e1logos Heliocos, por eso ofrecemos precios graduados. En un paquete de 10, el an\u00e1logo de laboratorio cuesta 9 EUR cada uno, en un paquete de 30, el an\u00e1logo de laboratorio cuesta 8 EUR cada uno.<\/p>\n<p>Utilice los an\u00e1logos de laboratorio que coincidan con Straumann\u00ae &#8211; Tissue Level tambi\u00e9n para modelos impresos. Para hacer esto, descargue nuestras bibliotecas. Descargue las bibliotecas para su flujo de trabajo digital desde Heliocos (<a href=\"https:\/\/www.heliocos.com\/downloads\">Descargas de Heliocos<\/a>).<\/p>\n","protected":false},"excerpt":{"rendered":"<p>An\u00e1logo de laboratorio adecuado para Straumann\u00ae &#8211; Tissue Level fabricado en titanio de grado 5. La codificaci\u00f3n de colores de alta calidad permite una f\u00e1cil diferenciaci\u00f3n y asignaci\u00f3n. Aproveche la atractiva relaci\u00f3n precio-rendimiento de los an\u00e1logos Heliocos, por eso ofrecemos precios graduados. En un paquete de 10, el an\u00e1logo de laboratorio cuesta 9 EUR cada [&hellip;]<\/p>\n","protected":false},"featured_media":29320,"template":"","meta":[],"product_brand":[],"product_cat":[954],"product_tag":[932],"class_list":{"0":"post-29319","1":"product","2":"type-product","3":"status-publish","4":"has-post-thumbnail","6":"product_cat-tissue-level-es","7":"product_tag-analogo-de-implante","9":"first","10":"instock","11":"taxable","12":"shipping-taxable","13":"purchasable","14":"product-type-variable","15":"rtwpvg-product"},"_links":{"self":[{"href":"https:\/\/shop.heliocos.de\/es\/wp-json\/wp\/v2\/product\/29319","targetHints":{"allow":["GET"]}}],"collection":[{"href":"https:\/\/shop.heliocos.de\/es\/wp-json\/wp\/v2\/product"}],"about":[{"href":"https:\/\/shop.heliocos.de\/es\/wp-json\/wp\/v2\/types\/product"}],"wp:featuredmedia":[{"embeddable":true,"href":"https:\/\/shop.heliocos.de\/es\/wp-json\/wp\/v2\/media\/29320"}],"wp:attachment":[{"href":"https:\/\/shop.heliocos.de\/es\/wp-json\/wp\/v2\/media?parent=29319"}],"wp:term":[{"taxonomy":"product_brand","embeddable":true,"href":"https:\/\/shop.heliocos.de\/es\/wp-json\/wp\/v2\/product_brand?post=29319"},{"taxonomy":"product_cat","embeddable":true,"href":"https:\/\/shop.heliocos.de\/es\/wp-json\/wp\/v2\/product_cat?post=29319"},{"taxonomy":"product_tag","embeddable":true,"href":"https:\/\/shop.heliocos.de\/es\/wp-json\/wp\/v2\/product_tag?post=29319"}],"curies":[{"name":"wp","href":"https:\/\/api.w.org\/{rel}","templated":true}]}}