{"id":29295,"date":"2020-07-15T10:38:02","date_gmt":"2020-07-15T08:38:02","guid":{"rendered":"https:\/\/shop.heliocos.de\/produkt\/sin categor\u00eda\/analogo-de-laboratorio-heli-loc\/"},"modified":"2020-07-15T10:38:02","modified_gmt":"2020-07-15T08:38:02","slug":"analogo-de-laboratorio-heli-loc","status":"publish","type":"product","link":"https:\/\/shop.heliocos.de\/es\/producto\/heli-loc-es\/analogo-de-laboratorio-heli-loc\/","title":{"rendered":"An\u00e1logo de laboratorio Heli-Loc"},"content":{"rendered":"<div>An\u00e1logo de laboratorio adecuado para productos compatibles con Classic Locator\u00ae y Classic Locator\u00ae. Cada an\u00e1logo de laboratorio tiene 12 mm de largo, lo que facilita su uso.<\/div>\n<div><\/div>\n<div>Todos los an\u00e1logos de laboratorio est\u00e1n hechos de una aleaci\u00f3n de titanio.<\/div>\n<div><\/div>\n<div>Aproveche la atractiva relaci\u00f3n precio-rendimiento de los an\u00e1logos Heliocos, por eso ofrecemos precios graduados. En un paquete de 10, el an\u00e1logo de laboratorio cuesta 9 EUR cada uno, en un paquete de 30, el an\u00e1logo de laboratorio cuesta 8 EUR cada uno.<\/div>\n","protected":false},"excerpt":{"rendered":"<p>An\u00e1logo de laboratorio adecuado para productos compatibles con Classic Locator\u00ae y Classic Locator\u00ae. Cada an\u00e1logo de laboratorio tiene 12 mm de largo, lo que facilita su uso. Todos los an\u00e1logos de laboratorio est\u00e1n hechos de una aleaci\u00f3n de titanio. Aproveche la atractiva relaci\u00f3n precio-rendimiento de los an\u00e1logos Heliocos, por eso ofrecemos precios graduados. En un [&hellip;]<\/p>\n","protected":false},"featured_media":29296,"template":"","meta":[],"product_brand":[],"product_cat":[837],"product_tag":[932],"class_list":{"0":"post-29295","1":"product","2":"type-product","3":"status-publish","4":"has-post-thumbnail","6":"product_cat-heli-loc-es","7":"product_tag-analogo-de-implante","9":"first","10":"instock","11":"taxable","12":"shipping-taxable","13":"purchasable","14":"product-type-simple"},"_links":{"self":[{"href":"https:\/\/shop.heliocos.de\/es\/wp-json\/wp\/v2\/product\/29295","targetHints":{"allow":["GET"]}}],"collection":[{"href":"https:\/\/shop.heliocos.de\/es\/wp-json\/wp\/v2\/product"}],"about":[{"href":"https:\/\/shop.heliocos.de\/es\/wp-json\/wp\/v2\/types\/product"}],"wp:featuredmedia":[{"embeddable":true,"href":"https:\/\/shop.heliocos.de\/es\/wp-json\/wp\/v2\/media\/29296"}],"wp:attachment":[{"href":"https:\/\/shop.heliocos.de\/es\/wp-json\/wp\/v2\/media?parent=29295"}],"wp:term":[{"taxonomy":"product_brand","embeddable":true,"href":"https:\/\/shop.heliocos.de\/es\/wp-json\/wp\/v2\/product_brand?post=29295"},{"taxonomy":"product_cat","embeddable":true,"href":"https:\/\/shop.heliocos.de\/es\/wp-json\/wp\/v2\/product_cat?post=29295"},{"taxonomy":"product_tag","embeddable":true,"href":"https:\/\/shop.heliocos.de\/es\/wp-json\/wp\/v2\/product_tag?post=29295"}],"curies":[{"name":"wp","href":"https:\/\/api.w.org\/{rel}","templated":true}]}}