{"id":29292,"date":"2020-08-24T13:07:58","date_gmt":"2020-08-24T11:07:58","guid":{"rendered":"https:\/\/shop.heliocos.de\/produkt\/sin%20categor\u00eda\/analogo-de-laboratorio-multi-unit\/"},"modified":"2021-06-29T10:15:24","modified_gmt":"2021-06-29T08:15:24","slug":"analogo-de-laboratorio-multi-unit","status":"publish","type":"product","link":"https:\/\/shop.heliocos.de\/es\/producto\/multi-unit-es\/analogo-de-laboratorio-multi-unit\/","title":{"rendered":"An\u00e1logo de laboratorio Multi-Unit"},"content":{"rendered":"<p>An\u00e1logo de laboratorio fabricado en titanio grado 5 para pilares Multi-Unit. Longitud 12 mm, \u00d8 4,8 mm.<\/p>\n","protected":false},"excerpt":{"rendered":"<p>An\u00e1logo de laboratorio fabricado en titanio grado 5 para pilares Multi-Unit. Longitud 12 mm, \u00d8 4,8 mm.<\/p>\n","protected":false},"featured_media":29293,"template":"","meta":[],"product_brand":[],"product_cat":[952],"product_tag":[932,929],"class_list":{"0":"post-29292","1":"product","2":"type-product","3":"status-publish","4":"has-post-thumbnail","6":"product_cat-multi-unit-es","7":"product_tag-analogo-de-implante","8":"product_tag-pilar-multi-unit","10":"first","11":"instock","12":"taxable","13":"shipping-taxable","14":"purchasable","15":"product-type-simple"},"_links":{"self":[{"href":"https:\/\/shop.heliocos.de\/es\/wp-json\/wp\/v2\/product\/29292","targetHints":{"allow":["GET"]}}],"collection":[{"href":"https:\/\/shop.heliocos.de\/es\/wp-json\/wp\/v2\/product"}],"about":[{"href":"https:\/\/shop.heliocos.de\/es\/wp-json\/wp\/v2\/types\/product"}],"wp:featuredmedia":[{"embeddable":true,"href":"https:\/\/shop.heliocos.de\/es\/wp-json\/wp\/v2\/media\/29293"}],"wp:attachment":[{"href":"https:\/\/shop.heliocos.de\/es\/wp-json\/wp\/v2\/media?parent=29292"}],"wp:term":[{"taxonomy":"product_brand","embeddable":true,"href":"https:\/\/shop.heliocos.de\/es\/wp-json\/wp\/v2\/product_brand?post=29292"},{"taxonomy":"product_cat","embeddable":true,"href":"https:\/\/shop.heliocos.de\/es\/wp-json\/wp\/v2\/product_cat?post=29292"},{"taxonomy":"product_tag","embeddable":true,"href":"https:\/\/shop.heliocos.de\/es\/wp-json\/wp\/v2\/product_tag?post=29292"}],"curies":[{"name":"wp","href":"https:\/\/api.w.org\/{rel}","templated":true}]}}