{"id":29198,"date":"2021-09-25T11:06:15","date_gmt":"2021-05-25T09:06:15","guid":{"rendered":"http:\/\/shop.heliocos.de\/produkt\/sin categor\u00eda\/pilar-heli-loc-para-straumann-tissue-level\/"},"modified":"2021-05-25T11:06:15","modified_gmt":"2021-05-25T09:06:15","slug":"pilar-heli-loc-para-straumann-tissue-level","status":"publish","type":"product","link":"https:\/\/shop.heliocos.de\/es\/producto\/heli-loc-es\/pilar-heli-loc-para-straumann-tissue-level\/","title":{"rendered":"Pilar Heli-Loc para Straumann\u00ae &#8211; Tissue Level"},"content":{"rendered":"<p>Pilar Heli-Loc para sobredentaduras removibles para Straumann\u00ae &#8211; Tissue Level. Puede restaurar dentaduras postizas parciales y completas con los pilares Heli-Loc. El dise\u00f1o del pilar Heli-Loc corresponde al dise\u00f1o del Classic Locator\u00ae y del Kerator\u00ae. Los pilares Heliocos se caracterizan por conexiones de implantes de alta precisi\u00f3n. Es por eso que ofrecemos una garant\u00eda de fabricante de 30 a\u00f1os para los pilares Heli-Loc.<\/p>\n<p>Los pilares Heli-Loc tienen un recubrimiento de TiN muy duro y biocompatible, que ya ha demostrado su eficacia durante muchos a\u00f1os. El pilar de la sobredentadura est\u00e1 hecho de una aleaci\u00f3n de titanio, que tambi\u00e9n tiene una excelente biocompatibilidad. El dise\u00f1o probado le permite utilizar los implantes incluso con una fuerte angulaci\u00f3n del implante (hasta 40 \u00b0) y con un espacio oclusal limitado.<\/p>\n<p>Puede seguir utilizando los elementos de retenci\u00f3n Classic Locator\u00ae o Kerator\u00ae. Puede seguir utilizando sus instrumentos de inserci\u00f3n existentes con conexi\u00f3n triangular o utilizar <a href=\"https:\/\/shop.heliocos.de\/es\/produkt\/heli-loc-es\/destornillador-heli-loc\/\">el instrumento de inserci\u00f3n Heliocos Heli-Loc<\/a>, que es muy f\u00e1cil de usar con una longitud de 18 mm. Los pilares Heli-Loc se ofrecen en diferentes alturas.<\/p>\n<p>Heliocos le ofrece diferentes elementos de retenci\u00f3n con fuerzas de extracci\u00f3n de 0,6 kg a 1,8 kg. Puede elegir entre elementos de retenci\u00f3n con o sin pasador, de modo que pueda compensar angulaciones del implante de hasta 40 \u00b0.<\/p>\n<p>Tenga en cuenta las instrucciones de Heliocos en las instrucciones de uso (<a href=\"https:\/\/www.heliocos.com\/downloads\">Descargas de Heliocos)<\/a>.<\/p>\n","protected":false},"excerpt":{"rendered":"<p>Pilar Heli-Loc para sobredentaduras removibles para Straumann\u00ae &#8211; Tissue Level. Puede restaurar dentaduras postizas parciales y completas con los pilares Heli-Loc. El dise\u00f1o del pilar Heli-Loc corresponde al dise\u00f1o del Classic Locator\u00ae y del Kerator\u00ae. Los pilares Heliocos se caracterizan por conexiones de implantes de alta precisi\u00f3n. Es por eso que ofrecemos una garant\u00eda de [&hellip;]<\/p>\n","protected":false},"featured_media":30602,"template":"","meta":[],"product_brand":[],"product_cat":[837,954],"product_tag":[940],"class_list":{"0":"post-29198","1":"product","2":"type-product","3":"status-publish","4":"has-post-thumbnail","6":"product_cat-heli-loc-es","7":"product_cat-tissue-level-es","8":"product_tag-heli-loc-es","10":"first","11":"instock","12":"taxable","13":"shipping-taxable","14":"product-type-variable","15":"rtwpvg-product"},"_links":{"self":[{"href":"https:\/\/shop.heliocos.de\/es\/wp-json\/wp\/v2\/product\/29198","targetHints":{"allow":["GET"]}}],"collection":[{"href":"https:\/\/shop.heliocos.de\/es\/wp-json\/wp\/v2\/product"}],"about":[{"href":"https:\/\/shop.heliocos.de\/es\/wp-json\/wp\/v2\/types\/product"}],"wp:featuredmedia":[{"embeddable":true,"href":"https:\/\/shop.heliocos.de\/es\/wp-json\/wp\/v2\/media\/30602"}],"wp:attachment":[{"href":"https:\/\/shop.heliocos.de\/es\/wp-json\/wp\/v2\/media?parent=29198"}],"wp:term":[{"taxonomy":"product_brand","embeddable":true,"href":"https:\/\/shop.heliocos.de\/es\/wp-json\/wp\/v2\/product_brand?post=29198"},{"taxonomy":"product_cat","embeddable":true,"href":"https:\/\/shop.heliocos.de\/es\/wp-json\/wp\/v2\/product_cat?post=29198"},{"taxonomy":"product_tag","embeddable":true,"href":"https:\/\/shop.heliocos.de\/es\/wp-json\/wp\/v2\/product_tag?post=29198"}],"curies":[{"name":"wp","href":"https:\/\/api.w.org\/{rel}","templated":true}]}}