{"id":29121,"date":"2021-05-27T12:53:54","date_gmt":"2021-05-27T10:53:54","guid":{"rendered":"http:\/\/shop.heliocos.de\/produkt\/sin categor\u00eda\/herramienta-de-extraccion-insercion-para-cofias\/"},"modified":"2021-05-27T12:53:54","modified_gmt":"2021-05-27T10:53:54","slug":"herramienta-de-extraccion-insercion-para-cofias","status":"publish","type":"product","link":"https:\/\/shop.heliocos.de\/es\/producto\/heli-loc-es\/herramienta-de-extraccion-insercion-para-cofias\/","title":{"rendered":"Herramienta de extracci\u00f3n \/ inserci\u00f3n para cofias"},"content":{"rendered":"<p>Herramienta de extracci\u00f3n e inserci\u00f3n para quitar o insertar las cofias de retenci\u00f3n en la matriz.<\/p>\n","protected":false},"excerpt":{"rendered":"<p>Herramienta de extracci\u00f3n e inserci\u00f3n para quitar o insertar las cofias de retenci\u00f3n en la matriz.<\/p>\n","protected":false},"featured_media":28582,"template":"","meta":[],"product_brand":[],"product_cat":[837,839],"product_tag":[894],"class_list":{"0":"post-29121","1":"product","2":"type-product","3":"status-publish","4":"has-post-thumbnail","6":"product_cat-heli-loc-es","7":"product_cat-instrumentos","8":"product_tag-instrumento","10":"first","11":"instock","12":"taxable","13":"shipping-taxable","14":"purchasable","15":"product-type-simple"},"_links":{"self":[{"href":"https:\/\/shop.heliocos.de\/es\/wp-json\/wp\/v2\/product\/29121","targetHints":{"allow":["GET"]}}],"collection":[{"href":"https:\/\/shop.heliocos.de\/es\/wp-json\/wp\/v2\/product"}],"about":[{"href":"https:\/\/shop.heliocos.de\/es\/wp-json\/wp\/v2\/types\/product"}],"wp:featuredmedia":[{"embeddable":true,"href":"https:\/\/shop.heliocos.de\/es\/wp-json\/wp\/v2\/media\/28582"}],"wp:attachment":[{"href":"https:\/\/shop.heliocos.de\/es\/wp-json\/wp\/v2\/media?parent=29121"}],"wp:term":[{"taxonomy":"product_brand","embeddable":true,"href":"https:\/\/shop.heliocos.de\/es\/wp-json\/wp\/v2\/product_brand?post=29121"},{"taxonomy":"product_cat","embeddable":true,"href":"https:\/\/shop.heliocos.de\/es\/wp-json\/wp\/v2\/product_cat?post=29121"},{"taxonomy":"product_tag","embeddable":true,"href":"https:\/\/shop.heliocos.de\/es\/wp-json\/wp\/v2\/product_tag?post=29121"}],"curies":[{"name":"wp","href":"https:\/\/api.w.org\/{rel}","templated":true}]}}