{"id":29120,"date":"2021-05-27T14:17:06","date_gmt":"2021-05-27T12:17:06","guid":{"rendered":"http:\/\/shop.heliocos.de\/produkt\/sin%20categor\u00eda\/equipo-de-laboratorio-estandar-con-pin\/"},"modified":"2021-06-17T10:05:53","modified_gmt":"2021-06-17T08:05:53","slug":"equipo-de-laboratorio-estandar-con-pin","status":"publish","type":"product","link":"https:\/\/shop.heliocos.de\/es\/producto\/heli-loc-es\/equipo-de-laboratorio-estandar-con-pin\/","title":{"rendered":"Equipo de laboratorio est\u00e1ndar (con pin)"},"content":{"rendered":"<p>Equipo de laboratorio est\u00e1ndar (con pin). Las cofias de retenci\u00f3n para pilares Heli-Loc pueden compensar angulaciones de implantes de un total de 20 \u00b0.<\/p>\n<p>Las cofias de retenci\u00f3n tambi\u00e9n se ajustan al Classic Locator\u00ae y Kerator\u00ae. Tenga en cuenta que los insertos de retenci\u00f3n solo encajan en la matriz Heliocos.<\/p>\n<p>Contenido del set:<\/p>\n<ul>\n<li>Cofia de retenci\u00f3n (amarilla) con pin (0,7 kg)<\/li>\n<li>Cofia de retenci\u00f3n (rosa) con pin (0,9 kg)<\/li>\n<li>Cofia de retenci\u00f3n (transparente) con pin (1,5 kg)<\/li>\n<li>Cofia de retenci\u00f3n (morada) con pin (1,8 kg)<\/li>\n<li>Cofia de retenci\u00f3n (negra) con pin (0 kg)<\/li>\n<li>Disco protector<\/li>\n<li>Matriz para cofia de retenci\u00f3n<\/li>\n<\/ul>\n","protected":false},"excerpt":{"rendered":"<p>Equipo de laboratorio est\u00e1ndar (con pin). Las cofias de retenci\u00f3n para pilares Heli-Loc pueden compensar angulaciones de implantes de un total de 20 \u00b0. Las cofias de retenci\u00f3n tambi\u00e9n se ajustan al Classic Locator\u00ae y Kerator\u00ae. Tenga en cuenta que los insertos de retenci\u00f3n solo encajan en la matriz Heliocos. Contenido del set: Cofia de [&hellip;]<\/p>\n","protected":false},"featured_media":27754,"template":"","meta":[],"product_brand":[],"product_cat":[837],"product_tag":[972,940],"class_list":{"0":"post-29120","1":"product","2":"type-product","3":"status-publish","4":"has-post-thumbnail","6":"product_cat-heli-loc-es","7":"product_tag-cofia","8":"product_tag-heli-loc-es","10":"first","11":"instock","12":"taxable","13":"shipping-taxable","14":"purchasable","15":"product-type-simple"},"_links":{"self":[{"href":"https:\/\/shop.heliocos.de\/es\/wp-json\/wp\/v2\/product\/29120","targetHints":{"allow":["GET"]}}],"collection":[{"href":"https:\/\/shop.heliocos.de\/es\/wp-json\/wp\/v2\/product"}],"about":[{"href":"https:\/\/shop.heliocos.de\/es\/wp-json\/wp\/v2\/types\/product"}],"wp:featuredmedia":[{"embeddable":true,"href":"https:\/\/shop.heliocos.de\/es\/wp-json\/wp\/v2\/media\/27754"}],"wp:attachment":[{"href":"https:\/\/shop.heliocos.de\/es\/wp-json\/wp\/v2\/media?parent=29120"}],"wp:term":[{"taxonomy":"product_brand","embeddable":true,"href":"https:\/\/shop.heliocos.de\/es\/wp-json\/wp\/v2\/product_brand?post=29120"},{"taxonomy":"product_cat","embeddable":true,"href":"https:\/\/shop.heliocos.de\/es\/wp-json\/wp\/v2\/product_cat?post=29120"},{"taxonomy":"product_tag","embeddable":true,"href":"https:\/\/shop.heliocos.de\/es\/wp-json\/wp\/v2\/product_tag?post=29120"}],"curies":[{"name":"wp","href":"https:\/\/api.w.org\/{rel}","templated":true}]}}