{"id":29119,"date":"2021-05-27T12:48:53","date_gmt":"2021-05-27T10:48:53","guid":{"rendered":"http:\/\/shop.heliocos.de\/produkt\/sin%20categor\u00eda\/matriz-para-cofia-de-retencion\/"},"modified":"2025-06-23T10:16:13","modified_gmt":"2025-06-23T08:16:13","slug":"matriz-para-cofia-de-retencion","status":"publish","type":"product","link":"https:\/\/shop.heliocos.de\/es\/producto\/heli-loc-es\/matriz-para-cofia-de-retencion\/","title":{"rendered":"Matriz para cofia de retenci\u00f3n"},"content":{"rendered":"<p>Matriz para cofia de retenci\u00f3n fabricada en titanio grado 5.<\/p>\n<p>La matriz se entrega en un juego de 2. El juego no contiene cofias de retenci\u00f3n.<\/p>\n<p>Tenga en cuenta que la matriz solo se puede combinar con los insertos de retenci\u00f3n de Heliocos (por ejemplo, <a href=\"https:\/\/shop.heliocos.de\/de\/produkt\/heli-loc\/retentionseinsatz-mit-pin-lila-18-kg\/\">el inserto de retenci\u00f3n<\/a>). Los insertos de retenci\u00f3n de otros fabricantes no encajan en la matriz.<\/p>\n","protected":false},"excerpt":{"rendered":"<p>Matriz para cofia de retenci\u00f3n fabricada en titanio grado 5. La matriz se entrega en un juego de 2. El juego no contiene cofias de retenci\u00f3n. Tenga en cuenta que la matriz solo se puede combinar con los insertos de retenci\u00f3n de Heliocos (por ejemplo, el inserto de retenci\u00f3n). Los insertos de retenci\u00f3n de otros [&hellip;]<\/p>\n","protected":false},"featured_media":28966,"template":"","meta":[],"product_brand":[],"product_cat":[837],"product_tag":[940],"class_list":{"0":"post-29119","1":"product","2":"type-product","3":"status-publish","4":"has-post-thumbnail","6":"product_cat-heli-loc-es","7":"product_tag-heli-loc-es","9":"first","10":"instock","11":"taxable","12":"shipping-taxable","13":"purchasable","14":"product-type-simple"},"_links":{"self":[{"href":"https:\/\/shop.heliocos.de\/es\/wp-json\/wp\/v2\/product\/29119","targetHints":{"allow":["GET"]}}],"collection":[{"href":"https:\/\/shop.heliocos.de\/es\/wp-json\/wp\/v2\/product"}],"about":[{"href":"https:\/\/shop.heliocos.de\/es\/wp-json\/wp\/v2\/types\/product"}],"wp:featuredmedia":[{"embeddable":true,"href":"https:\/\/shop.heliocos.de\/es\/wp-json\/wp\/v2\/media\/28966"}],"wp:attachment":[{"href":"https:\/\/shop.heliocos.de\/es\/wp-json\/wp\/v2\/media?parent=29119"}],"wp:term":[{"taxonomy":"product_brand","embeddable":true,"href":"https:\/\/shop.heliocos.de\/es\/wp-json\/wp\/v2\/product_brand?post=29119"},{"taxonomy":"product_cat","embeddable":true,"href":"https:\/\/shop.heliocos.de\/es\/wp-json\/wp\/v2\/product_cat?post=29119"},{"taxonomy":"product_tag","embeddable":true,"href":"https:\/\/shop.heliocos.de\/es\/wp-json\/wp\/v2\/product_tag?post=29119"}],"curies":[{"name":"wp","href":"https:\/\/api.w.org\/{rel}","templated":true}]}}