{"id":29105,"date":"2021-05-27T14:33:38","date_gmt":"2021-05-27T12:33:38","guid":{"rendered":"http:\/\/shop.heliocos.de\/produkt\/sin%20categor\u00eda\/transfer-de-impresion-para-pilar-heli-loc-abierto\/"},"modified":"2021-06-23T13:27:23","modified_gmt":"2021-06-23T11:27:23","slug":"transfer-de-impresion-para-pilar-heli-loc-abierto","status":"publish","type":"product","link":"https:\/\/shop.heliocos.de\/es\/producto\/heli-loc-es\/transfer-de-impresion-para-pilar-heli-loc-abierto\/","title":{"rendered":"Transfer de impresi\u00f3n para pilar Heli-Loc (abierto)"},"content":{"rendered":"<p>Transfer de impresi\u00f3n para pilares Heli-Loc (abierta). Los transfers de impresi\u00f3n, incluido el inserto de retenci\u00f3n, tambi\u00e9n se ajustan al Classic Locator\u00ae y Kerator\u00ae.<\/p>\n<p>Juego de 2.<\/p>\n","protected":false},"excerpt":{"rendered":"<p>Transfer de impresi\u00f3n para pilares Heli-Loc (abierta). Los transfers de impresi\u00f3n, incluido el inserto de retenci\u00f3n, tambi\u00e9n se ajustan al Classic Locator\u00ae y Kerator\u00ae. Juego de 2.<\/p>\n","protected":false},"featured_media":27766,"template":"","meta":[],"product_brand":[],"product_cat":[837],"product_tag":[940,907],"class_list":{"0":"post-29105","1":"product","2":"type-product","3":"status-publish","4":"has-post-thumbnail","6":"product_cat-heli-loc-es","7":"product_tag-heli-loc-es","8":"product_tag-pilar-de-impresion","10":"first","11":"instock","12":"taxable","13":"shipping-taxable","14":"purchasable","15":"product-type-simple"},"_links":{"self":[{"href":"https:\/\/shop.heliocos.de\/es\/wp-json\/wp\/v2\/product\/29105","targetHints":{"allow":["GET"]}}],"collection":[{"href":"https:\/\/shop.heliocos.de\/es\/wp-json\/wp\/v2\/product"}],"about":[{"href":"https:\/\/shop.heliocos.de\/es\/wp-json\/wp\/v2\/types\/product"}],"wp:featuredmedia":[{"embeddable":true,"href":"https:\/\/shop.heliocos.de\/es\/wp-json\/wp\/v2\/media\/27766"}],"wp:attachment":[{"href":"https:\/\/shop.heliocos.de\/es\/wp-json\/wp\/v2\/media?parent=29105"}],"wp:term":[{"taxonomy":"product_brand","embeddable":true,"href":"https:\/\/shop.heliocos.de\/es\/wp-json\/wp\/v2\/product_brand?post=29105"},{"taxonomy":"product_cat","embeddable":true,"href":"https:\/\/shop.heliocos.de\/es\/wp-json\/wp\/v2\/product_cat?post=29105"},{"taxonomy":"product_tag","embeddable":true,"href":"https:\/\/shop.heliocos.de\/es\/wp-json\/wp\/v2\/product_tag?post=29105"}],"curies":[{"name":"wp","href":"https:\/\/api.w.org\/{rel}","templated":true}]}}