{"id":28529,"date":"2020-06-30T22:09:50","date_gmt":"2020-06-30T20:09:50","guid":{"rendered":"http:\/\/shop.heliocos.de\/produkt\/sin categor\u00eda\/tornillo-de-laboratorio-para-ankylos\/"},"modified":"2020-06-30T22:09:50","modified_gmt":"2020-06-30T20:09:50","slug":"tornillo-de-laboratorio-para-ankylos","status":"publish","type":"product","link":"https:\/\/shop.heliocos.de\/es\/producto\/dentsply-es\/ankylos-es\/tornillo-de-laboratorio-para-ankylos\/","title":{"rendered":"Tornillo de laboratorio para Ankylos\u00ae"},"content":{"rendered":"<p>Tornillo de laboratorio fabricado en titanio grado 5 con conexi\u00f3n hexagonal 1.01 adecuado para la serie Heliocos DS-AY con codificaci\u00f3n de color amarillo. Los instrumentos originales tambi\u00e9n son compatibles. El producto se entrega sin esterilizar.<\/p>\n<p><strong>Los tornillos de laboratorio y para pilares de Heliocos solo pueden combinarse con pilares Heliocos. No combinar con pilares de otros fabricantes.<\/strong><\/p>\n","protected":false},"excerpt":{"rendered":"<p>Tornillo de laboratorio fabricado en titanio grado 5 con conexi\u00f3n hexagonal 1.01 adecuado para la serie Heliocos DS-AY con codificaci\u00f3n de color amarillo. Los instrumentos originales tambi\u00e9n son compatibles. El producto se entrega sin esterilizar. Los tornillos de laboratorio y para pilares de Heliocos solo pueden combinarse con pilares Heliocos. No combinar con pilares de [&hellip;]<\/p>\n","protected":false},"featured_media":28530,"template":"","meta":[],"product_brand":[],"product_cat":[717],"product_tag":[933],"class_list":{"0":"post-28529","1":"product","2":"type-product","3":"status-publish","4":"has-post-thumbnail","6":"product_cat-ankylos-es","7":"product_tag-tornillo-de-laboratorio","9":"first","10":"instock","11":"taxable","12":"shipping-taxable","13":"purchasable","14":"product-type-simple"},"_links":{"self":[{"href":"https:\/\/shop.heliocos.de\/es\/wp-json\/wp\/v2\/product\/28529","targetHints":{"allow":["GET"]}}],"collection":[{"href":"https:\/\/shop.heliocos.de\/es\/wp-json\/wp\/v2\/product"}],"about":[{"href":"https:\/\/shop.heliocos.de\/es\/wp-json\/wp\/v2\/types\/product"}],"wp:featuredmedia":[{"embeddable":true,"href":"https:\/\/shop.heliocos.de\/es\/wp-json\/wp\/v2\/media\/28530"}],"wp:attachment":[{"href":"https:\/\/shop.heliocos.de\/es\/wp-json\/wp\/v2\/media?parent=28529"}],"wp:term":[{"taxonomy":"product_brand","embeddable":true,"href":"https:\/\/shop.heliocos.de\/es\/wp-json\/wp\/v2\/product_brand?post=28529"},{"taxonomy":"product_cat","embeddable":true,"href":"https:\/\/shop.heliocos.de\/es\/wp-json\/wp\/v2\/product_cat?post=28529"},{"taxonomy":"product_tag","embeddable":true,"href":"https:\/\/shop.heliocos.de\/es\/wp-json\/wp\/v2\/product_tag?post=28529"}],"curies":[{"name":"wp","href":"https:\/\/api.w.org\/{rel}","templated":true}]}}